{"id":3685,"date":"2026-02-09T13:24:09","date_gmt":"2026-02-09T13:24:09","guid":{"rendered":"https:\/\/camping-laplage.emavista.fr\/die-speisekarte-des-restaurants-vom-campingplatz-la-plage-bei-rocamadour-und-padirac-im-dordogne-tal\/"},"modified":"2026-03-30T18:04:41","modified_gmt":"2026-03-30T18:04:41","slug":"die-speisekarte-des-restaurants-vom-campingplatz-la-plage-bei-rocamadour-und-padirac-im-dordogne-tal","status":"publish","type":"page","link":"https:\/\/www.camping-laplage.com\/de\/die-speisekarte-des-restaurants-vom-campingplatz-la-plage-bei-rocamadour-und-padirac-im-dordogne-tal\/","title":{"rendered":"Die Speisekarte des Restaurants vom Campingplatz La Plage bei Rocamadour und Padirac im Dordogne-Tal"},"content":{"rendered":"\t\t<div data-elementor-type=\"wp-page\" data-elementor-id=\"3685\" class=\"elementor elementor-3685 elementor-2374\" data-elementor-post-type=\"page\">\n\t\t\t\t<div class=\"elementor-element elementor-element-2dd6efe e-flex e-con-boxed e-con e-parent\" data-id=\"2dd6efe\" data-element_type=\"container\" data-e-type=\"container\" data-settings=\"{&quot;background_background&quot;:&quot;classic&quot;}\">\n\t\t\t\t\t<div class=\"e-con-inner\">\n\t\t\t\t<div class=\"elementor-element elementor-element-474386c elementor-widget elementor-widget-heading\" data-id=\"474386c\" data-element_type=\"widget\" data-e-type=\"widget\" data-widget_type=\"heading.default\">\n\t\t\t\t<div class=\"elementor-widget-container\">\n\t\t\t\t\t<h1 class=\"elementor-heading-title elementor-size-default\">Unsere Speisekarte<\/h1>\t\t\t\t<\/div>\n\t\t\t\t<\/div>\n\t\t\t\t<div class=\"elementor-element elementor-element-45034b5 elementor-widget elementor-widget-heading\" data-id=\"45034b5\" data-element_type=\"widget\" data-e-type=\"widget\" data-widget_type=\"heading.default\">\n\t\t\t\t<div class=\"elementor-widget-container\">\n\t\t\t\t\t<h2 class=\"elementor-heading-title elementor-size-default\">Der Tisch des Campingplatzes am Ufer der Dordogne<\/h2>\t\t\t\t<\/div>\n\t\t\t\t<\/div>\n\t\t\t\t\t<\/div>\n\t\t\t\t<\/div>\n\t\t<div class=\"elementor-element elementor-element-324cc7a e-con-full e-flex e-con e-parent\" data-id=\"324cc7a\" data-element_type=\"container\" data-e-type=\"container\">\n\t\t\t\t<div class=\"elementor-element elementor-element-2b24f64 elementor-widget elementor-widget-shortcode\" data-id=\"2b24f64\" data-element_type=\"widget\" data-e-type=\"widget\" data-widget_type=\"shortcode.default\">\n\t\t\t\t<div class=\"elementor-widget-container\">\n\t\t\t\t\t\t\t<div class=\"elementor-shortcode\">\t\t<div data-elementor-type=\"section\" data-elementor-id=\"4192\" class=\"elementor elementor-4192 elementor-53 elementor-53\" data-elementor-post-type=\"elementor_library\">\n\t\t\t<div class=\"elementor-element elementor-element-081a621 e-flex e-con-boxed e-con e-parent\" data-id=\"081a621\" data-element_type=\"container\" data-e-type=\"container\" data-settings=\"{&quot;background_background&quot;:&quot;classic&quot;}\">\n\t\t\t\t\t<div class=\"e-con-inner\">\n\t\t\t\t<div class=\"elementor-element elementor-element-59ef112 elementor-widget elementor-widget-html\" data-id=\"59ef112\" data-element_type=\"widget\" data-e-type=\"widget\" data-widget_type=\"html.default\">\n\t\t\t\t<div class=\"elementor-widget-container\">\n\t\t\t\t\t<ctv-searchbar><\/ctv-searchbar><\/ctv-searchbar>\t\t\t\t<\/div>\n\t\t\t\t<\/div>\n\t\t\t\t\t<\/div>\n\t\t\t\t<\/div>\n\t\t\t\t<\/div>\n\t\t<\/div>\n\t\t\t\t\t\t<\/div>\n\t\t\t\t<\/div>\n\t\t\t\t<\/div>\n\t\t<div class=\"elementor-element elementor-element-8763b28 e-flex e-con-boxed e-con e-parent\" data-id=\"8763b28\" data-element_type=\"container\" data-e-type=\"container\" data-settings=\"{&quot;background_background&quot;:&quot;classic&quot;,&quot;shape_divider_bottom&quot;:&quot;waves&quot;}\">\n\t\t\t\t\t<div class=\"e-con-inner\">\n\t\t\t\t<div class=\"elementor-shape elementor-shape-bottom\" aria-hidden=\"true\" data-negative=\"false\">\n\t\t\t<svg xmlns=\"http:\/\/www.w3.org\/2000\/svg\" viewBox=\"0 0 1000 100\" preserveAspectRatio=\"none\">\n\t<path class=\"elementor-shape-fill\" d=\"M421.9,6.5c22.6-2.5,51.5,0.4,75.5,5.3c23.6,4.9,70.9,23.5,100.5,35.7c75.8,32.2,133.7,44.5,192.6,49.7\n\tc23.6,2.1,48.7,3.5,103.4-2.5c54.7-6,106.2-25.6,106.2-25.6V0H0v30.3c0,0,72,32.6,158.4,30.5c39.2-0.7,92.8-6.7,134-22.4\n\tc21.2-8.1,52.2-18.2,79.7-24.2C399.3,7.9,411.6,7.5,421.9,6.5z\"\/>\n<\/svg>\t\t<\/div>\n\t\t\t\t<div class=\"elementor-element elementor-element-a2753a8 elementor-invisible elementor-widget elementor-widget-heading\" data-id=\"a2753a8\" data-element_type=\"widget\" data-e-type=\"widget\" data-settings=\"{&quot;_animation&quot;:&quot;fadeIn&quot;}\" data-widget_type=\"heading.default\">\n\t\t\t\t<div class=\"elementor-widget-container\">\n\t\t\t\t\t<h1 class=\"elementor-heading-title elementor-size-default\">Die Schlemmerkarte des Campingplatzes<\/h1>\t\t\t\t<\/div>\n\t\t\t\t<\/div>\n\t\t\t\t<div class=\"elementor-element elementor-element-5b397b1 elementor-invisible elementor-widget elementor-widget-heading\" data-id=\"5b397b1\" data-element_type=\"widget\" data-e-type=\"widget\" data-settings=\"{&quot;_animation&quot;:&quot;fadeIn&quot;}\" data-widget_type=\"heading.default\">\n\t\t\t\t<div class=\"elementor-widget-container\">\n\t\t\t\t\t<h2 class=\"elementor-heading-title elementor-size-default\">Famili\u00e4re K\u00fcche &amp; hausgemacht<\/h2>\t\t\t\t<\/div>\n\t\t\t\t<\/div>\n\t\t\t\t<div class=\"elementor-element elementor-element-78671b2 elementor-invisible elementor-widget elementor-widget-image\" data-id=\"78671b2\" data-element_type=\"widget\" data-e-type=\"widget\" data-settings=\"{&quot;_animation&quot;:&quot;fadeIn&quot;}\" data-widget_type=\"image.default\">\n\t\t\t\t<div class=\"elementor-widget-container\">\n\t\t\t\t\t\t\t\t\t\t\t\t\t\t\t<img fetchpriority=\"high\" decoding=\"async\" width=\"500\" height=\"500\" src=\"https:\/\/www.camping-laplage.com\/wp-content\/uploads\/2025\/04\/Camping-de-la-plage-dans-le-lot-et-la-vallee-de-dordogne-ornementation-doree.svg\" class=\"attachment-large size-large wp-image-3195\" alt=\"\" \/>\t\t\t\t\t\t\t\t\t\t\t\t\t\t\t<\/div>\n\t\t\t\t<\/div>\n\t\t\t\t<div class=\"elementor-element elementor-element-36bdb20 elementor-widget elementor-widget-shortcode\" data-id=\"36bdb20\" data-element_type=\"widget\" data-e-type=\"widget\" data-widget_type=\"shortcode.default\">\n\t\t\t\t<div class=\"elementor-widget-container\">\n\t\t\t\t\t\t\t<div class=\"elementor-shortcode\"><iframe class=\"pdf-carte\"\n  src=\"https:\/\/www.camping-laplage.com\/wp-content\/uploads\/2026\/02\/Carte-du-Restaurant-du-Camping-la-Plage-Au-bord-de-la-Dordogne-a-Meyronne.pdf#view=FitH&navpanes=0&toolbar=0\"\n><\/iframe><style>.pdf-carte{width:100%; height:1100px; border:0;}\n  @media (max-width:768px){\n    .pdf-carte{height:60vh;}\n  }\n<\/style><\/div>\n\t\t\t\t\t\t<\/div>\n\t\t\t\t<\/div>\n\t\t\t\t<div class=\"elementor-element elementor-element-aa6f625 elementor-widget elementor-widget-spacer\" data-id=\"aa6f625\" data-element_type=\"widget\" data-e-type=\"widget\" data-widget_type=\"spacer.default\">\n\t\t\t\t<div class=\"elementor-widget-container\">\n\t\t\t\t\t\t\t<div class=\"elementor-spacer\">\n\t\t\t<div class=\"elementor-spacer-inner\"><\/div>\n\t\t<\/div>\n\t\t\t\t\t\t<\/div>\n\t\t\t\t<\/div>\n\t\t\t\t<div class=\"elementor-element elementor-element-9328e60 elementor-align-center elementor-widget elementor-widget-button\" data-id=\"9328e60\" data-element_type=\"widget\" data-e-type=\"widget\" data-widget_type=\"button.default\">\n\t\t\t\t<div class=\"elementor-widget-container\">\n\t\t\t\t\t\t\t\t\t<div class=\"elementor-button-wrapper\">\n\t\t\t\t\t<a class=\"elementor-button elementor-button-link elementor-size-sm\" href=\"https:\/\/www.camping-laplage.com\/wp-content\/uploads\/2026\/02\/Carte-du-Restaurant-du-camping-la-Plage-au-bord-de-la-Dordogne-a-Meyronne.zip\">\n\t\t\t\t\t\t<span class=\"elementor-button-content-wrapper\">\n\t\t\t\t\t\t\t\t\t<span class=\"elementor-button-text\">Lade die Speisekarte herunter<\/span>\n\t\t\t\t\t<\/span>\n\t\t\t\t\t<\/a>\n\t\t\t\t<\/div>\n\t\t\t\t\t\t\t\t<\/div>\n\t\t\t\t<\/div>\n\t\t\t\t\t<\/div>\n\t\t\t\t<\/div>\n\t\t\t\t<\/div>\n\t\t","protected":false},"excerpt":{"rendered":"<p>Gastronomie am Ufer der Dordogne in Meyronne \u2013 genie\u00df einen Campingplatz mit Restaurant und Terrasse direkt am Fluss. Regionale K\u00fcche, gesellige Momente, Baden und komfortable Unterk\u00fcnfte unweit von Rocamadour. <\/p>\n","protected":false},"author":1,"featured_media":3357,"parent":0,"menu_order":0,"comment_status":"closed","ping_status":"closed","template":"","meta":{"footnotes":""},"class_list":["post-3685","page","type-page","status-publish","has-post-thumbnail","hentry"],"yoast_head":"<!-- This site is optimized with the Yoast SEO plugin v27.3 - https:\/\/yoast.com\/product\/yoast-seo-wordpress\/ -->\n<title>Speisekarte des Restaurants in der N\u00e4he von Rocamadour und Padirac | Camping La Plage \ud83d\udca6<\/title>\n<meta name=\"description\" content=\"Camping mit Gastronomie am Ufer der Dordogne in Meyronne: Terrasse, Fluss, lokale K\u00fcche, Mobilheime und Stellpl\u00e4tze, Baden und Natur in der N\u00e4he von Rocamadour.\" \/>\n<meta name=\"robots\" content=\"index, follow, max-snippet:-1, max-image-preview:large, max-video-preview:-1\" \/>\n<link rel=\"canonical\" href=\"https:\/\/www.camping-laplage.com\/de\/die-speisekarte-des-restaurants-vom-campingplatz-la-plage-bei-rocamadour-und-padirac-im-dordogne-tal\/\" \/>\n<meta property=\"og:locale\" content=\"de_DE\" \/>\n<meta property=\"og:type\" content=\"article\" \/>\n<meta property=\"og:title\" content=\"Speisekarte des Restaurants in der N\u00e4he von Rocamadour und Padirac | Camping La Plage \ud83d\udca6\" \/>\n<meta property=\"og:description\" content=\"Camping mit Gastronomie am Ufer der Dordogne in Meyronne: Terrasse, Fluss, lokale K\u00fcche, Mobilheime und Stellpl\u00e4tze, Baden und Natur in der N\u00e4he von Rocamadour.\" \/>\n<meta property=\"og:url\" content=\"https:\/\/www.camping-laplage.com\/de\/die-speisekarte-des-restaurants-vom-campingplatz-la-plage-bei-rocamadour-und-padirac-im-dordogne-tal\/\" \/>\n<meta property=\"og:site_name\" content=\"Camping La Plage \u00e0 Meyronne\" \/>\n<meta property=\"article:publisher\" content=\"https:\/\/www.facebook.com\/campinglaplagemeyronne\/\" \/>\n<meta property=\"article:modified_time\" content=\"2026-03-30T18:04:41+00:00\" \/>\n<meta property=\"og:image\" content=\"https:\/\/www.camping-laplage.com\/wp-content\/uploads\/2025\/12\/Camping-La-Plage-a-Meyronne-dans-le-Lot-et-la-Vallee-de-Dordogne-Camping-en-bord-de-Riviere-en-Occitanie-Restauration-Salade.jpg\" \/>\n\t<meta property=\"og:image:width\" content=\"1200\" \/>\n\t<meta property=\"og:image:height\" content=\"900\" \/>\n\t<meta property=\"og:image:type\" content=\"image\/jpeg\" \/>\n<meta name=\"twitter:card\" content=\"summary_large_image\" \/>\n<script type=\"application\/ld+json\" class=\"yoast-schema-graph\">{\"@context\":\"https:\\\/\\\/schema.org\",\"@graph\":[{\"@type\":\"WebPage\",\"@id\":\"https:\\\/\\\/www.camping-laplage.com\\\/de\\\/die-speisekarte-des-restaurants-vom-campingplatz-la-plage-bei-rocamadour-und-padirac-im-dordogne-tal\\\/\",\"url\":\"https:\\\/\\\/www.camping-laplage.com\\\/de\\\/die-speisekarte-des-restaurants-vom-campingplatz-la-plage-bei-rocamadour-und-padirac-im-dordogne-tal\\\/\",\"name\":\"Speisekarte des Restaurants in der N\u00e4he von Rocamadour und Padirac | Camping La Plage \ud83d\udca6\",\"isPartOf\":{\"@id\":\"https:\\\/\\\/www.camping-laplage.com\\\/de\\\/#website\"},\"primaryImageOfPage\":{\"@id\":\"https:\\\/\\\/www.camping-laplage.com\\\/de\\\/die-speisekarte-des-restaurants-vom-campingplatz-la-plage-bei-rocamadour-und-padirac-im-dordogne-tal\\\/#primaryimage\"},\"image\":{\"@id\":\"https:\\\/\\\/www.camping-laplage.com\\\/de\\\/die-speisekarte-des-restaurants-vom-campingplatz-la-plage-bei-rocamadour-und-padirac-im-dordogne-tal\\\/#primaryimage\"},\"thumbnailUrl\":\"https:\\\/\\\/www.camping-laplage.com\\\/wp-content\\\/uploads\\\/2025\\\/12\\\/Camping-La-Plage-a-Meyronne-dans-le-Lot-et-la-Vallee-de-Dordogne-Camping-en-bord-de-Riviere-en-Occitanie-Restauration-Salade.jpg\",\"datePublished\":\"2026-02-09T13:24:09+00:00\",\"dateModified\":\"2026-03-30T18:04:41+00:00\",\"description\":\"Camping mit Gastronomie am Ufer der Dordogne in Meyronne: Terrasse, Fluss, lokale K\u00fcche, Mobilheime und Stellpl\u00e4tze, Baden und Natur in der N\u00e4he von Rocamadour.\",\"breadcrumb\":{\"@id\":\"https:\\\/\\\/www.camping-laplage.com\\\/de\\\/die-speisekarte-des-restaurants-vom-campingplatz-la-plage-bei-rocamadour-und-padirac-im-dordogne-tal\\\/#breadcrumb\"},\"inLanguage\":\"de\",\"potentialAction\":[{\"@type\":\"ReadAction\",\"target\":[\"https:\\\/\\\/www.camping-laplage.com\\\/de\\\/die-speisekarte-des-restaurants-vom-campingplatz-la-plage-bei-rocamadour-und-padirac-im-dordogne-tal\\\/\"]}]},{\"@type\":\"ImageObject\",\"inLanguage\":\"de\",\"@id\":\"https:\\\/\\\/www.camping-laplage.com\\\/de\\\/die-speisekarte-des-restaurants-vom-campingplatz-la-plage-bei-rocamadour-und-padirac-im-dordogne-tal\\\/#primaryimage\",\"url\":\"https:\\\/\\\/www.camping-laplage.com\\\/wp-content\\\/uploads\\\/2025\\\/12\\\/Camping-La-Plage-a-Meyronne-dans-le-Lot-et-la-Vallee-de-Dordogne-Camping-en-bord-de-Riviere-en-Occitanie-Restauration-Salade.jpg\",\"contentUrl\":\"https:\\\/\\\/www.camping-laplage.com\\\/wp-content\\\/uploads\\\/2025\\\/12\\\/Camping-La-Plage-a-Meyronne-dans-le-Lot-et-la-Vallee-de-Dordogne-Camping-en-bord-de-Riviere-en-Occitanie-Restauration-Salade.jpg\",\"width\":1200,\"height\":900,\"caption\":\"Camping mit Gastronomie am Ufer der Dordogne in Meyronne\"},{\"@type\":\"BreadcrumbList\",\"@id\":\"https:\\\/\\\/www.camping-laplage.com\\\/de\\\/die-speisekarte-des-restaurants-vom-campingplatz-la-plage-bei-rocamadour-und-padirac-im-dordogne-tal\\\/#breadcrumb\",\"itemListElement\":[{\"@type\":\"ListItem\",\"position\":1,\"name\":\"Accueil\",\"item\":\"https:\\\/\\\/www.camping-laplage.com\\\/de\\\/\"},{\"@type\":\"ListItem\",\"position\":2,\"name\":\"Die Speisekarte des Restaurants vom Campingplatz La Plage bei Rocamadour und Padirac im Dordogne-Tal\"}]},{\"@type\":\"WebSite\",\"@id\":\"https:\\\/\\\/www.camping-laplage.com\\\/de\\\/#website\",\"url\":\"https:\\\/\\\/www.camping-laplage.com\\\/de\\\/\",\"name\":\"Camping La Plage \u00e0 Meyronne\",\"description\":\"Familles et couples recherchant un camping en Dordogne avec acc\u00e8s direct \u00e0 la rivi\u00e8re pr\u00e8s de Rocamadour pour des vacances nature dans le Lot.\",\"publisher\":{\"@id\":\"https:\\\/\\\/www.camping-laplage.com\\\/de\\\/#organization\"},\"alternateName\":\"Camping La Plage situ\u00e9 au bord de la Dordogne dans le Lot \u00e0 Meyronne, pr\u00e8s de Rocamadour et du Gouffre de Padirac. Le camping propose des emplacements, des mobil-homes et un acc\u00e8s direct \u00e0 la rivi\u00e8re pour les vacances nature et les activit\u00e9s de plein air dans la Vall\u00e9e de la Dordogne.\",\"potentialAction\":[{\"@type\":\"SearchAction\",\"target\":{\"@type\":\"EntryPoint\",\"urlTemplate\":\"https:\\\/\\\/www.camping-laplage.com\\\/de\\\/?s={search_term_string}\"},\"query-input\":{\"@type\":\"PropertyValueSpecification\",\"valueRequired\":true,\"valueName\":\"search_term_string\"}}],\"inLanguage\":\"de\"},{\"@type\":\"Organization\",\"@id\":\"https:\\\/\\\/www.camping-laplage.com\\\/de\\\/#organization\",\"name\":\"Familles et couples recherchant un camping en Dordogne avec acc\u00e8s direct \u00e0 la rivi\u00e8re pr\u00e8s de Rocamadour pour des vacances nature dans le Lot.\",\"alternateName\":\"Camping La Plage situ\u00e9 au bord de la Dordogne dans le Lot \u00e0 Meyronne, pr\u00e8s de Rocamadour et du Gouffre de Padirac. Le camping propose des emplacements, des mobil-homes et un acc\u00e8s direct \u00e0 la rivi\u00e8re pour les vacances nature et les activit\u00e9s de plein air dans la Vall\u00e9e de la Dordogne.\",\"url\":\"https:\\\/\\\/www.camping-laplage.com\\\/de\\\/\",\"logo\":{\"@type\":\"ImageObject\",\"inLanguage\":\"de\",\"@id\":\"https:\\\/\\\/www.camping-laplage.com\\\/de\\\/#\\\/schema\\\/logo\\\/image\\\/\",\"url\":\"https:\\\/\\\/www.camping-laplage.com\\\/wp-content\\\/uploads\\\/2026\\\/02\\\/Camping-la-Plage-au-bord-de-la-Dordogne-Logo.svg\",\"contentUrl\":\"https:\\\/\\\/www.camping-laplage.com\\\/wp-content\\\/uploads\\\/2026\\\/02\\\/Camping-la-Plage-au-bord-de-la-Dordogne-Logo.svg\",\"width\":1125,\"height\":1124,\"caption\":\"Familles et couples recherchant un camping en Dordogne avec acc\u00e8s direct \u00e0 la rivi\u00e8re pr\u00e8s de Rocamadour pour des vacances nature dans le Lot.\"},\"image\":{\"@id\":\"https:\\\/\\\/www.camping-laplage.com\\\/de\\\/#\\\/schema\\\/logo\\\/image\\\/\"},\"sameAs\":[\"https:\\\/\\\/www.facebook.com\\\/campinglaplagemeyronne\\\/\"]}]}<\/script>\n<!-- \/ Yoast SEO plugin. -->","yoast_head_json":{"title":"Speisekarte des Restaurants in der N\u00e4he von Rocamadour und Padirac | Camping La Plage \ud83d\udca6","description":"Camping mit Gastronomie am Ufer der Dordogne in Meyronne: Terrasse, Fluss, lokale K\u00fcche, Mobilheime und Stellpl\u00e4tze, Baden und Natur in der N\u00e4he von Rocamadour.","robots":{"index":"index","follow":"follow","max-snippet":"max-snippet:-1","max-image-preview":"max-image-preview:large","max-video-preview":"max-video-preview:-1"},"canonical":"https:\/\/www.camping-laplage.com\/de\/die-speisekarte-des-restaurants-vom-campingplatz-la-plage-bei-rocamadour-und-padirac-im-dordogne-tal\/","og_locale":"de_DE","og_type":"article","og_title":"Speisekarte des Restaurants in der N\u00e4he von Rocamadour und Padirac | Camping La Plage \ud83d\udca6","og_description":"Camping mit Gastronomie am Ufer der Dordogne in Meyronne: Terrasse, Fluss, lokale K\u00fcche, Mobilheime und Stellpl\u00e4tze, Baden und Natur in der N\u00e4he von Rocamadour.","og_url":"https:\/\/www.camping-laplage.com\/de\/die-speisekarte-des-restaurants-vom-campingplatz-la-plage-bei-rocamadour-und-padirac-im-dordogne-tal\/","og_site_name":"Camping La Plage \u00e0 Meyronne","article_publisher":"https:\/\/www.facebook.com\/campinglaplagemeyronne\/","article_modified_time":"2026-03-30T18:04:41+00:00","og_image":[{"width":1200,"height":900,"url":"https:\/\/www.camping-laplage.com\/wp-content\/uploads\/2025\/12\/Camping-La-Plage-a-Meyronne-dans-le-Lot-et-la-Vallee-de-Dordogne-Camping-en-bord-de-Riviere-en-Occitanie-Restauration-Salade.jpg","type":"image\/jpeg"}],"twitter_card":"summary_large_image","schema":{"@context":"https:\/\/schema.org","@graph":[{"@type":"WebPage","@id":"https:\/\/www.camping-laplage.com\/de\/die-speisekarte-des-restaurants-vom-campingplatz-la-plage-bei-rocamadour-und-padirac-im-dordogne-tal\/","url":"https:\/\/www.camping-laplage.com\/de\/die-speisekarte-des-restaurants-vom-campingplatz-la-plage-bei-rocamadour-und-padirac-im-dordogne-tal\/","name":"Speisekarte des Restaurants in der N\u00e4he von Rocamadour und Padirac | Camping La Plage \ud83d\udca6","isPartOf":{"@id":"https:\/\/www.camping-laplage.com\/de\/#website"},"primaryImageOfPage":{"@id":"https:\/\/www.camping-laplage.com\/de\/die-speisekarte-des-restaurants-vom-campingplatz-la-plage-bei-rocamadour-und-padirac-im-dordogne-tal\/#primaryimage"},"image":{"@id":"https:\/\/www.camping-laplage.com\/de\/die-speisekarte-des-restaurants-vom-campingplatz-la-plage-bei-rocamadour-und-padirac-im-dordogne-tal\/#primaryimage"},"thumbnailUrl":"https:\/\/www.camping-laplage.com\/wp-content\/uploads\/2025\/12\/Camping-La-Plage-a-Meyronne-dans-le-Lot-et-la-Vallee-de-Dordogne-Camping-en-bord-de-Riviere-en-Occitanie-Restauration-Salade.jpg","datePublished":"2026-02-09T13:24:09+00:00","dateModified":"2026-03-30T18:04:41+00:00","description":"Camping mit Gastronomie am Ufer der Dordogne in Meyronne: Terrasse, Fluss, lokale K\u00fcche, Mobilheime und Stellpl\u00e4tze, Baden und Natur in der N\u00e4he von Rocamadour.","breadcrumb":{"@id":"https:\/\/www.camping-laplage.com\/de\/die-speisekarte-des-restaurants-vom-campingplatz-la-plage-bei-rocamadour-und-padirac-im-dordogne-tal\/#breadcrumb"},"inLanguage":"de","potentialAction":[{"@type":"ReadAction","target":["https:\/\/www.camping-laplage.com\/de\/die-speisekarte-des-restaurants-vom-campingplatz-la-plage-bei-rocamadour-und-padirac-im-dordogne-tal\/"]}]},{"@type":"ImageObject","inLanguage":"de","@id":"https:\/\/www.camping-laplage.com\/de\/die-speisekarte-des-restaurants-vom-campingplatz-la-plage-bei-rocamadour-und-padirac-im-dordogne-tal\/#primaryimage","url":"https:\/\/www.camping-laplage.com\/wp-content\/uploads\/2025\/12\/Camping-La-Plage-a-Meyronne-dans-le-Lot-et-la-Vallee-de-Dordogne-Camping-en-bord-de-Riviere-en-Occitanie-Restauration-Salade.jpg","contentUrl":"https:\/\/www.camping-laplage.com\/wp-content\/uploads\/2025\/12\/Camping-La-Plage-a-Meyronne-dans-le-Lot-et-la-Vallee-de-Dordogne-Camping-en-bord-de-Riviere-en-Occitanie-Restauration-Salade.jpg","width":1200,"height":900,"caption":"Camping mit Gastronomie am Ufer der Dordogne in Meyronne"},{"@type":"BreadcrumbList","@id":"https:\/\/www.camping-laplage.com\/de\/die-speisekarte-des-restaurants-vom-campingplatz-la-plage-bei-rocamadour-und-padirac-im-dordogne-tal\/#breadcrumb","itemListElement":[{"@type":"ListItem","position":1,"name":"Accueil","item":"https:\/\/www.camping-laplage.com\/de\/"},{"@type":"ListItem","position":2,"name":"Die Speisekarte des Restaurants vom Campingplatz La Plage bei Rocamadour und Padirac im Dordogne-Tal"}]},{"@type":"WebSite","@id":"https:\/\/www.camping-laplage.com\/de\/#website","url":"https:\/\/www.camping-laplage.com\/de\/","name":"Camping La Plage \u00e0 Meyronne","description":"Familles et couples recherchant un camping en Dordogne avec acc\u00e8s direct \u00e0 la rivi\u00e8re pr\u00e8s de Rocamadour pour des vacances nature dans le Lot.","publisher":{"@id":"https:\/\/www.camping-laplage.com\/de\/#organization"},"alternateName":"Camping La Plage situ\u00e9 au bord de la Dordogne dans le Lot \u00e0 Meyronne, pr\u00e8s de Rocamadour et du Gouffre de Padirac. Le camping propose des emplacements, des mobil-homes et un acc\u00e8s direct \u00e0 la rivi\u00e8re pour les vacances nature et les activit\u00e9s de plein air dans la Vall\u00e9e de la Dordogne.","potentialAction":[{"@type":"SearchAction","target":{"@type":"EntryPoint","urlTemplate":"https:\/\/www.camping-laplage.com\/de\/?s={search_term_string}"},"query-input":{"@type":"PropertyValueSpecification","valueRequired":true,"valueName":"search_term_string"}}],"inLanguage":"de"},{"@type":"Organization","@id":"https:\/\/www.camping-laplage.com\/de\/#organization","name":"Familles et couples recherchant un camping en Dordogne avec acc\u00e8s direct \u00e0 la rivi\u00e8re pr\u00e8s de Rocamadour pour des vacances nature dans le Lot.","alternateName":"Camping La Plage situ\u00e9 au bord de la Dordogne dans le Lot \u00e0 Meyronne, pr\u00e8s de Rocamadour et du Gouffre de Padirac. Le camping propose des emplacements, des mobil-homes et un acc\u00e8s direct \u00e0 la rivi\u00e8re pour les vacances nature et les activit\u00e9s de plein air dans la Vall\u00e9e de la Dordogne.","url":"https:\/\/www.camping-laplage.com\/de\/","logo":{"@type":"ImageObject","inLanguage":"de","@id":"https:\/\/www.camping-laplage.com\/de\/#\/schema\/logo\/image\/","url":"https:\/\/www.camping-laplage.com\/wp-content\/uploads\/2026\/02\/Camping-la-Plage-au-bord-de-la-Dordogne-Logo.svg","contentUrl":"https:\/\/www.camping-laplage.com\/wp-content\/uploads\/2026\/02\/Camping-la-Plage-au-bord-de-la-Dordogne-Logo.svg","width":1125,"height":1124,"caption":"Familles et couples recherchant un camping en Dordogne avec acc\u00e8s direct \u00e0 la rivi\u00e8re pr\u00e8s de Rocamadour pour des vacances nature dans le Lot."},"image":{"@id":"https:\/\/www.camping-laplage.com\/de\/#\/schema\/logo\/image\/"},"sameAs":["https:\/\/www.facebook.com\/campinglaplagemeyronne\/"]}]}},"_links":{"self":[{"href":"https:\/\/www.camping-laplage.com\/de\/wp-json\/wp\/v2\/pages\/3685","targetHints":{"allow":["GET"]}}],"collection":[{"href":"https:\/\/www.camping-laplage.com\/de\/wp-json\/wp\/v2\/pages"}],"about":[{"href":"https:\/\/www.camping-laplage.com\/de\/wp-json\/wp\/v2\/types\/page"}],"author":[{"embeddable":true,"href":"https:\/\/www.camping-laplage.com\/de\/wp-json\/wp\/v2\/users\/1"}],"replies":[{"embeddable":true,"href":"https:\/\/www.camping-laplage.com\/de\/wp-json\/wp\/v2\/comments?post=3685"}],"version-history":[{"count":0,"href":"https:\/\/www.camping-laplage.com\/de\/wp-json\/wp\/v2\/pages\/3685\/revisions"}],"wp:featuredmedia":[{"embeddable":true,"href":"https:\/\/www.camping-laplage.com\/de\/wp-json\/wp\/v2\/media\/3357"}],"wp:attachment":[{"href":"https:\/\/www.camping-laplage.com\/de\/wp-json\/wp\/v2\/media?parent=3685"}],"curies":[{"name":"wp","href":"https:\/\/api.w.org\/{rel}","templated":true}]}}