{"id":4053,"date":"2025-04-25T13:11:17","date_gmt":"2025-04-25T13:11:17","guid":{"rendered":"https:\/\/www.camping-laplage.com\/besuche-das-dordogne-tal-vom-campingplatz-la-plage-aus-in-der-naehe-von-rocamadour-und-padirac-in-okzitanien\/"},"modified":"2026-03-30T18:16:07","modified_gmt":"2026-03-30T18:16:07","slug":"besuche-das-dordogne-tal-vom-campingplatz-la-plage-aus-in-der-naehe-von-rocamadour-und-padirac-in-okzitanien","status":"publish","type":"page","link":"https:\/\/www.camping-laplage.com\/de\/besuche-das-dordogne-tal-vom-campingplatz-la-plage-aus-in-der-naehe-von-rocamadour-und-padirac-in-okzitanien\/","title":{"rendered":"Besuche das Dordogne-Tal vom Campingplatz La Plage aus, in der N\u00e4he von Rocamadour und Padirac in Okzitanien"},"content":{"rendered":"\t\t<div data-elementor-type=\"wp-page\" data-elementor-id=\"4053\" class=\"elementor elementor-4053 elementor-615\" data-elementor-post-type=\"page\">\n\t\t\t\t<div class=\"elementor-element elementor-element-273799a e-flex e-con-boxed e-con e-parent\" data-id=\"273799a\" data-element_type=\"container\" data-e-type=\"container\" data-settings=\"{&quot;background_background&quot;:&quot;classic&quot;}\">\n\t\t\t\t\t<div class=\"e-con-inner\">\n\t\t\t\t<div class=\"elementor-element elementor-element-e30f746 elementor-widget elementor-widget-heading\" data-id=\"e30f746\" data-element_type=\"widget\" data-e-type=\"widget\" data-widget_type=\"heading.default\">\n\t\t\t\t<div class=\"elementor-widget-container\">\n\t\t\t\t\t<h1 class=\"elementor-heading-title elementor-size-default\">Der virtuelle Rundgang<\/h1>\t\t\t\t<\/div>\n\t\t\t\t<\/div>\n\t\t\t\t<div class=\"elementor-element elementor-element-d0a5f29 elementor-widget elementor-widget-heading\" data-id=\"d0a5f29\" data-element_type=\"widget\" data-e-type=\"widget\" data-widget_type=\"heading.default\">\n\t\t\t\t<div class=\"elementor-widget-container\">\n\t\t\t\t\t<h2 class=\"elementor-heading-title elementor-size-default\">Entdecke den Campingplatz La Plage in Meyronne<\/h2>\t\t\t\t<\/div>\n\t\t\t\t<\/div>\n\t\t\t\t\t<\/div>\n\t\t\t\t<\/div>\n\t\t<div class=\"elementor-element elementor-element-15699c5 e-flex e-con-boxed e-con e-parent\" data-id=\"15699c5\" data-element_type=\"container\" data-e-type=\"container\" data-settings=\"{&quot;background_background&quot;:&quot;classic&quot;}\">\n\t\t\t\t\t<div class=\"e-con-inner\">\n\t\t\t\t<div class=\"elementor-element elementor-element-d5f2f67 elementor-invisible elementor-widget elementor-widget-heading\" data-id=\"d5f2f67\" data-element_type=\"widget\" data-e-type=\"widget\" data-settings=\"{&quot;_animation&quot;:&quot;fadeIn&quot;}\" data-widget_type=\"heading.default\">\n\t\t\t\t<div class=\"elementor-widget-container\">\n\t\t\t\t\t<p class=\"elementor-heading-title elementor-size-default\">Der virtuelle Rundgang<\/p>\t\t\t\t<\/div>\n\t\t\t\t<\/div>\n\t\t\t\t<div class=\"elementor-element elementor-element-7da28d9 elementor-invisible elementor-widget elementor-widget-heading\" data-id=\"7da28d9\" data-element_type=\"widget\" data-e-type=\"widget\" data-settings=\"{&quot;_animation&quot;:&quot;fadeIn&quot;}\" data-widget_type=\"heading.default\">\n\t\t\t\t<div class=\"elementor-widget-container\">\n\t\t\t\t\t<h2 class=\"elementor-heading-title elementor-size-default\">Aktivit\u00e4ten, Baden und Entspannung<\/h2>\t\t\t\t<\/div>\n\t\t\t\t<\/div>\n\t\t\t\t<div class=\"elementor-element elementor-element-66807cc elementor-invisible elementor-widget elementor-widget-image\" data-id=\"66807cc\" data-element_type=\"widget\" data-e-type=\"widget\" data-settings=\"{&quot;_animation&quot;:&quot;fadeIn&quot;}\" data-widget_type=\"image.default\">\n\t\t\t\t<div class=\"elementor-widget-container\">\n\t\t\t\t\t\t\t\t\t\t\t\t\t\t\t<img fetchpriority=\"high\" decoding=\"async\" width=\"500\" height=\"500\" src=\"https:\/\/www.camping-laplage.com\/wp-content\/uploads\/2025\/04\/Camping-de-la-plage-dans-le-lot-et-la-vallee-de-dordogne-ornementation-doree.svg\" class=\"attachment-large size-large wp-image-3195\" alt=\"\" \/>\t\t\t\t\t\t\t\t\t\t\t\t\t\t\t<\/div>\n\t\t\t\t<\/div>\n\t\t\t\t<div class=\"elementor-element elementor-element-9996c1a elementor-widget__width-initial elementor-widget elementor-widget-text-editor\" data-id=\"9996c1a\" data-element_type=\"widget\" data-e-type=\"widget\" data-widget_type=\"text-editor.default\">\n\t\t\t\t<div class=\"elementor-widget-container\">\n\t\t\t\t\t\t\t\t\t<div>Tauche ein in das Herz unseres <strong data-start=\"234\" data-end=\"254\">familienfreundlichen Campingplatzes<\/strong> am Ufer der Dordogne und erkunde <strong data-start=\"287\" data-end=\"321\">den Campingplatz La Plage in Meyronne<\/strong> dank unseres <strong data-start=\"336\" data-end=\"366\">immersiven virtuellen Rundgangs<\/strong>. Viel aussagekr\u00e4ftiger als einfache Fotos, bietet er dir einen vollst\u00e4ndigen \u00dcberblick \u00fcber unsere <strong data-start=\"453\" data-end=\"478\">ger\u00e4umigen Stellpl\u00e4tze<\/strong>, unsere <strong data-start=\"487\" data-end=\"515\">komfortablen Mietunterk\u00fcnfte<\/strong> und unseren <strong data-start=\"528\" data-end=\"558\">direkten Zugang zur Dordogne<\/strong>. <\/div><div><p data-start=\"851\" data-end=\"918\"><strong data-start=\"851\" data-end=\"918\">Viel Spa\u00df beim Rundgang und bis bald auf dem Campingplatz La Plage in Meyronne!<\/strong><\/p><\/div>\t\t\t\t\t\t\t\t<\/div>\n\t\t\t\t<\/div>\n\t\t\t\t<div class=\"elementor-element elementor-element-521beb9 elementor-widget elementor-widget-html\" data-id=\"521beb9\" data-element_type=\"widget\" data-e-type=\"widget\" data-widget_type=\"html.default\">\n\t\t\t\t<div class=\"elementor-widget-container\">\n\t\t\t\t\t<iframe src=\"https:\/\/tourmkr.com\/F1vZ6eN3qb\/12474292p&amp;315.99h&amp;86.54t\" width=\"100%\" height=\"600\" frameborder=\"0\" allowfullscreen=\"\" style=\"border:0;\">\n<\/iframe>\n\t\t\t\t<\/div>\n\t\t\t\t<\/div>\n\t\t\t\t\t<\/div>\n\t\t\t\t<\/div>\n\t\t\t\t<\/div>\n\t\t","protected":false},"excerpt":{"rendered":"<p>Der virtuelle Rundgang Entdecke den Campingplatz La Plage in Meyronne Der virtuelle Rundgang Aktivit\u00e4ten, Baden und Entspannung Tauche ein in das Herz unseres familienfreundlichen Campingplatzes am Ufer der Dordogne und erkunde den Campingplatz La Plage in Meyronne dank unseres immersiven virtuellen Rundgangs. Viel aussagekr\u00e4ftiger als einfache Fotos, bietet er dir einen vollst\u00e4ndigen \u00dcberblick \u00fcber unsere [&hellip;]<\/p>\n","protected":false},"author":1,"featured_media":3310,"parent":0,"menu_order":0,"comment_status":"closed","ping_status":"closed","template":"","meta":{"footnotes":""},"class_list":["post-4053","page","type-page","status-publish","has-post-thumbnail","hentry"],"yoast_head":"<!-- This site is optimized with the Yoast SEO plugin v27.3 - https:\/\/yoast.com\/product\/yoast-seo-wordpress\/ -->\n<title>Virtueller Rundgang Campingplatz bei Rocamadour | Camping La Plage \ud83d\udca6<\/title>\n<meta name=\"description\" content=\"Erkunde den Campingplatz La Plage in Meyronne bei Rocamadour und Padirac dank unseres virtuellen Rundgangs.\" \/>\n<meta name=\"robots\" content=\"index, follow, max-snippet:-1, max-image-preview:large, max-video-preview:-1\" \/>\n<link rel=\"canonical\" href=\"https:\/\/www.camping-laplage.com\/de\/besuche-das-dordogne-tal-vom-campingplatz-la-plage-aus-in-der-naehe-von-rocamadour-und-padirac-in-okzitanien\/\" \/>\n<meta property=\"og:locale\" content=\"de_DE\" \/>\n<meta property=\"og:type\" content=\"article\" \/>\n<meta property=\"og:title\" content=\"Virtueller Rundgang Campingplatz bei Rocamadour | Camping La Plage \ud83d\udca6\" \/>\n<meta property=\"og:description\" content=\"Erkunde den Campingplatz La Plage in Meyronne bei Rocamadour und Padirac dank unseres virtuellen Rundgangs.\" \/>\n<meta property=\"og:url\" content=\"https:\/\/www.camping-laplage.com\/de\/besuche-das-dordogne-tal-vom-campingplatz-la-plage-aus-in-der-naehe-von-rocamadour-und-padirac-in-okzitanien\/\" \/>\n<meta property=\"og:site_name\" content=\"Camping La Plage \u00e0 Meyronne\" \/>\n<meta property=\"article:publisher\" content=\"https:\/\/www.facebook.com\/campinglaplagemeyronne\/\" \/>\n<meta property=\"article:modified_time\" content=\"2026-03-30T18:16:07+00:00\" \/>\n<meta property=\"og:image\" content=\"https:\/\/www.camping-laplage.com\/wp-content\/uploads\/2025\/04\/Accueil-camping-cars-dans-Le-Lot-Camping-La-Plage-a-Meyronne-dans-le-Lot-et-la-Vallee-de-Dordogne-Camping-en-bord-de-Riviere-en-Occitanie-4.webp\" \/>\n\t<meta property=\"og:image:width\" content=\"800\" \/>\n\t<meta property=\"og:image:height\" content=\"600\" \/>\n\t<meta property=\"og:image:type\" content=\"image\/webp\" \/>\n<meta name=\"twitter:card\" content=\"summary_large_image\" \/>\n<script type=\"application\/ld+json\" class=\"yoast-schema-graph\">{\"@context\":\"https:\\\/\\\/schema.org\",\"@graph\":[{\"@type\":\"WebPage\",\"@id\":\"https:\\\/\\\/www.camping-laplage.com\\\/de\\\/besuche-das-dordogne-tal-vom-campingplatz-la-plage-aus-in-der-naehe-von-rocamadour-und-padirac-in-okzitanien\\\/\",\"url\":\"https:\\\/\\\/www.camping-laplage.com\\\/de\\\/besuche-das-dordogne-tal-vom-campingplatz-la-plage-aus-in-der-naehe-von-rocamadour-und-padirac-in-okzitanien\\\/\",\"name\":\"Virtueller Rundgang Campingplatz bei Rocamadour | Camping La Plage \ud83d\udca6\",\"isPartOf\":{\"@id\":\"https:\\\/\\\/www.camping-laplage.com\\\/de\\\/#website\"},\"primaryImageOfPage\":{\"@id\":\"https:\\\/\\\/www.camping-laplage.com\\\/de\\\/besuche-das-dordogne-tal-vom-campingplatz-la-plage-aus-in-der-naehe-von-rocamadour-und-padirac-in-okzitanien\\\/#primaryimage\"},\"image\":{\"@id\":\"https:\\\/\\\/www.camping-laplage.com\\\/de\\\/besuche-das-dordogne-tal-vom-campingplatz-la-plage-aus-in-der-naehe-von-rocamadour-und-padirac-in-okzitanien\\\/#primaryimage\"},\"thumbnailUrl\":\"https:\\\/\\\/www.camping-laplage.com\\\/wp-content\\\/uploads\\\/2025\\\/04\\\/Accueil-camping-cars-dans-Le-Lot-Camping-La-Plage-a-Meyronne-dans-le-Lot-et-la-Vallee-de-Dordogne-Camping-en-bord-de-Riviere-en-Occitanie-4.webp\",\"datePublished\":\"2025-04-25T13:11:17+00:00\",\"dateModified\":\"2026-03-30T18:16:07+00:00\",\"description\":\"Erkunde den Campingplatz La Plage in Meyronne bei Rocamadour und Padirac dank unseres virtuellen Rundgangs.\",\"breadcrumb\":{\"@id\":\"https:\\\/\\\/www.camping-laplage.com\\\/de\\\/besuche-das-dordogne-tal-vom-campingplatz-la-plage-aus-in-der-naehe-von-rocamadour-und-padirac-in-okzitanien\\\/#breadcrumb\"},\"inLanguage\":\"de\",\"potentialAction\":[{\"@type\":\"ReadAction\",\"target\":[\"https:\\\/\\\/www.camping-laplage.com\\\/de\\\/besuche-das-dordogne-tal-vom-campingplatz-la-plage-aus-in-der-naehe-von-rocamadour-und-padirac-in-okzitanien\\\/\"]}]},{\"@type\":\"ImageObject\",\"inLanguage\":\"de\",\"@id\":\"https:\\\/\\\/www.camping-laplage.com\\\/de\\\/besuche-das-dordogne-tal-vom-campingplatz-la-plage-aus-in-der-naehe-von-rocamadour-und-padirac-in-okzitanien\\\/#primaryimage\",\"url\":\"https:\\\/\\\/www.camping-laplage.com\\\/wp-content\\\/uploads\\\/2025\\\/04\\\/Accueil-camping-cars-dans-Le-Lot-Camping-La-Plage-a-Meyronne-dans-le-Lot-et-la-Vallee-de-Dordogne-Camping-en-bord-de-Riviere-en-Occitanie-4.webp\",\"contentUrl\":\"https:\\\/\\\/www.camping-laplage.com\\\/wp-content\\\/uploads\\\/2025\\\/04\\\/Accueil-camping-cars-dans-Le-Lot-Camping-La-Plage-a-Meyronne-dans-le-Lot-et-la-Vallee-de-Dordogne-Camping-en-bord-de-Riviere-en-Occitanie-4.webp\",\"width\":800,\"height\":600},{\"@type\":\"BreadcrumbList\",\"@id\":\"https:\\\/\\\/www.camping-laplage.com\\\/de\\\/besuche-das-dordogne-tal-vom-campingplatz-la-plage-aus-in-der-naehe-von-rocamadour-und-padirac-in-okzitanien\\\/#breadcrumb\",\"itemListElement\":[{\"@type\":\"ListItem\",\"position\":1,\"name\":\"Accueil\",\"item\":\"https:\\\/\\\/www.camping-laplage.com\\\/de\\\/\"},{\"@type\":\"ListItem\",\"position\":2,\"name\":\"Besuche das Dordogne-Tal vom Campingplatz La Plage aus, in der N\u00e4he von Rocamadour und Padirac in Okzitanien\"}]},{\"@type\":\"WebSite\",\"@id\":\"https:\\\/\\\/www.camping-laplage.com\\\/de\\\/#website\",\"url\":\"https:\\\/\\\/www.camping-laplage.com\\\/de\\\/\",\"name\":\"Camping La Plage \u00e0 Meyronne\",\"description\":\"Familles et couples recherchant un camping en Dordogne avec acc\u00e8s direct \u00e0 la rivi\u00e8re pr\u00e8s de Rocamadour pour des vacances nature dans le Lot.\",\"publisher\":{\"@id\":\"https:\\\/\\\/www.camping-laplage.com\\\/de\\\/#organization\"},\"alternateName\":\"Camping La Plage situ\u00e9 au bord de la Dordogne dans le Lot \u00e0 Meyronne, pr\u00e8s de Rocamadour et du Gouffre de Padirac. Le camping propose des emplacements, des mobil-homes et un acc\u00e8s direct \u00e0 la rivi\u00e8re pour les vacances nature et les activit\u00e9s de plein air dans la Vall\u00e9e de la Dordogne.\",\"potentialAction\":[{\"@type\":\"SearchAction\",\"target\":{\"@type\":\"EntryPoint\",\"urlTemplate\":\"https:\\\/\\\/www.camping-laplage.com\\\/de\\\/?s={search_term_string}\"},\"query-input\":{\"@type\":\"PropertyValueSpecification\",\"valueRequired\":true,\"valueName\":\"search_term_string\"}}],\"inLanguage\":\"de\"},{\"@type\":\"Organization\",\"@id\":\"https:\\\/\\\/www.camping-laplage.com\\\/de\\\/#organization\",\"name\":\"Familles et couples recherchant un camping en Dordogne avec acc\u00e8s direct \u00e0 la rivi\u00e8re pr\u00e8s de Rocamadour pour des vacances nature dans le Lot.\",\"alternateName\":\"Camping La Plage situ\u00e9 au bord de la Dordogne dans le Lot \u00e0 Meyronne, pr\u00e8s de Rocamadour et du Gouffre de Padirac. Le camping propose des emplacements, des mobil-homes et un acc\u00e8s direct \u00e0 la rivi\u00e8re pour les vacances nature et les activit\u00e9s de plein air dans la Vall\u00e9e de la Dordogne.\",\"url\":\"https:\\\/\\\/www.camping-laplage.com\\\/de\\\/\",\"logo\":{\"@type\":\"ImageObject\",\"inLanguage\":\"de\",\"@id\":\"https:\\\/\\\/www.camping-laplage.com\\\/de\\\/#\\\/schema\\\/logo\\\/image\\\/\",\"url\":\"https:\\\/\\\/www.camping-laplage.com\\\/wp-content\\\/uploads\\\/2026\\\/02\\\/Camping-la-Plage-au-bord-de-la-Dordogne-Logo.svg\",\"contentUrl\":\"https:\\\/\\\/www.camping-laplage.com\\\/wp-content\\\/uploads\\\/2026\\\/02\\\/Camping-la-Plage-au-bord-de-la-Dordogne-Logo.svg\",\"width\":1125,\"height\":1124,\"caption\":\"Familles et couples recherchant un camping en Dordogne avec acc\u00e8s direct \u00e0 la rivi\u00e8re pr\u00e8s de Rocamadour pour des vacances nature dans le Lot.\"},\"image\":{\"@id\":\"https:\\\/\\\/www.camping-laplage.com\\\/de\\\/#\\\/schema\\\/logo\\\/image\\\/\"},\"sameAs\":[\"https:\\\/\\\/www.facebook.com\\\/campinglaplagemeyronne\\\/\"]}]}<\/script>\n<!-- \/ Yoast SEO plugin. -->","yoast_head_json":{"title":"Virtueller Rundgang Campingplatz bei Rocamadour | Camping La Plage \ud83d\udca6","description":"Erkunde den Campingplatz La Plage in Meyronne bei Rocamadour und Padirac dank unseres virtuellen Rundgangs.","robots":{"index":"index","follow":"follow","max-snippet":"max-snippet:-1","max-image-preview":"max-image-preview:large","max-video-preview":"max-video-preview:-1"},"canonical":"https:\/\/www.camping-laplage.com\/de\/besuche-das-dordogne-tal-vom-campingplatz-la-plage-aus-in-der-naehe-von-rocamadour-und-padirac-in-okzitanien\/","og_locale":"de_DE","og_type":"article","og_title":"Virtueller Rundgang Campingplatz bei Rocamadour | Camping La Plage \ud83d\udca6","og_description":"Erkunde den Campingplatz La Plage in Meyronne bei Rocamadour und Padirac dank unseres virtuellen Rundgangs.","og_url":"https:\/\/www.camping-laplage.com\/de\/besuche-das-dordogne-tal-vom-campingplatz-la-plage-aus-in-der-naehe-von-rocamadour-und-padirac-in-okzitanien\/","og_site_name":"Camping La Plage \u00e0 Meyronne","article_publisher":"https:\/\/www.facebook.com\/campinglaplagemeyronne\/","article_modified_time":"2026-03-30T18:16:07+00:00","og_image":[{"width":800,"height":600,"url":"https:\/\/www.camping-laplage.com\/wp-content\/uploads\/2025\/04\/Accueil-camping-cars-dans-Le-Lot-Camping-La-Plage-a-Meyronne-dans-le-Lot-et-la-Vallee-de-Dordogne-Camping-en-bord-de-Riviere-en-Occitanie-4.webp","type":"image\/webp"}],"twitter_card":"summary_large_image","schema":{"@context":"https:\/\/schema.org","@graph":[{"@type":"WebPage","@id":"https:\/\/www.camping-laplage.com\/de\/besuche-das-dordogne-tal-vom-campingplatz-la-plage-aus-in-der-naehe-von-rocamadour-und-padirac-in-okzitanien\/","url":"https:\/\/www.camping-laplage.com\/de\/besuche-das-dordogne-tal-vom-campingplatz-la-plage-aus-in-der-naehe-von-rocamadour-und-padirac-in-okzitanien\/","name":"Virtueller Rundgang Campingplatz bei Rocamadour | Camping La Plage \ud83d\udca6","isPartOf":{"@id":"https:\/\/www.camping-laplage.com\/de\/#website"},"primaryImageOfPage":{"@id":"https:\/\/www.camping-laplage.com\/de\/besuche-das-dordogne-tal-vom-campingplatz-la-plage-aus-in-der-naehe-von-rocamadour-und-padirac-in-okzitanien\/#primaryimage"},"image":{"@id":"https:\/\/www.camping-laplage.com\/de\/besuche-das-dordogne-tal-vom-campingplatz-la-plage-aus-in-der-naehe-von-rocamadour-und-padirac-in-okzitanien\/#primaryimage"},"thumbnailUrl":"https:\/\/www.camping-laplage.com\/wp-content\/uploads\/2025\/04\/Accueil-camping-cars-dans-Le-Lot-Camping-La-Plage-a-Meyronne-dans-le-Lot-et-la-Vallee-de-Dordogne-Camping-en-bord-de-Riviere-en-Occitanie-4.webp","datePublished":"2025-04-25T13:11:17+00:00","dateModified":"2026-03-30T18:16:07+00:00","description":"Erkunde den Campingplatz La Plage in Meyronne bei Rocamadour und Padirac dank unseres virtuellen Rundgangs.","breadcrumb":{"@id":"https:\/\/www.camping-laplage.com\/de\/besuche-das-dordogne-tal-vom-campingplatz-la-plage-aus-in-der-naehe-von-rocamadour-und-padirac-in-okzitanien\/#breadcrumb"},"inLanguage":"de","potentialAction":[{"@type":"ReadAction","target":["https:\/\/www.camping-laplage.com\/de\/besuche-das-dordogne-tal-vom-campingplatz-la-plage-aus-in-der-naehe-von-rocamadour-und-padirac-in-okzitanien\/"]}]},{"@type":"ImageObject","inLanguage":"de","@id":"https:\/\/www.camping-laplage.com\/de\/besuche-das-dordogne-tal-vom-campingplatz-la-plage-aus-in-der-naehe-von-rocamadour-und-padirac-in-okzitanien\/#primaryimage","url":"https:\/\/www.camping-laplage.com\/wp-content\/uploads\/2025\/04\/Accueil-camping-cars-dans-Le-Lot-Camping-La-Plage-a-Meyronne-dans-le-Lot-et-la-Vallee-de-Dordogne-Camping-en-bord-de-Riviere-en-Occitanie-4.webp","contentUrl":"https:\/\/www.camping-laplage.com\/wp-content\/uploads\/2025\/04\/Accueil-camping-cars-dans-Le-Lot-Camping-La-Plage-a-Meyronne-dans-le-Lot-et-la-Vallee-de-Dordogne-Camping-en-bord-de-Riviere-en-Occitanie-4.webp","width":800,"height":600},{"@type":"BreadcrumbList","@id":"https:\/\/www.camping-laplage.com\/de\/besuche-das-dordogne-tal-vom-campingplatz-la-plage-aus-in-der-naehe-von-rocamadour-und-padirac-in-okzitanien\/#breadcrumb","itemListElement":[{"@type":"ListItem","position":1,"name":"Accueil","item":"https:\/\/www.camping-laplage.com\/de\/"},{"@type":"ListItem","position":2,"name":"Besuche das Dordogne-Tal vom Campingplatz La Plage aus, in der N\u00e4he von Rocamadour und Padirac in Okzitanien"}]},{"@type":"WebSite","@id":"https:\/\/www.camping-laplage.com\/de\/#website","url":"https:\/\/www.camping-laplage.com\/de\/","name":"Camping La Plage \u00e0 Meyronne","description":"Familles et couples recherchant un camping en Dordogne avec acc\u00e8s direct \u00e0 la rivi\u00e8re pr\u00e8s de Rocamadour pour des vacances nature dans le Lot.","publisher":{"@id":"https:\/\/www.camping-laplage.com\/de\/#organization"},"alternateName":"Camping La Plage situ\u00e9 au bord de la Dordogne dans le Lot \u00e0 Meyronne, pr\u00e8s de Rocamadour et du Gouffre de Padirac. Le camping propose des emplacements, des mobil-homes et un acc\u00e8s direct \u00e0 la rivi\u00e8re pour les vacances nature et les activit\u00e9s de plein air dans la Vall\u00e9e de la Dordogne.","potentialAction":[{"@type":"SearchAction","target":{"@type":"EntryPoint","urlTemplate":"https:\/\/www.camping-laplage.com\/de\/?s={search_term_string}"},"query-input":{"@type":"PropertyValueSpecification","valueRequired":true,"valueName":"search_term_string"}}],"inLanguage":"de"},{"@type":"Organization","@id":"https:\/\/www.camping-laplage.com\/de\/#organization","name":"Familles et couples recherchant un camping en Dordogne avec acc\u00e8s direct \u00e0 la rivi\u00e8re pr\u00e8s de Rocamadour pour des vacances nature dans le Lot.","alternateName":"Camping La Plage situ\u00e9 au bord de la Dordogne dans le Lot \u00e0 Meyronne, pr\u00e8s de Rocamadour et du Gouffre de Padirac. Le camping propose des emplacements, des mobil-homes et un acc\u00e8s direct \u00e0 la rivi\u00e8re pour les vacances nature et les activit\u00e9s de plein air dans la Vall\u00e9e de la Dordogne.","url":"https:\/\/www.camping-laplage.com\/de\/","logo":{"@type":"ImageObject","inLanguage":"de","@id":"https:\/\/www.camping-laplage.com\/de\/#\/schema\/logo\/image\/","url":"https:\/\/www.camping-laplage.com\/wp-content\/uploads\/2026\/02\/Camping-la-Plage-au-bord-de-la-Dordogne-Logo.svg","contentUrl":"https:\/\/www.camping-laplage.com\/wp-content\/uploads\/2026\/02\/Camping-la-Plage-au-bord-de-la-Dordogne-Logo.svg","width":1125,"height":1124,"caption":"Familles et couples recherchant un camping en Dordogne avec acc\u00e8s direct \u00e0 la rivi\u00e8re pr\u00e8s de Rocamadour pour des vacances nature dans le Lot."},"image":{"@id":"https:\/\/www.camping-laplage.com\/de\/#\/schema\/logo\/image\/"},"sameAs":["https:\/\/www.facebook.com\/campinglaplagemeyronne\/"]}]}},"_links":{"self":[{"href":"https:\/\/www.camping-laplage.com\/de\/wp-json\/wp\/v2\/pages\/4053","targetHints":{"allow":["GET"]}}],"collection":[{"href":"https:\/\/www.camping-laplage.com\/de\/wp-json\/wp\/v2\/pages"}],"about":[{"href":"https:\/\/www.camping-laplage.com\/de\/wp-json\/wp\/v2\/types\/page"}],"author":[{"embeddable":true,"href":"https:\/\/www.camping-laplage.com\/de\/wp-json\/wp\/v2\/users\/1"}],"replies":[{"embeddable":true,"href":"https:\/\/www.camping-laplage.com\/de\/wp-json\/wp\/v2\/comments?post=4053"}],"version-history":[{"count":0,"href":"https:\/\/www.camping-laplage.com\/de\/wp-json\/wp\/v2\/pages\/4053\/revisions"}],"wp:featuredmedia":[{"embeddable":true,"href":"https:\/\/www.camping-laplage.com\/de\/wp-json\/wp\/v2\/media\/3310"}],"wp:attachment":[{"href":"https:\/\/www.camping-laplage.com\/de\/wp-json\/wp\/v2\/media?parent=4053"}],"curies":[{"name":"wp","href":"https:\/\/api.w.org\/{rel}","templated":true}]}}