{"id":4036,"date":"2025-04-24T14:27:33","date_gmt":"2025-04-24T14:27:33","guid":{"rendered":"https:\/\/www.camping-laplage.com\/privacy-policy\/"},"modified":"2026-03-30T17:49:08","modified_gmt":"2026-03-30T17:49:08","slug":"privacy-policy","status":"publish","type":"page","link":"https:\/\/www.camping-laplage.com\/en\/privacy-policy\/","title":{"rendered":"Privacy Policy"},"content":{"rendered":"\t\t<div data-elementor-type=\"wp-page\" data-elementor-id=\"4036\" class=\"elementor elementor-4036 elementor-398\" data-elementor-post-type=\"page\">\n\t\t\t\t<div class=\"elementor-element elementor-element-54545fd e-flex e-con-boxed e-con e-parent\" data-id=\"54545fd\" data-element_type=\"container\" data-e-type=\"container\" data-settings=\"{&quot;background_background&quot;:&quot;classic&quot;}\">\n\t\t\t\t\t<div class=\"e-con-inner\">\n\t\t\t\t\t<\/div>\n\t\t\t\t<\/div>\n\t\t<div class=\"elementor-element elementor-element-8c30499 e-con-full e-flex e-con e-parent\" data-id=\"8c30499\" data-element_type=\"container\" data-e-type=\"container\">\n\t\t\t\t<div class=\"elementor-element elementor-element-61670c0 elementor-widget elementor-widget-shortcode\" data-id=\"61670c0\" data-element_type=\"widget\" data-e-type=\"widget\" data-widget_type=\"shortcode.default\">\n\t\t\t\t<div class=\"elementor-widget-container\">\n\t\t\t\t\t\t\t<div class=\"elementor-shortcode\">\t\t<div data-elementor-type=\"section\" data-elementor-id=\"4194\" class=\"elementor elementor-4194 elementor-53 elementor-53\" data-elementor-post-type=\"elementor_library\">\n\t\t\t<div class=\"elementor-element elementor-element-081a621 e-flex e-con-boxed e-con e-parent\" data-id=\"081a621\" data-element_type=\"container\" data-e-type=\"container\" data-settings=\"{&quot;background_background&quot;:&quot;classic&quot;}\">\n\t\t\t\t\t<div class=\"e-con-inner\">\n\t\t\t\t<div class=\"elementor-element elementor-element-59ef112 elementor-widget elementor-widget-html\" data-id=\"59ef112\" data-element_type=\"widget\" data-e-type=\"widget\" data-widget_type=\"html.default\">\n\t\t\t\t<div class=\"elementor-widget-container\">\n\t\t\t\t\t<ctv-searchbar><\/ctv-searchbar><\/ctv-searchbar>\t\t\t\t<\/div>\n\t\t\t\t<\/div>\n\t\t\t\t\t<\/div>\n\t\t\t\t<\/div>\n\t\t\t\t<\/div>\n\t\t<\/div>\n\t\t\t\t\t\t<\/div>\n\t\t\t\t<\/div>\n\t\t\t\t<\/div>\n\t\t<div class=\"elementor-element elementor-element-2d1c8a2 e-flex e-con-boxed e-con e-parent\" data-id=\"2d1c8a2\" data-element_type=\"container\" data-e-type=\"container\" data-settings=\"{&quot;background_background&quot;:&quot;classic&quot;,&quot;shape_divider_bottom&quot;:&quot;waves&quot;}\">\n\t\t\t\t\t<div class=\"e-con-inner\">\n\t\t\t\t<div class=\"elementor-shape elementor-shape-bottom\" aria-hidden=\"true\" data-negative=\"false\">\n\t\t\t<svg xmlns=\"http:\/\/www.w3.org\/2000\/svg\" viewBox=\"0 0 1000 100\" preserveAspectRatio=\"none\">\n\t<path class=\"elementor-shape-fill\" d=\"M421.9,6.5c22.6-2.5,51.5,0.4,75.5,5.3c23.6,4.9,70.9,23.5,100.5,35.7c75.8,32.2,133.7,44.5,192.6,49.7\n\tc23.6,2.1,48.7,3.5,103.4-2.5c54.7-6,106.2-25.6,106.2-25.6V0H0v30.3c0,0,72,32.6,158.4,30.5c39.2-0.7,92.8-6.7,134-22.4\n\tc21.2-8.1,52.2-18.2,79.7-24.2C399.3,7.9,411.6,7.5,421.9,6.5z\"\/>\n<\/svg>\t\t<\/div>\n\t\t\t\t<div class=\"elementor-element elementor-element-a0fff18 elementor-invisible elementor-widget elementor-widget-heading\" data-id=\"a0fff18\" data-element_type=\"widget\" data-e-type=\"widget\" data-settings=\"{&quot;_animation&quot;:&quot;fadeIn&quot;}\" data-widget_type=\"heading.default\">\n\t\t\t\t<div class=\"elementor-widget-container\">\n\t\t\t\t\t<p class=\"elementor-heading-title elementor-size-default\">Privacy Policy<\/p>\t\t\t\t<\/div>\n\t\t\t\t<\/div>\n\t\t\t\t<div class=\"elementor-element elementor-element-502b1a4 elementor-widget elementor-widget-heading\" data-id=\"502b1a4\" data-element_type=\"widget\" data-e-type=\"widget\" data-widget_type=\"heading.default\">\n\t\t\t\t<div class=\"elementor-widget-container\">\n\t\t\t\t\t<p class=\"elementor-heading-title elementor-size-default\">Last updated: 11\/12\/2024\n<\/p>\t\t\t\t<\/div>\n\t\t\t\t<\/div>\n\t\t\t\t<div class=\"elementor-element elementor-element-614a8d8 elementor-invisible elementor-widget elementor-widget-image\" data-id=\"614a8d8\" data-element_type=\"widget\" data-e-type=\"widget\" data-settings=\"{&quot;_animation&quot;:&quot;fadeIn&quot;}\" data-widget_type=\"image.default\">\n\t\t\t\t<div class=\"elementor-widget-container\">\n\t\t\t\t\t\t\t\t\t\t\t\t\t\t\t<img fetchpriority=\"high\" decoding=\"async\" width=\"500\" height=\"500\" src=\"https:\/\/www.camping-laplage.com\/wp-content\/uploads\/2025\/04\/Camping-de-la-plage-dans-le-lot-et-la-vallee-de-dordogne-ornementation-doree.svg\" class=\"attachment-large size-large wp-image-2737\" alt=\"\" \/>\t\t\t\t\t\t\t\t\t\t\t\t\t\t\t<\/div>\n\t\t\t\t<\/div>\n\t\t\t\t\t<\/div>\n\t\t\t\t<\/div>\n\t\t<div class=\"elementor-element elementor-element-dedb140 e-flex e-con-boxed e-con e-parent\" data-id=\"dedb140\" data-element_type=\"container\" data-e-type=\"container\">\n\t\t\t\t\t<div class=\"e-con-inner\">\n\t\t\t\t<div class=\"elementor-element elementor-element-f2565cc elementor-widget elementor-widget-text-editor\" data-id=\"f2565cc\" data-element_type=\"widget\" data-e-type=\"widget\" data-widget_type=\"text-editor.default\">\n\t\t\t\t<div class=\"elementor-widget-container\">\n\t\t\t\t\t\t\t\t\t<p>At <b>Camping La Plage<\/b>, we place great importance on protecting your personal data. This policy informs you about the data we collect, how it is used, and your rights. <\/p>\t\t\t\t\t\t\t\t<\/div>\n\t\t\t\t<\/div>\n\t\t\t\t<div class=\"elementor-element elementor-element-0d01972 elementor-widget elementor-widget-heading\" data-id=\"0d01972\" data-element_type=\"widget\" data-e-type=\"widget\" data-widget_type=\"heading.default\">\n\t\t\t\t<div class=\"elementor-widget-container\">\n\t\t\t\t\t<h2 class=\"elementor-heading-title elementor-size-default\">1. Personal data we collect\n\n<\/h2>\t\t\t\t<\/div>\n\t\t\t\t<\/div>\n\t\t\t\t<div class=\"elementor-element elementor-element-7e3c815 elementor-widget elementor-widget-text-editor\" data-id=\"7e3c815\" data-element_type=\"widget\" data-e-type=\"widget\" data-widget_type=\"text-editor.default\">\n\t\t\t\t<div class=\"elementor-widget-container\">\n\t\t\t\t\t\t\t\t\t<p>We only collect data necessary for our activities related to campsites, caravan parks, recreational vehicles, and accommodations. This includes: <\/p><ul><li aria-level=\"1\"><b>Identification and contact information<\/b>: last name, first name, place and date of birth, ID card or passport number, postal address, email, phone number, gender, age, signature, family status (e.g., number of children).<\/li><li aria-level=\"1\"><b>Interaction data<\/b>: information collected through our website <a href=\"https:\/\/www.camping-laplage.com\/fr\">https:\/\/www.camping-laplage.com\/fr<\/a>, our mobile app, our social media pages (Facebook, Instagram), as well as during phone or email exchanges.<\/li><li aria-level=\"1\"><b>Sensitive data<\/b>: subject to your explicit consent, we may collect health data to meet your specific needs.<\/li><\/ul><p>This data may be collected directly from you or through our partners and service providers as part of our business and communication activities.<\/p>\t\t\t\t\t\t\t\t<\/div>\n\t\t\t\t<\/div>\n\t\t\t\t<div class=\"elementor-element elementor-element-de0055c elementor-widget elementor-widget-heading\" data-id=\"de0055c\" data-element_type=\"widget\" data-e-type=\"widget\" data-widget_type=\"heading.default\">\n\t\t\t\t<div class=\"elementor-widget-container\">\n\t\t\t\t\t<h2 class=\"elementor-heading-title elementor-size-default\">2. Why do we use your personal data?\n\n<\/h2>\t\t\t\t<\/div>\n\t\t\t\t<\/div>\n\t\t\t\t<div class=\"elementor-element elementor-element-ee1ad23 elementor-widget elementor-widget-text-editor\" data-id=\"ee1ad23\" data-element_type=\"widget\" data-e-type=\"widget\" data-widget_type=\"text-editor.default\">\n\t\t\t\t<div class=\"elementor-widget-container\">\n\t\t\t\t\t\t\t\t\t<p>We use your data to:<\/p><ul><li aria-level=\"1\">Execute a contract or provide pre-contractual information.<\/li><li aria-level=\"1\">Manage your booking requests and assist you in subscribing to our services.<\/li><li aria-level=\"1\">Inform you about our offers and services.<\/li><li aria-level=\"1\">Assess your needs to improve our customer relationship.<\/li><li aria-level=\"1\">Manage cancellation insurance products, where applicable.<\/li><\/ul>\t\t\t\t\t\t\t\t<\/div>\n\t\t\t\t<\/div>\n\t\t\t\t<div class=\"elementor-element elementor-element-4cfae7f elementor-widget elementor-widget-heading\" data-id=\"4cfae7f\" data-element_type=\"widget\" data-e-type=\"widget\" data-widget_type=\"heading.default\">\n\t\t\t\t<div class=\"elementor-widget-container\">\n\t\t\t\t\t<h2 class=\"elementor-heading-title elementor-size-default\">3. Data retention period\n\n<\/h2>\t\t\t\t<\/div>\n\t\t\t\t<\/div>\n\t\t\t\t<div class=\"elementor-element elementor-element-bd7377f elementor-widget elementor-widget-text-editor\" data-id=\"bd7377f\" data-element_type=\"widget\" data-e-type=\"widget\" data-widget_type=\"text-editor.default\">\n\t\t\t\t<div class=\"elementor-widget-container\">\n\t\t\t\t\t\t\t\t\t<p>Your personal data is retained only for the time necessary to meet our legal and contractual obligations:<\/p><ul><li aria-level=\"1\"><b>5 years<\/b>: for contracts related to a business relationship.<\/li><li aria-level=\"1\"><b>10 years<\/b>: for invoices and contracts concluded electronically.<\/li><\/ul>\t\t\t\t\t\t\t\t<\/div>\n\t\t\t\t<\/div>\n\t\t\t\t<div class=\"elementor-element elementor-element-a670efd elementor-widget elementor-widget-heading\" data-id=\"a670efd\" data-element_type=\"widget\" data-e-type=\"widget\" data-widget_type=\"heading.default\">\n\t\t\t\t<div class=\"elementor-widget-container\">\n\t\t\t\t\t<h2 class=\"elementor-heading-title elementor-size-default\">4. Your rights regarding your personal data\n\n\n<\/h2>\t\t\t\t<\/div>\n\t\t\t\t<\/div>\n\t\t\t\t<div class=\"elementor-element elementor-element-2562f72 elementor-widget elementor-widget-text-editor\" data-id=\"2562f72\" data-element_type=\"widget\" data-e-type=\"widget\" data-widget_type=\"text-editor.default\">\n\t\t\t\t<div class=\"elementor-widget-container\">\n\t\t\t\t\t\t\t\t\t<p>You have the following rights:<\/p><ul><li aria-level=\"1\"><b>Right of access<\/b>: obtain information about the processing of your data and a copy of it.<\/li><li aria-level=\"1\"><b>Right to rectification<\/b>: request correction of inaccurate or incomplete data.<\/li><li aria-level=\"1\"><b>Right to erasure<\/b>: request deletion of your data within legal limits.<\/li><li aria-level=\"1\"><b>Right to restriction<\/b>: request temporary or permanent restriction of the processing of your data.<\/li><li aria-level=\"1\"><b>Right to object<\/b>: object to processing for personal reasons or refuse any use for commercial prospecting purposes.<\/li><li aria-level=\"1\"><b>Right to data portability<\/b>: receive your data in a structured format or transfer it to a third party.<\/li><li aria-level=\"1\"><b>Right to define post-mortem directives<\/b>: on the management of your data after your death.<\/li><li aria-level=\"1\"><b>Right to withdraw your consent<\/b>: if you have given it for a particular processing, you can withdraw it at any time.<\/li><\/ul>\t\t\t\t\t\t\t\t<\/div>\n\t\t\t\t<\/div>\n\t\t\t\t<div class=\"elementor-element elementor-element-b451bf1 elementor-widget elementor-widget-heading\" data-id=\"b451bf1\" data-element_type=\"widget\" data-e-type=\"widget\" data-widget_type=\"heading.default\">\n\t\t\t\t<div class=\"elementor-widget-container\">\n\t\t\t\t\t<h2 class=\"elementor-heading-title elementor-size-default\">5. Exercising your rights\n\n\n\n<\/h2>\t\t\t\t<\/div>\n\t\t\t\t<\/div>\n\t\t\t\t<div class=\"elementor-element elementor-element-ef62c09 elementor-widget elementor-widget-text-editor\" data-id=\"ef62c09\" data-element_type=\"widget\" data-e-type=\"widget\" data-widget_type=\"text-editor.default\">\n\t\t\t\t<div class=\"elementor-widget-container\">\n\t\t\t\t\t\t\t\t\t<p>To exercise your rights, contact us:<\/p><ul><li aria-level=\"1\">By email: <b>contact@camping-laplage.com<\/b><\/li><li aria-level=\"1\">By postal mail: <b>Camping La Plage<\/b>, 50 impasse de la rivi\u00e8re, 46200 Meyronne.<\/li><\/ul><p>If you have questions about the use of your data, you can also contact our data protection officer using the contact details above.<\/p>\t\t\t\t\t\t\t\t<\/div>\n\t\t\t\t<\/div>\n\t\t\t\t<div class=\"elementor-element elementor-element-c552c65 elementor-widget elementor-widget-heading\" data-id=\"c552c65\" data-element_type=\"widget\" data-e-type=\"widget\" data-widget_type=\"heading.default\">\n\t\t\t\t<div class=\"elementor-widget-container\">\n\t\t\t\t\t<h2 class=\"elementor-heading-title elementor-size-default\">6. Changes to this policy\n\n\n\n\n<\/h2>\t\t\t\t<\/div>\n\t\t\t\t<\/div>\n\t\t\t\t<div class=\"elementor-element elementor-element-f4e3a88 elementor-widget elementor-widget-text-editor\" data-id=\"f4e3a88\" data-element_type=\"widget\" data-e-type=\"widget\" data-widget_type=\"text-editor.default\">\n\t\t\t\t<div class=\"elementor-widget-container\">\n\t\t\t\t\t\t\t\t\t<p>We reserve the right to update this policy to reflect legislative or organizational changes. The current version will always be available on our website. <\/p>\t\t\t\t\t\t\t\t<\/div>\n\t\t\t\t<\/div>\n\t\t\t\t\t<\/div>\n\t\t\t\t<\/div>\n\t\t\t\t<\/div>\n\t\t","protected":false},"excerpt":{"rendered":"<p>Privacy Policy Last updated: 11\/12\/2024 At Camping La Plage, we place great importance on protecting your personal data. This policy informs you about the data we collect, how it is used, and your rights. 1. Personal data we collect We only collect data necessary for our activities related to campsites, caravan parks, recreational vehicles, and [&hellip;]<\/p>\n","protected":false},"author":1,"featured_media":0,"parent":0,"menu_order":0,"comment_status":"closed","ping_status":"closed","template":"","meta":{"footnotes":""},"class_list":["post-4036","page","type-page","status-publish","hentry"],"yoast_head":"<!-- This site is optimized with the Yoast SEO plugin v27.3 - https:\/\/yoast.com\/product\/yoast-seo-wordpress\/ -->\n<title>Privacy Policy | Camping La Plage \ud83d\udca6<\/title>\n<meta name=\"description\" content=\"View the privacy policy of the Camping La Plage website.\" \/>\n<meta name=\"robots\" content=\"index, follow, max-snippet:-1, max-image-preview:large, max-video-preview:-1\" \/>\n<link rel=\"canonical\" href=\"https:\/\/www.camping-laplage.com\/en\/privacy-policy\/\" \/>\n<meta property=\"og:locale\" content=\"en_US\" \/>\n<meta property=\"og:type\" content=\"article\" \/>\n<meta property=\"og:title\" content=\"Privacy Policy | Camping La Plage \ud83d\udca6\" \/>\n<meta property=\"og:description\" content=\"View the privacy policy of the Camping La Plage website.\" \/>\n<meta property=\"og:url\" content=\"https:\/\/www.camping-laplage.com\/en\/privacy-policy\/\" \/>\n<meta property=\"og:site_name\" content=\"Camping La Plage \u00e0 Meyronne\" \/>\n<meta property=\"article:publisher\" content=\"https:\/\/www.facebook.com\/campinglaplagemeyronne\/\" \/>\n<meta property=\"article:modified_time\" content=\"2026-03-30T17:49:08+00:00\" \/>\n<meta property=\"og:image\" content=\"https:\/\/www.camping-laplage.com\/wp-content\/uploads\/2025\/12\/Camping-La-Plage-a-Meyronne-dans-le-Lot-et-la-Vallee-de-Dordogne-Camping-en-bord-de-Riviere-en-Occitanie-Piscine-2.jpg\" \/>\n\t<meta property=\"og:image:width\" content=\"1200\" \/>\n\t<meta property=\"og:image:height\" content=\"900\" \/>\n\t<meta property=\"og:image:type\" content=\"image\/jpeg\" \/>\n<meta name=\"twitter:card\" content=\"summary_large_image\" \/>\n<meta name=\"twitter:label1\" content=\"Est. reading time\" \/>\n\t<meta name=\"twitter:data1\" content=\"2 minutes\" \/>\n<script type=\"application\/ld+json\" class=\"yoast-schema-graph\">{\"@context\":\"https:\\\/\\\/schema.org\",\"@graph\":[{\"@type\":\"WebPage\",\"@id\":\"https:\\\/\\\/www.camping-laplage.com\\\/en\\\/privacy-policy\\\/\",\"url\":\"https:\\\/\\\/www.camping-laplage.com\\\/en\\\/privacy-policy\\\/\",\"name\":\"Privacy Policy | Camping La Plage \ud83d\udca6\",\"isPartOf\":{\"@id\":\"https:\\\/\\\/www.camping-laplage.com\\\/en\\\/#website\"},\"primaryImageOfPage\":{\"@id\":\"https:\\\/\\\/www.camping-laplage.com\\\/en\\\/privacy-policy\\\/#primaryimage\"},\"image\":{\"@id\":\"https:\\\/\\\/www.camping-laplage.com\\\/en\\\/privacy-policy\\\/#primaryimage\"},\"thumbnailUrl\":\"https:\\\/\\\/www.camping-laplage.com\\\/wp-content\\\/uploads\\\/2025\\\/04\\\/Camping-de-la-plage-dans-le-lot-et-la-vallee-de-dordogne-ornementation-doree.svg\",\"datePublished\":\"2025-04-24T14:27:33+00:00\",\"dateModified\":\"2026-03-30T17:49:08+00:00\",\"description\":\"View the privacy policy of the Camping La Plage website.\",\"breadcrumb\":{\"@id\":\"https:\\\/\\\/www.camping-laplage.com\\\/en\\\/privacy-policy\\\/#breadcrumb\"},\"inLanguage\":\"en-US\",\"potentialAction\":[{\"@type\":\"ReadAction\",\"target\":[\"https:\\\/\\\/www.camping-laplage.com\\\/en\\\/privacy-policy\\\/\"]}]},{\"@type\":\"ImageObject\",\"inLanguage\":\"en-US\",\"@id\":\"https:\\\/\\\/www.camping-laplage.com\\\/en\\\/privacy-policy\\\/#primaryimage\",\"url\":\"https:\\\/\\\/www.camping-laplage.com\\\/wp-content\\\/uploads\\\/2025\\\/04\\\/Camping-de-la-plage-dans-le-lot-et-la-vallee-de-dordogne-ornementation-doree.svg\",\"contentUrl\":\"https:\\\/\\\/www.camping-laplage.com\\\/wp-content\\\/uploads\\\/2025\\\/04\\\/Camping-de-la-plage-dans-le-lot-et-la-vallee-de-dordogne-ornementation-doree.svg\"},{\"@type\":\"BreadcrumbList\",\"@id\":\"https:\\\/\\\/www.camping-laplage.com\\\/en\\\/privacy-policy\\\/#breadcrumb\",\"itemListElement\":[{\"@type\":\"ListItem\",\"position\":1,\"name\":\"Accueil\",\"item\":\"https:\\\/\\\/www.camping-laplage.com\\\/en\\\/\"},{\"@type\":\"ListItem\",\"position\":2,\"name\":\"Privacy Policy\"}]},{\"@type\":\"WebSite\",\"@id\":\"https:\\\/\\\/www.camping-laplage.com\\\/en\\\/#website\",\"url\":\"https:\\\/\\\/www.camping-laplage.com\\\/en\\\/\",\"name\":\"Camping La Plage \u00e0 Meyronne\",\"description\":\"Familles et couples recherchant un camping en Dordogne avec acc\u00e8s direct \u00e0 la rivi\u00e8re pr\u00e8s de Rocamadour pour des vacances nature dans le Lot.\",\"publisher\":{\"@id\":\"https:\\\/\\\/www.camping-laplage.com\\\/en\\\/#organization\"},\"alternateName\":\"Camping La Plage situ\u00e9 au bord de la Dordogne dans le Lot \u00e0 Meyronne, pr\u00e8s de Rocamadour et du Gouffre de Padirac. Le camping propose des emplacements, des mobil-homes et un acc\u00e8s direct \u00e0 la rivi\u00e8re pour les vacances nature et les activit\u00e9s de plein air dans la Vall\u00e9e de la Dordogne.\",\"potentialAction\":[{\"@type\":\"SearchAction\",\"target\":{\"@type\":\"EntryPoint\",\"urlTemplate\":\"https:\\\/\\\/www.camping-laplage.com\\\/en\\\/?s={search_term_string}\"},\"query-input\":{\"@type\":\"PropertyValueSpecification\",\"valueRequired\":true,\"valueName\":\"search_term_string\"}}],\"inLanguage\":\"en-US\"},{\"@type\":\"Organization\",\"@id\":\"https:\\\/\\\/www.camping-laplage.com\\\/en\\\/#organization\",\"name\":\"Familles et couples recherchant un camping en Dordogne avec acc\u00e8s direct \u00e0 la rivi\u00e8re pr\u00e8s de Rocamadour pour des vacances nature dans le Lot.\",\"alternateName\":\"Camping La Plage situ\u00e9 au bord de la Dordogne dans le Lot \u00e0 Meyronne, pr\u00e8s de Rocamadour et du Gouffre de Padirac. Le camping propose des emplacements, des mobil-homes et un acc\u00e8s direct \u00e0 la rivi\u00e8re pour les vacances nature et les activit\u00e9s de plein air dans la Vall\u00e9e de la Dordogne.\",\"url\":\"https:\\\/\\\/www.camping-laplage.com\\\/en\\\/\",\"logo\":{\"@type\":\"ImageObject\",\"inLanguage\":\"en-US\",\"@id\":\"https:\\\/\\\/www.camping-laplage.com\\\/en\\\/#\\\/schema\\\/logo\\\/image\\\/\",\"url\":\"https:\\\/\\\/www.camping-laplage.com\\\/wp-content\\\/uploads\\\/2026\\\/02\\\/Camping-la-Plage-au-bord-de-la-Dordogne-Logo.svg\",\"contentUrl\":\"https:\\\/\\\/www.camping-laplage.com\\\/wp-content\\\/uploads\\\/2026\\\/02\\\/Camping-la-Plage-au-bord-de-la-Dordogne-Logo.svg\",\"width\":1125,\"height\":1124,\"caption\":\"Familles et couples recherchant un camping en Dordogne avec acc\u00e8s direct \u00e0 la rivi\u00e8re pr\u00e8s de Rocamadour pour des vacances nature dans le Lot.\"},\"image\":{\"@id\":\"https:\\\/\\\/www.camping-laplage.com\\\/en\\\/#\\\/schema\\\/logo\\\/image\\\/\"},\"sameAs\":[\"https:\\\/\\\/www.facebook.com\\\/campinglaplagemeyronne\\\/\"]}]}<\/script>\n<!-- \/ Yoast SEO plugin. -->","yoast_head_json":{"title":"Privacy Policy | Camping La Plage \ud83d\udca6","description":"View the privacy policy of the Camping La Plage website.","robots":{"index":"index","follow":"follow","max-snippet":"max-snippet:-1","max-image-preview":"max-image-preview:large","max-video-preview":"max-video-preview:-1"},"canonical":"https:\/\/www.camping-laplage.com\/en\/privacy-policy\/","og_locale":"en_US","og_type":"article","og_title":"Privacy Policy | Camping La Plage \ud83d\udca6","og_description":"View the privacy policy of the Camping La Plage website.","og_url":"https:\/\/www.camping-laplage.com\/en\/privacy-policy\/","og_site_name":"Camping La Plage \u00e0 Meyronne","article_publisher":"https:\/\/www.facebook.com\/campinglaplagemeyronne\/","article_modified_time":"2026-03-30T17:49:08+00:00","og_image":[{"width":1200,"height":900,"url":"https:\/\/www.camping-laplage.com\/wp-content\/uploads\/2025\/12\/Camping-La-Plage-a-Meyronne-dans-le-Lot-et-la-Vallee-de-Dordogne-Camping-en-bord-de-Riviere-en-Occitanie-Piscine-2.jpg","type":"image\/jpeg"}],"twitter_card":"summary_large_image","twitter_misc":{"Est. reading time":"2 minutes"},"schema":{"@context":"https:\/\/schema.org","@graph":[{"@type":"WebPage","@id":"https:\/\/www.camping-laplage.com\/en\/privacy-policy\/","url":"https:\/\/www.camping-laplage.com\/en\/privacy-policy\/","name":"Privacy Policy | Camping La Plage \ud83d\udca6","isPartOf":{"@id":"https:\/\/www.camping-laplage.com\/en\/#website"},"primaryImageOfPage":{"@id":"https:\/\/www.camping-laplage.com\/en\/privacy-policy\/#primaryimage"},"image":{"@id":"https:\/\/www.camping-laplage.com\/en\/privacy-policy\/#primaryimage"},"thumbnailUrl":"https:\/\/www.camping-laplage.com\/wp-content\/uploads\/2025\/04\/Camping-de-la-plage-dans-le-lot-et-la-vallee-de-dordogne-ornementation-doree.svg","datePublished":"2025-04-24T14:27:33+00:00","dateModified":"2026-03-30T17:49:08+00:00","description":"View the privacy policy of the Camping La Plage website.","breadcrumb":{"@id":"https:\/\/www.camping-laplage.com\/en\/privacy-policy\/#breadcrumb"},"inLanguage":"en-US","potentialAction":[{"@type":"ReadAction","target":["https:\/\/www.camping-laplage.com\/en\/privacy-policy\/"]}]},{"@type":"ImageObject","inLanguage":"en-US","@id":"https:\/\/www.camping-laplage.com\/en\/privacy-policy\/#primaryimage","url":"https:\/\/www.camping-laplage.com\/wp-content\/uploads\/2025\/04\/Camping-de-la-plage-dans-le-lot-et-la-vallee-de-dordogne-ornementation-doree.svg","contentUrl":"https:\/\/www.camping-laplage.com\/wp-content\/uploads\/2025\/04\/Camping-de-la-plage-dans-le-lot-et-la-vallee-de-dordogne-ornementation-doree.svg"},{"@type":"BreadcrumbList","@id":"https:\/\/www.camping-laplage.com\/en\/privacy-policy\/#breadcrumb","itemListElement":[{"@type":"ListItem","position":1,"name":"Accueil","item":"https:\/\/www.camping-laplage.com\/en\/"},{"@type":"ListItem","position":2,"name":"Privacy Policy"}]},{"@type":"WebSite","@id":"https:\/\/www.camping-laplage.com\/en\/#website","url":"https:\/\/www.camping-laplage.com\/en\/","name":"Camping La Plage \u00e0 Meyronne","description":"Familles et couples recherchant un camping en Dordogne avec acc\u00e8s direct \u00e0 la rivi\u00e8re pr\u00e8s de Rocamadour pour des vacances nature dans le Lot.","publisher":{"@id":"https:\/\/www.camping-laplage.com\/en\/#organization"},"alternateName":"Camping La Plage situ\u00e9 au bord de la Dordogne dans le Lot \u00e0 Meyronne, pr\u00e8s de Rocamadour et du Gouffre de Padirac. Le camping propose des emplacements, des mobil-homes et un acc\u00e8s direct \u00e0 la rivi\u00e8re pour les vacances nature et les activit\u00e9s de plein air dans la Vall\u00e9e de la Dordogne.","potentialAction":[{"@type":"SearchAction","target":{"@type":"EntryPoint","urlTemplate":"https:\/\/www.camping-laplage.com\/en\/?s={search_term_string}"},"query-input":{"@type":"PropertyValueSpecification","valueRequired":true,"valueName":"search_term_string"}}],"inLanguage":"en-US"},{"@type":"Organization","@id":"https:\/\/www.camping-laplage.com\/en\/#organization","name":"Familles et couples recherchant un camping en Dordogne avec acc\u00e8s direct \u00e0 la rivi\u00e8re pr\u00e8s de Rocamadour pour des vacances nature dans le Lot.","alternateName":"Camping La Plage situ\u00e9 au bord de la Dordogne dans le Lot \u00e0 Meyronne, pr\u00e8s de Rocamadour et du Gouffre de Padirac. Le camping propose des emplacements, des mobil-homes et un acc\u00e8s direct \u00e0 la rivi\u00e8re pour les vacances nature et les activit\u00e9s de plein air dans la Vall\u00e9e de la Dordogne.","url":"https:\/\/www.camping-laplage.com\/en\/","logo":{"@type":"ImageObject","inLanguage":"en-US","@id":"https:\/\/www.camping-laplage.com\/en\/#\/schema\/logo\/image\/","url":"https:\/\/www.camping-laplage.com\/wp-content\/uploads\/2026\/02\/Camping-la-Plage-au-bord-de-la-Dordogne-Logo.svg","contentUrl":"https:\/\/www.camping-laplage.com\/wp-content\/uploads\/2026\/02\/Camping-la-Plage-au-bord-de-la-Dordogne-Logo.svg","width":1125,"height":1124,"caption":"Familles et couples recherchant un camping en Dordogne avec acc\u00e8s direct \u00e0 la rivi\u00e8re pr\u00e8s de Rocamadour pour des vacances nature dans le Lot."},"image":{"@id":"https:\/\/www.camping-laplage.com\/en\/#\/schema\/logo\/image\/"},"sameAs":["https:\/\/www.facebook.com\/campinglaplagemeyronne\/"]}]}},"_links":{"self":[{"href":"https:\/\/www.camping-laplage.com\/en\/wp-json\/wp\/v2\/pages\/4036","targetHints":{"allow":["GET"]}}],"collection":[{"href":"https:\/\/www.camping-laplage.com\/en\/wp-json\/wp\/v2\/pages"}],"about":[{"href":"https:\/\/www.camping-laplage.com\/en\/wp-json\/wp\/v2\/types\/page"}],"author":[{"embeddable":true,"href":"https:\/\/www.camping-laplage.com\/en\/wp-json\/wp\/v2\/users\/1"}],"replies":[{"embeddable":true,"href":"https:\/\/www.camping-laplage.com\/en\/wp-json\/wp\/v2\/comments?post=4036"}],"version-history":[{"count":0,"href":"https:\/\/www.camping-laplage.com\/en\/wp-json\/wp\/v2\/pages\/4036\/revisions"}],"wp:attachment":[{"href":"https:\/\/www.camping-laplage.com\/en\/wp-json\/wp\/v2\/media?parent=4036"}],"curies":[{"name":"wp","href":"https:\/\/api.w.org\/{rel}","templated":true}]}}