{"id":3651,"date":"2025-04-25T07:07:19","date_gmt":"2025-04-25T07:07:19","guid":{"rendered":"https:\/\/camping-laplage.emavista.fr\/guia-de-bienvenida-del-camping-la-plage-cerca-de-rocamadour-y-padirac-en-el-valle-del-dordona\/"},"modified":"2026-03-17T01:57:00","modified_gmt":"2026-03-17T01:57:00","slug":"guia-de-bienvenida-del-camping-la-plage-cerca-de-rocamadour-y-padirac-en-el-valle-del-dordona","status":"publish","type":"page","link":"https:\/\/www.camping-laplage.com\/es\/guia-de-bienvenida-del-camping-la-plage-cerca-de-rocamadour-y-padirac-en-el-valle-del-dordona\/","title":{"rendered":"Gu\u00eda de bienvenida del Camping La Plage cerca de Rocamadour y Padirac en el Valle del Dordo\u00f1a"},"content":{"rendered":"\t\t<div data-elementor-type=\"wp-page\" data-elementor-id=\"3651\" class=\"elementor elementor-3651 elementor-444\" data-elementor-post-type=\"page\">\n\t\t\t\t<div class=\"elementor-element elementor-element-631b1eb e-flex e-con-boxed e-con e-parent\" data-id=\"631b1eb\" data-element_type=\"container\" data-e-type=\"container\" data-settings=\"{&quot;background_background&quot;:&quot;classic&quot;}\">\n\t\t\t\t\t<div class=\"e-con-inner\">\n\t\t\t\t<div class=\"elementor-element elementor-element-7d94f97 elementor-widget elementor-widget-heading\" data-id=\"7d94f97\" data-element_type=\"widget\" data-e-type=\"widget\" data-widget_type=\"heading.default\">\n\t\t\t\t<div class=\"elementor-widget-container\">\n\t\t\t\t\t<h1 class=\"elementor-heading-title elementor-size-default\">Gu\u00eda de bienvenida<\/h1>\t\t\t\t<\/div>\n\t\t\t\t<\/div>\n\t\t\t\t\t<\/div>\n\t\t\t\t<\/div>\n\t\t<div class=\"elementor-element elementor-element-420b835 e-flex e-con-boxed e-con e-parent\" data-id=\"420b835\" data-element_type=\"container\" data-e-type=\"container\">\n\t\t\t\t\t<div class=\"e-con-inner\">\n\t\t\t\t<div class=\"elementor-element elementor-element-a8795b4 elementor-widget elementor-widget-html\" data-id=\"a8795b4\" data-element_type=\"widget\" data-e-type=\"widget\" data-widget_type=\"html.default\">\n\t\t\t\t<div class=\"elementor-widget-container\">\n\t\t\t\t\t<div style=\"display: flex; justify-content: center; align-items: center; width: 100%;\">\n    <a href=\"https:\/\/72570737.flowpaper.com\/LIVRETDACCUEILCampinglaPlageaMeyronne\/#PreviewMode=Miniature\" class=\"fp-embed\" data-fp-width=\"1000px\" data-fp-height=\"600px\" style=\"max-width: 100%\"><\/a><script async=\"\" defer src=\"https:\/\/cdn-online.flowpaper.com\/zine\/3.8.5\/js\/embed.min.js\"><\/script>\n    <\/div>\t\t\t\t<\/div>\n\t\t\t\t<\/div>\n\t\t\t\t<div class=\"elementor-element elementor-element-66c91fc elementor-widget elementor-widget-spacer\" data-id=\"66c91fc\" data-element_type=\"widget\" data-e-type=\"widget\" data-widget_type=\"spacer.default\">\n\t\t\t\t<div class=\"elementor-widget-container\">\n\t\t\t\t\t\t\t<div class=\"elementor-spacer\">\n\t\t\t<div class=\"elementor-spacer-inner\"><\/div>\n\t\t<\/div>\n\t\t\t\t\t\t<\/div>\n\t\t\t\t<\/div>\n\t\t\t\t<div class=\"elementor-element elementor-element-963bc7a elementor-align-center elementor-widget elementor-widget-button\" data-id=\"963bc7a\" data-element_type=\"widget\" data-e-type=\"widget\" data-widget_type=\"button.default\">\n\t\t\t\t<div class=\"elementor-widget-container\">\n\t\t\t\t\t\t\t\t\t<div class=\"elementor-button-wrapper\">\n\t\t\t\t\t<a class=\"elementor-button elementor-button-link elementor-size-sm\" href=\"https:\/\/www.camping-laplage.com\/wp-content\/uploads\/2025\/05\/LIVRET-DACCUEIL-Camping-la-Plage-a-Meyronne.pdf\" target=\"_blank\">\n\t\t\t\t\t\t<span class=\"elementor-button-content-wrapper\">\n\t\t\t\t\t\t\t\t\t<span class=\"elementor-button-text\">Descargar la gu\u00eda de bienvenida<\/span>\n\t\t\t\t\t<\/span>\n\t\t\t\t\t<\/a>\n\t\t\t\t<\/div>\n\t\t\t\t\t\t\t\t<\/div>\n\t\t\t\t<\/div>\n\t\t\t\t\t<\/div>\n\t\t\t\t<\/div>\n\t\t\t\t<\/div>\n\t\t","protected":false},"excerpt":{"rendered":"<p>Gu\u00eda de bienvenida Descargar la gu\u00eda de bienvenida<\/p>\n","protected":false},"author":1,"featured_media":0,"parent":0,"menu_order":0,"comment_status":"closed","ping_status":"closed","template":"","meta":{"footnotes":""},"class_list":["post-3651","page","type-page","status-publish","hentry"],"yoast_head":"<!-- This site is optimized with the Yoast SEO plugin v27.3 - https:\/\/yoast.com\/product\/yoast-seo-wordpress\/ -->\n<title>Gu\u00eda de bienvenida | Camping La Plage \ud83d\udca6<\/title>\n<meta name=\"description\" content=\"Informaci\u00f3n \u00fatil para tu estancia en el Camping La Plage en Meyronne.\" \/>\n<meta name=\"robots\" content=\"index, follow, max-snippet:-1, max-image-preview:large, max-video-preview:-1\" \/>\n<link rel=\"canonical\" href=\"https:\/\/www.camping-laplage.com\/es\/guia-de-bienvenida-del-camping-la-plage-cerca-de-rocamadour-y-padirac-en-el-valle-del-dordona\/\" \/>\n<meta property=\"og:locale\" content=\"es_ES\" \/>\n<meta property=\"og:type\" content=\"article\" \/>\n<meta property=\"og:title\" content=\"Gu\u00eda de bienvenida | Camping La Plage \ud83d\udca6\" \/>\n<meta property=\"og:description\" content=\"Informaci\u00f3n \u00fatil para tu estancia en el Camping La Plage en Meyronne.\" \/>\n<meta property=\"og:url\" content=\"https:\/\/www.camping-laplage.com\/es\/guia-de-bienvenida-del-camping-la-plage-cerca-de-rocamadour-y-padirac-en-el-valle-del-dordona\/\" \/>\n<meta property=\"og:site_name\" content=\"Camping La Plage \u00e0 Meyronne\" \/>\n<meta property=\"article:publisher\" content=\"https:\/\/www.facebook.com\/campinglaplagemeyronne\/\" \/>\n<meta property=\"article:modified_time\" content=\"2026-03-17T01:57:00+00:00\" \/>\n<meta property=\"og:image\" content=\"https:\/\/www.camping-laplage.com\/wp-content\/uploads\/2025\/12\/Camping-La-Plage-a-Meyronne-dans-le-Lot-et-la-Vallee-de-Dordogne-Camping-en-bord-de-Riviere-en-Occitanie-Piscine-2.jpg\" \/>\n\t<meta property=\"og:image:width\" content=\"1200\" \/>\n\t<meta property=\"og:image:height\" content=\"900\" \/>\n\t<meta property=\"og:image:type\" content=\"image\/jpeg\" \/>\n<meta name=\"twitter:card\" content=\"summary_large_image\" \/>\n<script type=\"application\/ld+json\" class=\"yoast-schema-graph\">{\"@context\":\"https:\\\/\\\/schema.org\",\"@graph\":[{\"@type\":\"WebPage\",\"@id\":\"https:\\\/\\\/www.camping-laplage.com\\\/es\\\/guia-de-bienvenida-del-camping-la-plage-cerca-de-rocamadour-y-padirac-en-el-valle-del-dordona\\\/\",\"url\":\"https:\\\/\\\/www.camping-laplage.com\\\/es\\\/guia-de-bienvenida-del-camping-la-plage-cerca-de-rocamadour-y-padirac-en-el-valle-del-dordona\\\/\",\"name\":\"Gu\u00eda de bienvenida | Camping La Plage \ud83d\udca6\",\"isPartOf\":{\"@id\":\"https:\\\/\\\/www.camping-laplage.com\\\/es\\\/#website\"},\"datePublished\":\"2025-04-25T07:07:19+00:00\",\"dateModified\":\"2026-03-17T01:57:00+00:00\",\"description\":\"Informaci\u00f3n \u00fatil para tu estancia en el Camping La Plage en Meyronne.\",\"breadcrumb\":{\"@id\":\"https:\\\/\\\/www.camping-laplage.com\\\/es\\\/guia-de-bienvenida-del-camping-la-plage-cerca-de-rocamadour-y-padirac-en-el-valle-del-dordona\\\/#breadcrumb\"},\"inLanguage\":\"es\",\"potentialAction\":[{\"@type\":\"ReadAction\",\"target\":[\"https:\\\/\\\/www.camping-laplage.com\\\/es\\\/guia-de-bienvenida-del-camping-la-plage-cerca-de-rocamadour-y-padirac-en-el-valle-del-dordona\\\/\"]}]},{\"@type\":\"BreadcrumbList\",\"@id\":\"https:\\\/\\\/www.camping-laplage.com\\\/es\\\/guia-de-bienvenida-del-camping-la-plage-cerca-de-rocamadour-y-padirac-en-el-valle-del-dordona\\\/#breadcrumb\",\"itemListElement\":[{\"@type\":\"ListItem\",\"position\":1,\"name\":\"Accueil\",\"item\":\"https:\\\/\\\/www.camping-laplage.com\\\/es\\\/\"},{\"@type\":\"ListItem\",\"position\":2,\"name\":\"Gu\u00eda de bienvenida del Camping La Plage cerca de Rocamadour y Padirac en el Valle del Dordo\u00f1a\"}]},{\"@type\":\"WebSite\",\"@id\":\"https:\\\/\\\/www.camping-laplage.com\\\/es\\\/#website\",\"url\":\"https:\\\/\\\/www.camping-laplage.com\\\/es\\\/\",\"name\":\"Camping La Plage \u00e0 Meyronne\",\"description\":\"Familles et couples recherchant un camping en Dordogne avec acc\u00e8s direct \u00e0 la rivi\u00e8re pr\u00e8s de Rocamadour pour des vacances nature dans le Lot.\",\"publisher\":{\"@id\":\"https:\\\/\\\/www.camping-laplage.com\\\/es\\\/#organization\"},\"alternateName\":\"Camping La Plage situ\u00e9 au bord de la Dordogne dans le Lot \u00e0 Meyronne, pr\u00e8s de Rocamadour et du Gouffre de Padirac. Le camping propose des emplacements, des mobil-homes et un acc\u00e8s direct \u00e0 la rivi\u00e8re pour les vacances nature et les activit\u00e9s de plein air dans la Vall\u00e9e de la Dordogne.\",\"potentialAction\":[{\"@type\":\"SearchAction\",\"target\":{\"@type\":\"EntryPoint\",\"urlTemplate\":\"https:\\\/\\\/www.camping-laplage.com\\\/es\\\/?s={search_term_string}\"},\"query-input\":{\"@type\":\"PropertyValueSpecification\",\"valueRequired\":true,\"valueName\":\"search_term_string\"}}],\"inLanguage\":\"es\"},{\"@type\":\"Organization\",\"@id\":\"https:\\\/\\\/www.camping-laplage.com\\\/es\\\/#organization\",\"name\":\"Familles et couples recherchant un camping en Dordogne avec acc\u00e8s direct \u00e0 la rivi\u00e8re pr\u00e8s de Rocamadour pour des vacances nature dans le Lot.\",\"alternateName\":\"Camping La Plage situ\u00e9 au bord de la Dordogne dans le Lot \u00e0 Meyronne, pr\u00e8s de Rocamadour et du Gouffre de Padirac. Le camping propose des emplacements, des mobil-homes et un acc\u00e8s direct \u00e0 la rivi\u00e8re pour les vacances nature et les activit\u00e9s de plein air dans la Vall\u00e9e de la Dordogne.\",\"url\":\"https:\\\/\\\/www.camping-laplage.com\\\/es\\\/\",\"logo\":{\"@type\":\"ImageObject\",\"inLanguage\":\"es\",\"@id\":\"https:\\\/\\\/www.camping-laplage.com\\\/es\\\/#\\\/schema\\\/logo\\\/image\\\/\",\"url\":\"https:\\\/\\\/www.camping-laplage.com\\\/wp-content\\\/uploads\\\/2026\\\/02\\\/Camping-la-Plage-au-bord-de-la-Dordogne-Logo.svg\",\"contentUrl\":\"https:\\\/\\\/www.camping-laplage.com\\\/wp-content\\\/uploads\\\/2026\\\/02\\\/Camping-la-Plage-au-bord-de-la-Dordogne-Logo.svg\",\"width\":1125,\"height\":1124,\"caption\":\"Familles et couples recherchant un camping en Dordogne avec acc\u00e8s direct \u00e0 la rivi\u00e8re pr\u00e8s de Rocamadour pour des vacances nature dans le Lot.\"},\"image\":{\"@id\":\"https:\\\/\\\/www.camping-laplage.com\\\/es\\\/#\\\/schema\\\/logo\\\/image\\\/\"},\"sameAs\":[\"https:\\\/\\\/www.facebook.com\\\/campinglaplagemeyronne\\\/\"]}]}<\/script>\n<!-- \/ Yoast SEO plugin. -->","yoast_head_json":{"title":"Gu\u00eda de bienvenida | Camping La Plage \ud83d\udca6","description":"Informaci\u00f3n \u00fatil para tu estancia en el Camping La Plage en Meyronne.","robots":{"index":"index","follow":"follow","max-snippet":"max-snippet:-1","max-image-preview":"max-image-preview:large","max-video-preview":"max-video-preview:-1"},"canonical":"https:\/\/www.camping-laplage.com\/es\/guia-de-bienvenida-del-camping-la-plage-cerca-de-rocamadour-y-padirac-en-el-valle-del-dordona\/","og_locale":"es_ES","og_type":"article","og_title":"Gu\u00eda de bienvenida | Camping La Plage \ud83d\udca6","og_description":"Informaci\u00f3n \u00fatil para tu estancia en el Camping La Plage en Meyronne.","og_url":"https:\/\/www.camping-laplage.com\/es\/guia-de-bienvenida-del-camping-la-plage-cerca-de-rocamadour-y-padirac-en-el-valle-del-dordona\/","og_site_name":"Camping La Plage \u00e0 Meyronne","article_publisher":"https:\/\/www.facebook.com\/campinglaplagemeyronne\/","article_modified_time":"2026-03-17T01:57:00+00:00","og_image":[{"width":1200,"height":900,"url":"https:\/\/www.camping-laplage.com\/wp-content\/uploads\/2025\/12\/Camping-La-Plage-a-Meyronne-dans-le-Lot-et-la-Vallee-de-Dordogne-Camping-en-bord-de-Riviere-en-Occitanie-Piscine-2.jpg","type":"image\/jpeg"}],"twitter_card":"summary_large_image","schema":{"@context":"https:\/\/schema.org","@graph":[{"@type":"WebPage","@id":"https:\/\/www.camping-laplage.com\/es\/guia-de-bienvenida-del-camping-la-plage-cerca-de-rocamadour-y-padirac-en-el-valle-del-dordona\/","url":"https:\/\/www.camping-laplage.com\/es\/guia-de-bienvenida-del-camping-la-plage-cerca-de-rocamadour-y-padirac-en-el-valle-del-dordona\/","name":"Gu\u00eda de bienvenida | Camping La Plage \ud83d\udca6","isPartOf":{"@id":"https:\/\/www.camping-laplage.com\/es\/#website"},"datePublished":"2025-04-25T07:07:19+00:00","dateModified":"2026-03-17T01:57:00+00:00","description":"Informaci\u00f3n \u00fatil para tu estancia en el Camping La Plage en Meyronne.","breadcrumb":{"@id":"https:\/\/www.camping-laplage.com\/es\/guia-de-bienvenida-del-camping-la-plage-cerca-de-rocamadour-y-padirac-en-el-valle-del-dordona\/#breadcrumb"},"inLanguage":"es","potentialAction":[{"@type":"ReadAction","target":["https:\/\/www.camping-laplage.com\/es\/guia-de-bienvenida-del-camping-la-plage-cerca-de-rocamadour-y-padirac-en-el-valle-del-dordona\/"]}]},{"@type":"BreadcrumbList","@id":"https:\/\/www.camping-laplage.com\/es\/guia-de-bienvenida-del-camping-la-plage-cerca-de-rocamadour-y-padirac-en-el-valle-del-dordona\/#breadcrumb","itemListElement":[{"@type":"ListItem","position":1,"name":"Accueil","item":"https:\/\/www.camping-laplage.com\/es\/"},{"@type":"ListItem","position":2,"name":"Gu\u00eda de bienvenida del Camping La Plage cerca de Rocamadour y Padirac en el Valle del Dordo\u00f1a"}]},{"@type":"WebSite","@id":"https:\/\/www.camping-laplage.com\/es\/#website","url":"https:\/\/www.camping-laplage.com\/es\/","name":"Camping La Plage \u00e0 Meyronne","description":"Familles et couples recherchant un camping en Dordogne avec acc\u00e8s direct \u00e0 la rivi\u00e8re pr\u00e8s de Rocamadour pour des vacances nature dans le Lot.","publisher":{"@id":"https:\/\/www.camping-laplage.com\/es\/#organization"},"alternateName":"Camping La Plage situ\u00e9 au bord de la Dordogne dans le Lot \u00e0 Meyronne, pr\u00e8s de Rocamadour et du Gouffre de Padirac. Le camping propose des emplacements, des mobil-homes et un acc\u00e8s direct \u00e0 la rivi\u00e8re pour les vacances nature et les activit\u00e9s de plein air dans la Vall\u00e9e de la Dordogne.","potentialAction":[{"@type":"SearchAction","target":{"@type":"EntryPoint","urlTemplate":"https:\/\/www.camping-laplage.com\/es\/?s={search_term_string}"},"query-input":{"@type":"PropertyValueSpecification","valueRequired":true,"valueName":"search_term_string"}}],"inLanguage":"es"},{"@type":"Organization","@id":"https:\/\/www.camping-laplage.com\/es\/#organization","name":"Familles et couples recherchant un camping en Dordogne avec acc\u00e8s direct \u00e0 la rivi\u00e8re pr\u00e8s de Rocamadour pour des vacances nature dans le Lot.","alternateName":"Camping La Plage situ\u00e9 au bord de la Dordogne dans le Lot \u00e0 Meyronne, pr\u00e8s de Rocamadour et du Gouffre de Padirac. Le camping propose des emplacements, des mobil-homes et un acc\u00e8s direct \u00e0 la rivi\u00e8re pour les vacances nature et les activit\u00e9s de plein air dans la Vall\u00e9e de la Dordogne.","url":"https:\/\/www.camping-laplage.com\/es\/","logo":{"@type":"ImageObject","inLanguage":"es","@id":"https:\/\/www.camping-laplage.com\/es\/#\/schema\/logo\/image\/","url":"https:\/\/www.camping-laplage.com\/wp-content\/uploads\/2026\/02\/Camping-la-Plage-au-bord-de-la-Dordogne-Logo.svg","contentUrl":"https:\/\/www.camping-laplage.com\/wp-content\/uploads\/2026\/02\/Camping-la-Plage-au-bord-de-la-Dordogne-Logo.svg","width":1125,"height":1124,"caption":"Familles et couples recherchant un camping en Dordogne avec acc\u00e8s direct \u00e0 la rivi\u00e8re pr\u00e8s de Rocamadour pour des vacances nature dans le Lot."},"image":{"@id":"https:\/\/www.camping-laplage.com\/es\/#\/schema\/logo\/image\/"},"sameAs":["https:\/\/www.facebook.com\/campinglaplagemeyronne\/"]}]}},"_links":{"self":[{"href":"https:\/\/www.camping-laplage.com\/es\/wp-json\/wp\/v2\/pages\/3651","targetHints":{"allow":["GET"]}}],"collection":[{"href":"https:\/\/www.camping-laplage.com\/es\/wp-json\/wp\/v2\/pages"}],"about":[{"href":"https:\/\/www.camping-laplage.com\/es\/wp-json\/wp\/v2\/types\/page"}],"author":[{"embeddable":true,"href":"https:\/\/www.camping-laplage.com\/es\/wp-json\/wp\/v2\/users\/1"}],"replies":[{"embeddable":true,"href":"https:\/\/www.camping-laplage.com\/es\/wp-json\/wp\/v2\/comments?post=3651"}],"version-history":[{"count":0,"href":"https:\/\/www.camping-laplage.com\/es\/wp-json\/wp\/v2\/pages\/3651\/revisions"}],"wp:attachment":[{"href":"https:\/\/www.camping-laplage.com\/es\/wp-json\/wp\/v2\/media?parent=3651"}],"curies":[{"name":"wp","href":"https:\/\/api.w.org\/{rel}","templated":true}]}}