{"id":3655,"date":"2025-04-25T07:39:16","date_gmt":"2025-04-25T07:39:16","guid":{"rendered":"https:\/\/camping-laplage.emavista.fr\/plano-del-camping-la-plage-cerca-de-rocamadour-y-padirac-en-el-valle-del-dordona\/"},"modified":"2026-03-17T01:57:22","modified_gmt":"2026-03-17T01:57:22","slug":"plano-del-camping-la-plage-cerca-de-rocamadour-y-padirac-en-el-valle-del-dordona","status":"publish","type":"page","link":"https:\/\/www.camping-laplage.com\/es\/plano-del-camping-la-plage-cerca-de-rocamadour-y-padirac-en-el-valle-del-dordona\/","title":{"rendered":"Plano del Camping La Plage cerca de Rocamadour y Padirac en el valle del Dordo\u00f1a"},"content":{"rendered":"\t\t<div data-elementor-type=\"wp-page\" data-elementor-id=\"3655\" class=\"elementor elementor-3655 elementor-523\" data-elementor-post-type=\"page\">\n\t\t\t\t<div class=\"elementor-element elementor-element-5618276 e-flex e-con-boxed e-con e-parent\" data-id=\"5618276\" data-element_type=\"container\" data-e-type=\"container\" data-settings=\"{&quot;background_background&quot;:&quot;classic&quot;}\">\n\t\t\t\t\t<div class=\"e-con-inner\">\n\t\t\t\t<div class=\"elementor-element elementor-element-41c5a5f elementor-widget elementor-widget-heading\" data-id=\"41c5a5f\" data-element_type=\"widget\" data-e-type=\"widget\" data-widget_type=\"heading.default\">\n\t\t\t\t<div class=\"elementor-widget-container\">\n\t\t\t\t\t<h1 class=\"elementor-heading-title elementor-size-default\">Plano del camping<\/h1>\t\t\t\t<\/div>\n\t\t\t\t<\/div>\n\t\t\t\t\t<\/div>\n\t\t\t\t<\/div>\n\t\t<div class=\"elementor-element elementor-element-e07ad7a e-flex e-con-boxed e-con e-parent\" data-id=\"e07ad7a\" data-element_type=\"container\" data-e-type=\"container\">\n\t\t\t\t\t<div class=\"e-con-inner\">\n\t\t\t\t<div class=\"elementor-element elementor-element-1be9cb0 elementor-widget elementor-widget-image\" data-id=\"1be9cb0\" data-element_type=\"widget\" data-e-type=\"widget\" data-widget_type=\"image.default\">\n\t\t\t\t<div class=\"elementor-widget-container\">\n\t\t\t\t\t\t\t\t\t\t\t\t\t\t\t\t<a href=\"https:\/\/www.camping-laplage.com\/wp-content\/uploads\/2025\/04\/Plan-Camping-La-Plage-a-Meyronne-dans-Le-Lot.png\" data-elementor-open-lightbox=\"yes\" data-elementor-lightbox-title=\"Plano del Camping La Plage en Meyronne, en el Lot\" data-e-action-hash=\"#elementor-action%3Aaction%3Dlightbox%26settings%3DeyJpZCI6MzY1NywidXJsIjoiaHR0cHM6XC9cL3d3dy5jYW1waW5nLWxhcGxhZ2UuY29tXC93cC1jb250ZW50XC91cGxvYWRzXC8yMDI1XC8wNFwvUGxhbi1DYW1waW5nLUxhLVBsYWdlLWEtTWV5cm9ubmUtZGFucy1MZS1Mb3QucG5nIn0%3D\">\n\t\t\t\t\t\t\t<img fetchpriority=\"high\" decoding=\"async\" width=\"791\" height=\"1024\" src=\"https:\/\/www.camping-laplage.com\/wp-content\/uploads\/2025\/04\/Plan-Camping-La-Plage-a-Meyronne-dans-Le-Lot-791x1024.png\" class=\"attachment-large size-large wp-image-3657\" alt=\"\" srcset=\"https:\/\/www.camping-laplage.com\/wp-content\/uploads\/2025\/04\/Plan-Camping-La-Plage-a-Meyronne-dans-Le-Lot-791x1024.png 791w, https:\/\/www.camping-laplage.com\/wp-content\/uploads\/2025\/04\/Plan-Camping-La-Plage-a-Meyronne-dans-Le-Lot-232x300.png 232w, https:\/\/www.camping-laplage.com\/wp-content\/uploads\/2025\/04\/Plan-Camping-La-Plage-a-Meyronne-dans-Le-Lot-768x994.png 768w, https:\/\/www.camping-laplage.com\/wp-content\/uploads\/2025\/04\/Plan-Camping-La-Plage-a-Meyronne-dans-Le-Lot-1187x1536.png 1187w, https:\/\/www.camping-laplage.com\/wp-content\/uploads\/2025\/04\/Plan-Camping-La-Plage-a-Meyronne-dans-Le-Lot.png 1545w\" sizes=\"(max-width: 791px) 100vw, 791px\" \/>\t\t\t\t\t\t\t\t<\/a>\n\t\t\t\t\t\t\t\t\t\t\t\t\t\t\t<\/div>\n\t\t\t\t<\/div>\n\t\t\t\t<div class=\"elementor-element elementor-element-f0b0300 elementor-align-center elementor-widget elementor-widget-button\" data-id=\"f0b0300\" data-element_type=\"widget\" data-e-type=\"widget\" data-widget_type=\"button.default\">\n\t\t\t\t<div class=\"elementor-widget-container\">\n\t\t\t\t\t\t\t\t\t<div class=\"elementor-button-wrapper\">\n\t\t\t\t\t<a class=\"elementor-button elementor-button-link elementor-size-sm\" href=\"\/wp-content\/uploads\/2025\/04\/Plan-Camping-La-Plage-a-Meyronne-dans-Le-Lot.png\">\n\t\t\t\t\t\t<span class=\"elementor-button-content-wrapper\">\n\t\t\t\t\t\t<span class=\"elementor-button-icon\">\n\t\t\t\t<svg aria-hidden=\"true\" class=\"e-font-icon-svg e-fas-arrow-circle-right\" viewBox=\"0 0 512 512\" xmlns=\"http:\/\/www.w3.org\/2000\/svg\"><path d=\"M256 8c137 0 248 111 248 248S393 504 256 504 8 393 8 256 119 8 256 8zm-28.9 143.6l75.5 72.4H120c-13.3 0-24 10.7-24 24v16c0 13.3 10.7 24 24 24h182.6l-75.5 72.4c-9.7 9.3-9.9 24.8-.4 34.3l11 10.9c9.4 9.4 24.6 9.4 33.9 0L404.3 273c9.4-9.4 9.4-24.6 0-33.9L271.6 106.3c-9.4-9.4-24.6-9.4-33.9 0l-11 10.9c-9.5 9.6-9.3 25.1.4 34.4z\"><\/path><\/svg>\t\t\t<\/span>\n\t\t\t\t\t\t\t\t\t<span class=\"elementor-button-text\">Descargar el plano del camping<\/span>\n\t\t\t\t\t<\/span>\n\t\t\t\t\t<\/a>\n\t\t\t\t<\/div>\n\t\t\t\t\t\t\t\t<\/div>\n\t\t\t\t<\/div>\n\t\t\t\t\t<\/div>\n\t\t\t\t<\/div>\n\t\t\t\t<\/div>\n\t\t","protected":false},"excerpt":{"rendered":"<p>Plano del camping Descargar el plano del camping<\/p>\n","protected":false},"author":1,"featured_media":0,"parent":0,"menu_order":0,"comment_status":"closed","ping_status":"closed","template":"","meta":{"footnotes":""},"class_list":["post-3655","page","type-page","status-publish","hentry"],"yoast_head":"<!-- This site is optimized with the Yoast SEO plugin v27.3 - https:\/\/yoast.com\/product\/yoast-seo-wordpress\/ -->\n<title>Plano del camping cerca de Rocamadour y Padirac | Camping La Plage \ud83d\udca6<\/title>\n<meta name=\"description\" content=\"Consulta el plano del Camping La Plage en Meyronne, cerca de Rocamadour y Padirac, para preparar tu estancia.\" \/>\n<meta name=\"robots\" content=\"index, follow, max-snippet:-1, max-image-preview:large, max-video-preview:-1\" \/>\n<link rel=\"canonical\" href=\"https:\/\/www.camping-laplage.com\/es\/plano-del-camping-la-plage-cerca-de-rocamadour-y-padirac-en-el-valle-del-dordona\/\" \/>\n<meta property=\"og:locale\" content=\"es_ES\" \/>\n<meta property=\"og:type\" content=\"article\" \/>\n<meta property=\"og:title\" content=\"Plano del camping cerca de Rocamadour y Padirac | Camping La Plage \ud83d\udca6\" \/>\n<meta property=\"og:description\" content=\"Consulta el plano del Camping La Plage en Meyronne, cerca de Rocamadour y Padirac, para preparar tu estancia.\" \/>\n<meta property=\"og:url\" content=\"https:\/\/www.camping-laplage.com\/es\/plano-del-camping-la-plage-cerca-de-rocamadour-y-padirac-en-el-valle-del-dordona\/\" \/>\n<meta property=\"og:site_name\" content=\"Camping La Plage \u00e0 Meyronne\" \/>\n<meta property=\"article:publisher\" content=\"https:\/\/www.facebook.com\/campinglaplagemeyronne\/\" \/>\n<meta property=\"article:modified_time\" content=\"2026-03-17T01:57:22+00:00\" \/>\n<meta property=\"og:image\" content=\"https:\/\/camping-laplage.emavista.fr\/wp-content\/uploads\/2025\/04\/Plan-Camping-La-Plage-a-Meyronne-dans-Le-Lot-791x1024.png\" \/>\n<meta name=\"twitter:card\" content=\"summary_large_image\" \/>\n<script type=\"application\/ld+json\" class=\"yoast-schema-graph\">{\"@context\":\"https:\\\/\\\/schema.org\",\"@graph\":[{\"@type\":\"WebPage\",\"@id\":\"https:\\\/\\\/www.camping-laplage.com\\\/es\\\/plano-del-camping-la-plage-cerca-de-rocamadour-y-padirac-en-el-valle-del-dordona\\\/\",\"url\":\"https:\\\/\\\/www.camping-laplage.com\\\/es\\\/plano-del-camping-la-plage-cerca-de-rocamadour-y-padirac-en-el-valle-del-dordona\\\/\",\"name\":\"Plano del camping cerca de Rocamadour y Padirac | Camping La Plage \ud83d\udca6\",\"isPartOf\":{\"@id\":\"https:\\\/\\\/www.camping-laplage.com\\\/es\\\/#website\"},\"primaryImageOfPage\":{\"@id\":\"https:\\\/\\\/www.camping-laplage.com\\\/es\\\/plano-del-camping-la-plage-cerca-de-rocamadour-y-padirac-en-el-valle-del-dordona\\\/#primaryimage\"},\"image\":{\"@id\":\"https:\\\/\\\/www.camping-laplage.com\\\/es\\\/plano-del-camping-la-plage-cerca-de-rocamadour-y-padirac-en-el-valle-del-dordona\\\/#primaryimage\"},\"thumbnailUrl\":\"https:\\\/\\\/camping-laplage.emavista.fr\\\/wp-content\\\/uploads\\\/2025\\\/04\\\/Plan-Camping-La-Plage-a-Meyronne-dans-Le-Lot-791x1024.png\",\"datePublished\":\"2025-04-25T07:39:16+00:00\",\"dateModified\":\"2026-03-17T01:57:22+00:00\",\"description\":\"Consulta el plano del Camping La Plage en Meyronne, cerca de Rocamadour y Padirac, para preparar tu estancia.\",\"breadcrumb\":{\"@id\":\"https:\\\/\\\/www.camping-laplage.com\\\/es\\\/plano-del-camping-la-plage-cerca-de-rocamadour-y-padirac-en-el-valle-del-dordona\\\/#breadcrumb\"},\"inLanguage\":\"es\",\"potentialAction\":[{\"@type\":\"ReadAction\",\"target\":[\"https:\\\/\\\/www.camping-laplage.com\\\/es\\\/plano-del-camping-la-plage-cerca-de-rocamadour-y-padirac-en-el-valle-del-dordona\\\/\"]}]},{\"@type\":\"ImageObject\",\"inLanguage\":\"es\",\"@id\":\"https:\\\/\\\/www.camping-laplage.com\\\/es\\\/plano-del-camping-la-plage-cerca-de-rocamadour-y-padirac-en-el-valle-del-dordona\\\/#primaryimage\",\"url\":\"https:\\\/\\\/camping-laplage.emavista.fr\\\/wp-content\\\/uploads\\\/2025\\\/04\\\/Plan-Camping-La-Plage-a-Meyronne-dans-Le-Lot-791x1024.png\",\"contentUrl\":\"https:\\\/\\\/camping-laplage.emavista.fr\\\/wp-content\\\/uploads\\\/2025\\\/04\\\/Plan-Camping-La-Plage-a-Meyronne-dans-Le-Lot-791x1024.png\"},{\"@type\":\"BreadcrumbList\",\"@id\":\"https:\\\/\\\/www.camping-laplage.com\\\/es\\\/plano-del-camping-la-plage-cerca-de-rocamadour-y-padirac-en-el-valle-del-dordona\\\/#breadcrumb\",\"itemListElement\":[{\"@type\":\"ListItem\",\"position\":1,\"name\":\"Accueil\",\"item\":\"https:\\\/\\\/www.camping-laplage.com\\\/es\\\/\"},{\"@type\":\"ListItem\",\"position\":2,\"name\":\"Plano del Camping La Plage cerca de Rocamadour y Padirac en el valle del Dordo\u00f1a\"}]},{\"@type\":\"WebSite\",\"@id\":\"https:\\\/\\\/www.camping-laplage.com\\\/es\\\/#website\",\"url\":\"https:\\\/\\\/www.camping-laplage.com\\\/es\\\/\",\"name\":\"Camping La Plage \u00e0 Meyronne\",\"description\":\"Familles et couples recherchant un camping en Dordogne avec acc\u00e8s direct \u00e0 la rivi\u00e8re pr\u00e8s de Rocamadour pour des vacances nature dans le Lot.\",\"publisher\":{\"@id\":\"https:\\\/\\\/www.camping-laplage.com\\\/es\\\/#organization\"},\"alternateName\":\"Camping La Plage situ\u00e9 au bord de la Dordogne dans le Lot \u00e0 Meyronne, pr\u00e8s de Rocamadour et du Gouffre de Padirac. Le camping propose des emplacements, des mobil-homes et un acc\u00e8s direct \u00e0 la rivi\u00e8re pour les vacances nature et les activit\u00e9s de plein air dans la Vall\u00e9e de la Dordogne.\",\"potentialAction\":[{\"@type\":\"SearchAction\",\"target\":{\"@type\":\"EntryPoint\",\"urlTemplate\":\"https:\\\/\\\/www.camping-laplage.com\\\/es\\\/?s={search_term_string}\"},\"query-input\":{\"@type\":\"PropertyValueSpecification\",\"valueRequired\":true,\"valueName\":\"search_term_string\"}}],\"inLanguage\":\"es\"},{\"@type\":\"Organization\",\"@id\":\"https:\\\/\\\/www.camping-laplage.com\\\/es\\\/#organization\",\"name\":\"Familles et couples recherchant un camping en Dordogne avec acc\u00e8s direct \u00e0 la rivi\u00e8re pr\u00e8s de Rocamadour pour des vacances nature dans le Lot.\",\"alternateName\":\"Camping La Plage situ\u00e9 au bord de la Dordogne dans le Lot \u00e0 Meyronne, pr\u00e8s de Rocamadour et du Gouffre de Padirac. Le camping propose des emplacements, des mobil-homes et un acc\u00e8s direct \u00e0 la rivi\u00e8re pour les vacances nature et les activit\u00e9s de plein air dans la Vall\u00e9e de la Dordogne.\",\"url\":\"https:\\\/\\\/www.camping-laplage.com\\\/es\\\/\",\"logo\":{\"@type\":\"ImageObject\",\"inLanguage\":\"es\",\"@id\":\"https:\\\/\\\/www.camping-laplage.com\\\/es\\\/#\\\/schema\\\/logo\\\/image\\\/\",\"url\":\"https:\\\/\\\/www.camping-laplage.com\\\/wp-content\\\/uploads\\\/2026\\\/02\\\/Camping-la-Plage-au-bord-de-la-Dordogne-Logo.svg\",\"contentUrl\":\"https:\\\/\\\/www.camping-laplage.com\\\/wp-content\\\/uploads\\\/2026\\\/02\\\/Camping-la-Plage-au-bord-de-la-Dordogne-Logo.svg\",\"width\":1125,\"height\":1124,\"caption\":\"Familles et couples recherchant un camping en Dordogne avec acc\u00e8s direct \u00e0 la rivi\u00e8re pr\u00e8s de Rocamadour pour des vacances nature dans le Lot.\"},\"image\":{\"@id\":\"https:\\\/\\\/www.camping-laplage.com\\\/es\\\/#\\\/schema\\\/logo\\\/image\\\/\"},\"sameAs\":[\"https:\\\/\\\/www.facebook.com\\\/campinglaplagemeyronne\\\/\"]}]}<\/script>\n<!-- \/ Yoast SEO plugin. -->","yoast_head_json":{"title":"Plano del camping cerca de Rocamadour y Padirac | Camping La Plage \ud83d\udca6","description":"Consulta el plano del Camping La Plage en Meyronne, cerca de Rocamadour y Padirac, para preparar tu estancia.","robots":{"index":"index","follow":"follow","max-snippet":"max-snippet:-1","max-image-preview":"max-image-preview:large","max-video-preview":"max-video-preview:-1"},"canonical":"https:\/\/www.camping-laplage.com\/es\/plano-del-camping-la-plage-cerca-de-rocamadour-y-padirac-en-el-valle-del-dordona\/","og_locale":"es_ES","og_type":"article","og_title":"Plano del camping cerca de Rocamadour y Padirac | Camping La Plage \ud83d\udca6","og_description":"Consulta el plano del Camping La Plage en Meyronne, cerca de Rocamadour y Padirac, para preparar tu estancia.","og_url":"https:\/\/www.camping-laplage.com\/es\/plano-del-camping-la-plage-cerca-de-rocamadour-y-padirac-en-el-valle-del-dordona\/","og_site_name":"Camping La Plage \u00e0 Meyronne","article_publisher":"https:\/\/www.facebook.com\/campinglaplagemeyronne\/","article_modified_time":"2026-03-17T01:57:22+00:00","og_image":[{"url":"https:\/\/camping-laplage.emavista.fr\/wp-content\/uploads\/2025\/04\/Plan-Camping-La-Plage-a-Meyronne-dans-Le-Lot-791x1024.png","type":"","width":"","height":""}],"twitter_card":"summary_large_image","schema":{"@context":"https:\/\/schema.org","@graph":[{"@type":"WebPage","@id":"https:\/\/www.camping-laplage.com\/es\/plano-del-camping-la-plage-cerca-de-rocamadour-y-padirac-en-el-valle-del-dordona\/","url":"https:\/\/www.camping-laplage.com\/es\/plano-del-camping-la-plage-cerca-de-rocamadour-y-padirac-en-el-valle-del-dordona\/","name":"Plano del camping cerca de Rocamadour y Padirac | Camping La Plage \ud83d\udca6","isPartOf":{"@id":"https:\/\/www.camping-laplage.com\/es\/#website"},"primaryImageOfPage":{"@id":"https:\/\/www.camping-laplage.com\/es\/plano-del-camping-la-plage-cerca-de-rocamadour-y-padirac-en-el-valle-del-dordona\/#primaryimage"},"image":{"@id":"https:\/\/www.camping-laplage.com\/es\/plano-del-camping-la-plage-cerca-de-rocamadour-y-padirac-en-el-valle-del-dordona\/#primaryimage"},"thumbnailUrl":"https:\/\/camping-laplage.emavista.fr\/wp-content\/uploads\/2025\/04\/Plan-Camping-La-Plage-a-Meyronne-dans-Le-Lot-791x1024.png","datePublished":"2025-04-25T07:39:16+00:00","dateModified":"2026-03-17T01:57:22+00:00","description":"Consulta el plano del Camping La Plage en Meyronne, cerca de Rocamadour y Padirac, para preparar tu estancia.","breadcrumb":{"@id":"https:\/\/www.camping-laplage.com\/es\/plano-del-camping-la-plage-cerca-de-rocamadour-y-padirac-en-el-valle-del-dordona\/#breadcrumb"},"inLanguage":"es","potentialAction":[{"@type":"ReadAction","target":["https:\/\/www.camping-laplage.com\/es\/plano-del-camping-la-plage-cerca-de-rocamadour-y-padirac-en-el-valle-del-dordona\/"]}]},{"@type":"ImageObject","inLanguage":"es","@id":"https:\/\/www.camping-laplage.com\/es\/plano-del-camping-la-plage-cerca-de-rocamadour-y-padirac-en-el-valle-del-dordona\/#primaryimage","url":"https:\/\/camping-laplage.emavista.fr\/wp-content\/uploads\/2025\/04\/Plan-Camping-La-Plage-a-Meyronne-dans-Le-Lot-791x1024.png","contentUrl":"https:\/\/camping-laplage.emavista.fr\/wp-content\/uploads\/2025\/04\/Plan-Camping-La-Plage-a-Meyronne-dans-Le-Lot-791x1024.png"},{"@type":"BreadcrumbList","@id":"https:\/\/www.camping-laplage.com\/es\/plano-del-camping-la-plage-cerca-de-rocamadour-y-padirac-en-el-valle-del-dordona\/#breadcrumb","itemListElement":[{"@type":"ListItem","position":1,"name":"Accueil","item":"https:\/\/www.camping-laplage.com\/es\/"},{"@type":"ListItem","position":2,"name":"Plano del Camping La Plage cerca de Rocamadour y Padirac en el valle del Dordo\u00f1a"}]},{"@type":"WebSite","@id":"https:\/\/www.camping-laplage.com\/es\/#website","url":"https:\/\/www.camping-laplage.com\/es\/","name":"Camping La Plage \u00e0 Meyronne","description":"Familles et couples recherchant un camping en Dordogne avec acc\u00e8s direct \u00e0 la rivi\u00e8re pr\u00e8s de Rocamadour pour des vacances nature dans le Lot.","publisher":{"@id":"https:\/\/www.camping-laplage.com\/es\/#organization"},"alternateName":"Camping La Plage situ\u00e9 au bord de la Dordogne dans le Lot \u00e0 Meyronne, pr\u00e8s de Rocamadour et du Gouffre de Padirac. Le camping propose des emplacements, des mobil-homes et un acc\u00e8s direct \u00e0 la rivi\u00e8re pour les vacances nature et les activit\u00e9s de plein air dans la Vall\u00e9e de la Dordogne.","potentialAction":[{"@type":"SearchAction","target":{"@type":"EntryPoint","urlTemplate":"https:\/\/www.camping-laplage.com\/es\/?s={search_term_string}"},"query-input":{"@type":"PropertyValueSpecification","valueRequired":true,"valueName":"search_term_string"}}],"inLanguage":"es"},{"@type":"Organization","@id":"https:\/\/www.camping-laplage.com\/es\/#organization","name":"Familles et couples recherchant un camping en Dordogne avec acc\u00e8s direct \u00e0 la rivi\u00e8re pr\u00e8s de Rocamadour pour des vacances nature dans le Lot.","alternateName":"Camping La Plage situ\u00e9 au bord de la Dordogne dans le Lot \u00e0 Meyronne, pr\u00e8s de Rocamadour et du Gouffre de Padirac. Le camping propose des emplacements, des mobil-homes et un acc\u00e8s direct \u00e0 la rivi\u00e8re pour les vacances nature et les activit\u00e9s de plein air dans la Vall\u00e9e de la Dordogne.","url":"https:\/\/www.camping-laplage.com\/es\/","logo":{"@type":"ImageObject","inLanguage":"es","@id":"https:\/\/www.camping-laplage.com\/es\/#\/schema\/logo\/image\/","url":"https:\/\/www.camping-laplage.com\/wp-content\/uploads\/2026\/02\/Camping-la-Plage-au-bord-de-la-Dordogne-Logo.svg","contentUrl":"https:\/\/www.camping-laplage.com\/wp-content\/uploads\/2026\/02\/Camping-la-Plage-au-bord-de-la-Dordogne-Logo.svg","width":1125,"height":1124,"caption":"Familles et couples recherchant un camping en Dordogne avec acc\u00e8s direct \u00e0 la rivi\u00e8re pr\u00e8s de Rocamadour pour des vacances nature dans le Lot."},"image":{"@id":"https:\/\/www.camping-laplage.com\/es\/#\/schema\/logo\/image\/"},"sameAs":["https:\/\/www.facebook.com\/campinglaplagemeyronne\/"]}]}},"_links":{"self":[{"href":"https:\/\/www.camping-laplage.com\/es\/wp-json\/wp\/v2\/pages\/3655","targetHints":{"allow":["GET"]}}],"collection":[{"href":"https:\/\/www.camping-laplage.com\/es\/wp-json\/wp\/v2\/pages"}],"about":[{"href":"https:\/\/www.camping-laplage.com\/es\/wp-json\/wp\/v2\/types\/page"}],"author":[{"embeddable":true,"href":"https:\/\/www.camping-laplage.com\/es\/wp-json\/wp\/v2\/users\/1"}],"replies":[{"embeddable":true,"href":"https:\/\/www.camping-laplage.com\/es\/wp-json\/wp\/v2\/comments?post=3655"}],"version-history":[{"count":0,"href":"https:\/\/www.camping-laplage.com\/es\/wp-json\/wp\/v2\/pages\/3655\/revisions"}],"wp:attachment":[{"href":"https:\/\/www.camping-laplage.com\/es\/wp-json\/wp\/v2\/media?parent=3655"}],"curies":[{"name":"wp","href":"https:\/\/api.w.org\/{rel}","templated":true}]}}