{"id":3656,"date":"2025-04-25T07:36:53","date_gmt":"2025-04-25T07:36:53","guid":{"rendered":"https:\/\/camping-laplage.emavista.fr\/tarieven-van-camping-la-plage-bij-rocamadour-en-padirac-in-de-dordognevallei\/"},"modified":"2026-03-17T01:57:18","modified_gmt":"2026-03-17T01:57:18","slug":"tarieven-van-camping-la-plage-bij-rocamadour-en-padirac-in-de-dordognevallei","status":"publish","type":"page","link":"https:\/\/www.camping-laplage.com\/nl\/tarieven-van-camping-la-plage-bij-rocamadour-en-padirac-in-de-dordognevallei\/","title":{"rendered":"Tarieven van Camping La Plage bij Rocamadour en Padirac in de Dordognevallei"},"content":{"rendered":"\t\t<div data-elementor-type=\"wp-page\" data-elementor-id=\"3656\" class=\"elementor elementor-3656 elementor-513\" data-elementor-post-type=\"page\">\n\t\t\t\t<div class=\"elementor-element elementor-element-cce3361 e-flex e-con-boxed e-con e-parent\" data-id=\"cce3361\" data-element_type=\"container\" data-e-type=\"container\" data-settings=\"{&quot;background_background&quot;:&quot;classic&quot;}\">\n\t\t\t\t\t<div class=\"e-con-inner\">\n\t\t\t\t<div class=\"elementor-element elementor-element-4844b50 elementor-widget elementor-widget-heading\" data-id=\"4844b50\" data-element_type=\"widget\" data-e-type=\"widget\" data-widget_type=\"heading.default\">\n\t\t\t\t<div class=\"elementor-widget-container\">\n\t\t\t\t\t<h1 class=\"elementor-heading-title elementor-size-default\">Tarieven 2026<\/h1>\t\t\t\t<\/div>\n\t\t\t\t<\/div>\n\t\t\t\t\t<\/div>\n\t\t\t\t<\/div>\n\t\t<div class=\"elementor-element elementor-element-916117b e-flex e-con-boxed e-con e-parent\" data-id=\"916117b\" data-element_type=\"container\" data-e-type=\"container\">\n\t\t\t\t\t<div class=\"e-con-inner\">\n\t\t\t\t<div class=\"elementor-element elementor-element-6f77c37 elementor-widget__width-initial elementor-widget elementor-widget-html\" data-id=\"6f77c37\" data-element_type=\"widget\" data-e-type=\"widget\" data-widget_type=\"html.default\">\n\t\t\t\t<div class=\"elementor-widget-container\">\n\t\t\t\t\t<iframe src=\"https:\/\/www.camping-laplage.com\/wp-content\/uploads\/2025\/12\/2026-Tarifs-camping-de-la-plage.pdf\" width=\"100%\" height=\"800px\" style=\"border: none;\"><\/iframe>\t\t\t\t<\/div>\n\t\t\t\t<\/div>\n\t\t\t\t<div class=\"elementor-element elementor-element-fa9e391 elementor-align-center elementor-widget elementor-widget-button\" data-id=\"fa9e391\" data-element_type=\"widget\" data-e-type=\"widget\" data-widget_type=\"button.default\">\n\t\t\t\t<div class=\"elementor-widget-container\">\n\t\t\t\t\t\t\t\t\t<div class=\"elementor-button-wrapper\">\n\t\t\t\t\t<a class=\"elementor-button elementor-button-link elementor-size-sm\" href=\"https:\/\/www.camping-laplage.com\/wp-content\/uploads\/2025\/12\/2026-Tarifs-camping-de-la-plage.pdf\" target=\"_blank\">\n\t\t\t\t\t\t<span class=\"elementor-button-content-wrapper\">\n\t\t\t\t\t\t\t\t\t<span class=\"elementor-button-text\">Tarieven 2026 downloaden<\/span>\n\t\t\t\t\t<\/span>\n\t\t\t\t\t<\/a>\n\t\t\t\t<\/div>\n\t\t\t\t\t\t\t\t<\/div>\n\t\t\t\t<\/div>\n\t\t\t\t\t<\/div>\n\t\t\t\t<\/div>\n\t\t\t\t<\/div>\n\t\t","protected":false},"excerpt":{"rendered":"<p>Tarieven 2026 Tarieven 2026 downloaden<\/p>\n","protected":false},"author":1,"featured_media":0,"parent":0,"menu_order":0,"comment_status":"closed","ping_status":"closed","template":"","meta":{"footnotes":""},"class_list":["post-3656","page","type-page","status-publish","hentry"],"yoast_head":"<!-- This site is optimized with the Yoast SEO plugin v27.3 - https:\/\/yoast.com\/product\/yoast-seo-wordpress\/ -->\n<title>Tarieven camping bij Rocamadour en Padirac | Camping La Plage \ud83d\udca6<\/title>\n<meta name=\"description\" content=\"Bekijk de tarieven van Camping La Plage in Meyronne bij Rocamadour en Padirac.\" \/>\n<meta name=\"robots\" content=\"index, follow, max-snippet:-1, max-image-preview:large, max-video-preview:-1\" \/>\n<link rel=\"canonical\" href=\"https:\/\/www.camping-laplage.com\/nl\/tarieven-van-camping-la-plage-bij-rocamadour-en-padirac-in-de-dordognevallei\/\" \/>\n<meta property=\"og:locale\" content=\"nl_NL\" \/>\n<meta property=\"og:type\" content=\"article\" \/>\n<meta property=\"og:title\" content=\"Tarieven camping bij Rocamadour en Padirac | Camping La Plage \ud83d\udca6\" \/>\n<meta property=\"og:description\" content=\"Bekijk de tarieven van Camping La Plage in Meyronne bij Rocamadour en Padirac.\" \/>\n<meta property=\"og:url\" content=\"https:\/\/www.camping-laplage.com\/nl\/tarieven-van-camping-la-plage-bij-rocamadour-en-padirac-in-de-dordognevallei\/\" \/>\n<meta property=\"og:site_name\" content=\"Camping La Plage \u00e0 Meyronne\" \/>\n<meta property=\"article:publisher\" content=\"https:\/\/www.facebook.com\/campinglaplagemeyronne\/\" \/>\n<meta property=\"article:modified_time\" content=\"2026-03-17T01:57:18+00:00\" \/>\n<meta property=\"og:image\" content=\"https:\/\/www.camping-laplage.com\/wp-content\/uploads\/2025\/12\/Camping-La-Plage-a-Meyronne-dans-le-Lot-et-la-Vallee-de-Dordogne-Camping-en-bord-de-Riviere-en-Occitanie-Piscine-2.jpg\" \/>\n\t<meta property=\"og:image:width\" content=\"1200\" \/>\n\t<meta property=\"og:image:height\" content=\"900\" \/>\n\t<meta property=\"og:image:type\" content=\"image\/jpeg\" \/>\n<meta name=\"twitter:card\" content=\"summary_large_image\" \/>\n<script type=\"application\/ld+json\" class=\"yoast-schema-graph\">{\"@context\":\"https:\\\/\\\/schema.org\",\"@graph\":[{\"@type\":\"WebPage\",\"@id\":\"https:\\\/\\\/www.camping-laplage.com\\\/nl\\\/tarieven-van-camping-la-plage-bij-rocamadour-en-padirac-in-de-dordognevallei\\\/\",\"url\":\"https:\\\/\\\/www.camping-laplage.com\\\/nl\\\/tarieven-van-camping-la-plage-bij-rocamadour-en-padirac-in-de-dordognevallei\\\/\",\"name\":\"Tarieven camping bij Rocamadour en Padirac | Camping La Plage \ud83d\udca6\",\"isPartOf\":{\"@id\":\"https:\\\/\\\/www.camping-laplage.com\\\/nl\\\/#website\"},\"datePublished\":\"2025-04-25T07:36:53+00:00\",\"dateModified\":\"2026-03-17T01:57:18+00:00\",\"description\":\"Bekijk de tarieven van Camping La Plage in Meyronne bij Rocamadour en Padirac.\",\"breadcrumb\":{\"@id\":\"https:\\\/\\\/www.camping-laplage.com\\\/nl\\\/tarieven-van-camping-la-plage-bij-rocamadour-en-padirac-in-de-dordognevallei\\\/#breadcrumb\"},\"inLanguage\":\"nl-NL\",\"potentialAction\":[{\"@type\":\"ReadAction\",\"target\":[\"https:\\\/\\\/www.camping-laplage.com\\\/nl\\\/tarieven-van-camping-la-plage-bij-rocamadour-en-padirac-in-de-dordognevallei\\\/\"]}]},{\"@type\":\"BreadcrumbList\",\"@id\":\"https:\\\/\\\/www.camping-laplage.com\\\/nl\\\/tarieven-van-camping-la-plage-bij-rocamadour-en-padirac-in-de-dordognevallei\\\/#breadcrumb\",\"itemListElement\":[{\"@type\":\"ListItem\",\"position\":1,\"name\":\"Accueil\",\"item\":\"https:\\\/\\\/www.camping-laplage.com\\\/nl\\\/\"},{\"@type\":\"ListItem\",\"position\":2,\"name\":\"Tarieven van Camping La Plage bij Rocamadour en Padirac in de Dordognevallei\"}]},{\"@type\":\"WebSite\",\"@id\":\"https:\\\/\\\/www.camping-laplage.com\\\/nl\\\/#website\",\"url\":\"https:\\\/\\\/www.camping-laplage.com\\\/nl\\\/\",\"name\":\"Camping La Plage \u00e0 Meyronne\",\"description\":\"Familles et couples recherchant un camping en Dordogne avec acc\u00e8s direct \u00e0 la rivi\u00e8re pr\u00e8s de Rocamadour pour des vacances nature dans le Lot.\",\"publisher\":{\"@id\":\"https:\\\/\\\/www.camping-laplage.com\\\/nl\\\/#organization\"},\"alternateName\":\"Camping La Plage situ\u00e9 au bord de la Dordogne dans le Lot \u00e0 Meyronne, pr\u00e8s de Rocamadour et du Gouffre de Padirac. Le camping propose des emplacements, des mobil-homes et un acc\u00e8s direct \u00e0 la rivi\u00e8re pour les vacances nature et les activit\u00e9s de plein air dans la Vall\u00e9e de la Dordogne.\",\"potentialAction\":[{\"@type\":\"SearchAction\",\"target\":{\"@type\":\"EntryPoint\",\"urlTemplate\":\"https:\\\/\\\/www.camping-laplage.com\\\/nl\\\/?s={search_term_string}\"},\"query-input\":{\"@type\":\"PropertyValueSpecification\",\"valueRequired\":true,\"valueName\":\"search_term_string\"}}],\"inLanguage\":\"nl-NL\"},{\"@type\":\"Organization\",\"@id\":\"https:\\\/\\\/www.camping-laplage.com\\\/nl\\\/#organization\",\"name\":\"Familles et couples recherchant un camping en Dordogne avec acc\u00e8s direct \u00e0 la rivi\u00e8re pr\u00e8s de Rocamadour pour des vacances nature dans le Lot.\",\"alternateName\":\"Camping La Plage situ\u00e9 au bord de la Dordogne dans le Lot \u00e0 Meyronne, pr\u00e8s de Rocamadour et du Gouffre de Padirac. Le camping propose des emplacements, des mobil-homes et un acc\u00e8s direct \u00e0 la rivi\u00e8re pour les vacances nature et les activit\u00e9s de plein air dans la Vall\u00e9e de la Dordogne.\",\"url\":\"https:\\\/\\\/www.camping-laplage.com\\\/nl\\\/\",\"logo\":{\"@type\":\"ImageObject\",\"inLanguage\":\"nl-NL\",\"@id\":\"https:\\\/\\\/www.camping-laplage.com\\\/nl\\\/#\\\/schema\\\/logo\\\/image\\\/\",\"url\":\"https:\\\/\\\/www.camping-laplage.com\\\/wp-content\\\/uploads\\\/2026\\\/02\\\/Camping-la-Plage-au-bord-de-la-Dordogne-Logo.svg\",\"contentUrl\":\"https:\\\/\\\/www.camping-laplage.com\\\/wp-content\\\/uploads\\\/2026\\\/02\\\/Camping-la-Plage-au-bord-de-la-Dordogne-Logo.svg\",\"width\":1125,\"height\":1124,\"caption\":\"Familles et couples recherchant un camping en Dordogne avec acc\u00e8s direct \u00e0 la rivi\u00e8re pr\u00e8s de Rocamadour pour des vacances nature dans le Lot.\"},\"image\":{\"@id\":\"https:\\\/\\\/www.camping-laplage.com\\\/nl\\\/#\\\/schema\\\/logo\\\/image\\\/\"},\"sameAs\":[\"https:\\\/\\\/www.facebook.com\\\/campinglaplagemeyronne\\\/\"]}]}<\/script>\n<!-- \/ Yoast SEO plugin. -->","yoast_head_json":{"title":"Tarieven camping bij Rocamadour en Padirac | Camping La Plage \ud83d\udca6","description":"Bekijk de tarieven van Camping La Plage in Meyronne bij Rocamadour en Padirac.","robots":{"index":"index","follow":"follow","max-snippet":"max-snippet:-1","max-image-preview":"max-image-preview:large","max-video-preview":"max-video-preview:-1"},"canonical":"https:\/\/www.camping-laplage.com\/nl\/tarieven-van-camping-la-plage-bij-rocamadour-en-padirac-in-de-dordognevallei\/","og_locale":"nl_NL","og_type":"article","og_title":"Tarieven camping bij Rocamadour en Padirac | Camping La Plage \ud83d\udca6","og_description":"Bekijk de tarieven van Camping La Plage in Meyronne bij Rocamadour en Padirac.","og_url":"https:\/\/www.camping-laplage.com\/nl\/tarieven-van-camping-la-plage-bij-rocamadour-en-padirac-in-de-dordognevallei\/","og_site_name":"Camping La Plage \u00e0 Meyronne","article_publisher":"https:\/\/www.facebook.com\/campinglaplagemeyronne\/","article_modified_time":"2026-03-17T01:57:18+00:00","og_image":[{"width":1200,"height":900,"url":"https:\/\/www.camping-laplage.com\/wp-content\/uploads\/2025\/12\/Camping-La-Plage-a-Meyronne-dans-le-Lot-et-la-Vallee-de-Dordogne-Camping-en-bord-de-Riviere-en-Occitanie-Piscine-2.jpg","type":"image\/jpeg"}],"twitter_card":"summary_large_image","schema":{"@context":"https:\/\/schema.org","@graph":[{"@type":"WebPage","@id":"https:\/\/www.camping-laplage.com\/nl\/tarieven-van-camping-la-plage-bij-rocamadour-en-padirac-in-de-dordognevallei\/","url":"https:\/\/www.camping-laplage.com\/nl\/tarieven-van-camping-la-plage-bij-rocamadour-en-padirac-in-de-dordognevallei\/","name":"Tarieven camping bij Rocamadour en Padirac | Camping La Plage \ud83d\udca6","isPartOf":{"@id":"https:\/\/www.camping-laplage.com\/nl\/#website"},"datePublished":"2025-04-25T07:36:53+00:00","dateModified":"2026-03-17T01:57:18+00:00","description":"Bekijk de tarieven van Camping La Plage in Meyronne bij Rocamadour en Padirac.","breadcrumb":{"@id":"https:\/\/www.camping-laplage.com\/nl\/tarieven-van-camping-la-plage-bij-rocamadour-en-padirac-in-de-dordognevallei\/#breadcrumb"},"inLanguage":"nl-NL","potentialAction":[{"@type":"ReadAction","target":["https:\/\/www.camping-laplage.com\/nl\/tarieven-van-camping-la-plage-bij-rocamadour-en-padirac-in-de-dordognevallei\/"]}]},{"@type":"BreadcrumbList","@id":"https:\/\/www.camping-laplage.com\/nl\/tarieven-van-camping-la-plage-bij-rocamadour-en-padirac-in-de-dordognevallei\/#breadcrumb","itemListElement":[{"@type":"ListItem","position":1,"name":"Accueil","item":"https:\/\/www.camping-laplage.com\/nl\/"},{"@type":"ListItem","position":2,"name":"Tarieven van Camping La Plage bij Rocamadour en Padirac in de Dordognevallei"}]},{"@type":"WebSite","@id":"https:\/\/www.camping-laplage.com\/nl\/#website","url":"https:\/\/www.camping-laplage.com\/nl\/","name":"Camping La Plage \u00e0 Meyronne","description":"Familles et couples recherchant un camping en Dordogne avec acc\u00e8s direct \u00e0 la rivi\u00e8re pr\u00e8s de Rocamadour pour des vacances nature dans le Lot.","publisher":{"@id":"https:\/\/www.camping-laplage.com\/nl\/#organization"},"alternateName":"Camping La Plage situ\u00e9 au bord de la Dordogne dans le Lot \u00e0 Meyronne, pr\u00e8s de Rocamadour et du Gouffre de Padirac. Le camping propose des emplacements, des mobil-homes et un acc\u00e8s direct \u00e0 la rivi\u00e8re pour les vacances nature et les activit\u00e9s de plein air dans la Vall\u00e9e de la Dordogne.","potentialAction":[{"@type":"SearchAction","target":{"@type":"EntryPoint","urlTemplate":"https:\/\/www.camping-laplage.com\/nl\/?s={search_term_string}"},"query-input":{"@type":"PropertyValueSpecification","valueRequired":true,"valueName":"search_term_string"}}],"inLanguage":"nl-NL"},{"@type":"Organization","@id":"https:\/\/www.camping-laplage.com\/nl\/#organization","name":"Familles et couples recherchant un camping en Dordogne avec acc\u00e8s direct \u00e0 la rivi\u00e8re pr\u00e8s de Rocamadour pour des vacances nature dans le Lot.","alternateName":"Camping La Plage situ\u00e9 au bord de la Dordogne dans le Lot \u00e0 Meyronne, pr\u00e8s de Rocamadour et du Gouffre de Padirac. Le camping propose des emplacements, des mobil-homes et un acc\u00e8s direct \u00e0 la rivi\u00e8re pour les vacances nature et les activit\u00e9s de plein air dans la Vall\u00e9e de la Dordogne.","url":"https:\/\/www.camping-laplage.com\/nl\/","logo":{"@type":"ImageObject","inLanguage":"nl-NL","@id":"https:\/\/www.camping-laplage.com\/nl\/#\/schema\/logo\/image\/","url":"https:\/\/www.camping-laplage.com\/wp-content\/uploads\/2026\/02\/Camping-la-Plage-au-bord-de-la-Dordogne-Logo.svg","contentUrl":"https:\/\/www.camping-laplage.com\/wp-content\/uploads\/2026\/02\/Camping-la-Plage-au-bord-de-la-Dordogne-Logo.svg","width":1125,"height":1124,"caption":"Familles et couples recherchant un camping en Dordogne avec acc\u00e8s direct \u00e0 la rivi\u00e8re pr\u00e8s de Rocamadour pour des vacances nature dans le Lot."},"image":{"@id":"https:\/\/www.camping-laplage.com\/nl\/#\/schema\/logo\/image\/"},"sameAs":["https:\/\/www.facebook.com\/campinglaplagemeyronne\/"]}]}},"_links":{"self":[{"href":"https:\/\/www.camping-laplage.com\/nl\/wp-json\/wp\/v2\/pages\/3656","targetHints":{"allow":["GET"]}}],"collection":[{"href":"https:\/\/www.camping-laplage.com\/nl\/wp-json\/wp\/v2\/pages"}],"about":[{"href":"https:\/\/www.camping-laplage.com\/nl\/wp-json\/wp\/v2\/types\/page"}],"author":[{"embeddable":true,"href":"https:\/\/www.camping-laplage.com\/nl\/wp-json\/wp\/v2\/users\/1"}],"replies":[{"embeddable":true,"href":"https:\/\/www.camping-laplage.com\/nl\/wp-json\/wp\/v2\/comments?post=3656"}],"version-history":[{"count":0,"href":"https:\/\/www.camping-laplage.com\/nl\/wp-json\/wp\/v2\/pages\/3656\/revisions"}],"wp:attachment":[{"href":"https:\/\/www.camping-laplage.com\/nl\/wp-json\/wp\/v2\/media?parent=3656"}],"curies":[{"name":"wp","href":"https:\/\/api.w.org\/{rel}","templated":true}]}}