{"id":4031,"date":"2025-04-24T14:15:50","date_gmt":"2025-04-24T14:15:50","guid":{"rendered":"https:\/\/www.camping-laplage.com\/cookies-trackers\/"},"modified":"2026-03-30T17:38:01","modified_gmt":"2026-03-30T17:38:01","slug":"cookies-trackers","status":"publish","type":"page","link":"https:\/\/www.camping-laplage.com\/nl\/cookies-trackers\/","title":{"rendered":"Cookies &amp; trackers"},"content":{"rendered":"\t\t<div data-elementor-type=\"wp-page\" data-elementor-id=\"4031\" class=\"elementor elementor-4031 elementor-381\" data-elementor-post-type=\"page\">\n\t\t\t\t<div class=\"elementor-element elementor-element-77abe18 e-flex e-con-boxed e-con e-parent\" data-id=\"77abe18\" data-element_type=\"container\" data-e-type=\"container\" data-settings=\"{&quot;background_background&quot;:&quot;classic&quot;}\">\n\t\t\t\t\t<div class=\"e-con-inner\">\n\t\t\t\t\t<\/div>\n\t\t\t\t<\/div>\n\t\t<div class=\"elementor-element elementor-element-0ce4264 e-con-full e-flex e-con e-parent\" data-id=\"0ce4264\" data-element_type=\"container\" data-e-type=\"container\">\n\t\t\t\t<div class=\"elementor-element elementor-element-01234f2 elementor-widget elementor-widget-shortcode\" data-id=\"01234f2\" data-element_type=\"widget\" data-e-type=\"widget\" data-widget_type=\"shortcode.default\">\n\t\t\t\t<div class=\"elementor-widget-container\">\n\t\t\t\t\t\t\t<div class=\"elementor-shortcode\">\t\t<div data-elementor-type=\"section\" data-elementor-id=\"4196\" class=\"elementor elementor-4196 elementor-53 elementor-53\" data-elementor-post-type=\"elementor_library\">\n\t\t\t<div class=\"elementor-element elementor-element-081a621 e-flex e-con-boxed e-con e-parent\" data-id=\"081a621\" data-element_type=\"container\" data-e-type=\"container\" data-settings=\"{&quot;background_background&quot;:&quot;classic&quot;}\">\n\t\t\t\t\t<div class=\"e-con-inner\">\n\t\t\t\t<div class=\"elementor-element elementor-element-59ef112 elementor-widget elementor-widget-html\" data-id=\"59ef112\" data-element_type=\"widget\" data-e-type=\"widget\" data-widget_type=\"html.default\">\n\t\t\t\t<div class=\"elementor-widget-container\">\n\t\t\t\t\t<ctv-searchbar><\/ctv-searchbar><\/ctv-searchbar>\t\t\t\t<\/div>\n\t\t\t\t<\/div>\n\t\t\t\t\t<\/div>\n\t\t\t\t<\/div>\n\t\t\t\t<\/div>\n\t\t<\/div>\n\t\t\t\t\t\t<\/div>\n\t\t\t\t<\/div>\n\t\t\t\t<\/div>\n\t\t<div class=\"elementor-element elementor-element-1970e92 e-flex e-con-boxed e-con e-parent\" data-id=\"1970e92\" data-element_type=\"container\" data-e-type=\"container\" data-settings=\"{&quot;background_background&quot;:&quot;classic&quot;,&quot;shape_divider_bottom&quot;:&quot;waves&quot;}\">\n\t\t\t\t\t<div class=\"e-con-inner\">\n\t\t\t\t<div class=\"elementor-shape elementor-shape-bottom\" aria-hidden=\"true\" data-negative=\"false\">\n\t\t\t<svg xmlns=\"http:\/\/www.w3.org\/2000\/svg\" viewBox=\"0 0 1000 100\" preserveAspectRatio=\"none\">\n\t<path class=\"elementor-shape-fill\" d=\"M421.9,6.5c22.6-2.5,51.5,0.4,75.5,5.3c23.6,4.9,70.9,23.5,100.5,35.7c75.8,32.2,133.7,44.5,192.6,49.7\n\tc23.6,2.1,48.7,3.5,103.4-2.5c54.7-6,106.2-25.6,106.2-25.6V0H0v30.3c0,0,72,32.6,158.4,30.5c39.2-0.7,92.8-6.7,134-22.4\n\tc21.2-8.1,52.2-18.2,79.7-24.2C399.3,7.9,411.6,7.5,421.9,6.5z\"\/>\n<\/svg>\t\t<\/div>\n\t\t\t\t<div class=\"elementor-element elementor-element-1b7e729 elementor-invisible elementor-widget elementor-widget-heading\" data-id=\"1b7e729\" data-element_type=\"widget\" data-e-type=\"widget\" data-settings=\"{&quot;_animation&quot;:&quot;fadeIn&quot;}\" data-widget_type=\"heading.default\">\n\t\t\t\t<div class=\"elementor-widget-container\">\n\t\t\t\t\t<p class=\"elementor-heading-title elementor-size-default\">Cookies &amp; trackers\n<\/p>\t\t\t\t<\/div>\n\t\t\t\t<\/div>\n\t\t\t\t<div class=\"elementor-element elementor-element-2b21725 elementor-invisible elementor-widget elementor-widget-image\" data-id=\"2b21725\" data-element_type=\"widget\" data-e-type=\"widget\" data-settings=\"{&quot;_animation&quot;:&quot;fadeIn&quot;}\" data-widget_type=\"image.default\">\n\t\t\t\t<div class=\"elementor-widget-container\">\n\t\t\t\t\t\t\t\t\t\t\t\t\t\t\t<img fetchpriority=\"high\" decoding=\"async\" width=\"500\" height=\"500\" src=\"https:\/\/www.camping-laplage.com\/wp-content\/uploads\/2025\/04\/Camping-de-la-plage-dans-le-lot-et-la-vallee-de-dordogne-ornementation-doree.svg\" class=\"attachment-large size-large wp-image-3006\" alt=\"\" \/>\t\t\t\t\t\t\t\t\t\t\t\t\t\t\t<\/div>\n\t\t\t\t<\/div>\n\t\t\t\t\t<\/div>\n\t\t\t\t<\/div>\n\t\t<div class=\"elementor-element elementor-element-48d8c37 e-flex e-con-boxed e-con e-parent\" data-id=\"48d8c37\" data-element_type=\"container\" data-e-type=\"container\">\n\t\t\t\t\t<div class=\"e-con-inner\">\n\t\t\t\t<div class=\"elementor-element elementor-element-4b92782 elementor-widget elementor-widget-text-editor\" data-id=\"4b92782\" data-element_type=\"widget\" data-e-type=\"widget\" data-widget_type=\"text-editor.default\">\n\t\t\t\t<div class=\"elementor-widget-container\">\n\t\t\t\t\t\t\t\t\t<p>Tijdens je bezoek aan onze website kunnen er cookies op je apparaat worden geplaatst voor een maximale duur van 12 maanden. Deze cookies kunnen niet worden gebruikt om persoonlijke gegevens op je harde schijf op te halen, virussen te installeren, programma\u2019s uit te voeren, je e-mailadres te lezen of toegang te krijgen tot je persoonlijke informatie. <\/p><p>Een <b>cookie<\/b> is een tekstbestand dat tijdelijk of langdurig op je apparaat wordt opgeslagen door de server van onze website. Het kan gaan om: <\/p><ul><li aria-level=\"1\"><b>sessiecookies<\/b>, die worden verwijderd wanneer je onze site verlaat;<\/li><li aria-level=\"1\"><b>permanente cookies<\/b>, die worden bewaard om je te herkennen bij je volgende bezoeken.<\/li><\/ul><p>Deze cookies bevatten meestal een identificatiecode of een code om je surfervaring te verbeteren. Ze zijn niet nominatief en maken het niet mogelijk om je persoonlijk te identificeren. Hun doel is informatie te verzamelen over je surfgedrag, zoals het aantal uitgevoerde klikken, om statistische analyses te maken en onze diensten te verbeteren.  <\/p>\t\t\t\t\t\t\t\t<\/div>\n\t\t\t\t<\/div>\n\t\t\t\t<div class=\"elementor-element elementor-element-32ab862 elementor-widget elementor-widget-heading\" data-id=\"32ab862\" data-element_type=\"widget\" data-e-type=\"widget\" data-widget_type=\"heading.default\">\n\t\t\t\t<div class=\"elementor-widget-container\">\n\t\t\t\t\t<h2 class=\"elementor-heading-title elementor-size-default\">1. Je toestemming\n<\/h2>\t\t\t\t<\/div>\n\t\t\t\t<\/div>\n\t\t\t\t<div class=\"elementor-element elementor-element-744329f elementor-widget elementor-widget-text-editor\" data-id=\"744329f\" data-element_type=\"widget\" data-e-type=\"widget\" data-widget_type=\"text-editor.default\">\n\t\t\t\t<div class=\"elementor-widget-container\">\n\t\t\t\t\t\t\t\t\t<p>Zodra je op onze site <a href=\"https:\/\/www.camping-laplage.com\/fr\">https:\/\/www.camping-laplage.com\/fr<\/a> aankomt, informeert een melding je over het gebruik van cookies. Je kunt: <\/p><ul><li aria-level=\"1\">Hun gebruik meteen <b>accepteren<\/b> of <b>weigeren<\/b>.<\/li><li aria-level=\"1\">Je voorkeuren op elk moment wijzigen door de instellingen van je browser aan te passen (bijvoorbeeld: in het tabblad &#8220;Opties&#8221; of &#8220;Voorkeuren&#8221;).<\/li><\/ul>\t\t\t\t\t\t\t\t<\/div>\n\t\t\t\t<\/div>\n\t\t\t\t<div class=\"elementor-element elementor-element-5dd97da elementor-widget elementor-widget-heading\" data-id=\"5dd97da\" data-element_type=\"widget\" data-e-type=\"widget\" data-widget_type=\"heading.default\">\n\t\t\t\t<div class=\"elementor-widget-container\">\n\t\t\t\t\t<h2 class=\"elementor-heading-title elementor-size-default\">2. Gebruik van cookies\n<\/h2>\t\t\t\t<\/div>\n\t\t\t\t<\/div>\n\t\t\t\t<div class=\"elementor-element elementor-element-fe36e18 elementor-widget elementor-widget-text-editor\" data-id=\"fe36e18\" data-element_type=\"widget\" data-e-type=\"widget\" data-widget_type=\"text-editor.default\">\n\t\t\t\t<div class=\"elementor-widget-container\">\n\t\t\t\t\t\t\t\t\t<p>De informatie die via cookies wordt verzameld, stelt ons in staat om:<\/p><ul><li aria-level=\"1\">Je parcours op onze site te analyseren om je gebruikerservaring te optimaliseren.<\/li><li aria-level=\"1\">Statistieken te maken over het websitebezoek.<\/li><li aria-level=\"1\">Je content en aanbiedingen voor te stellen die zijn afgestemd op je interesses.<\/li><\/ul><p>Sommige externe cookies, met name die van advertenties, maken het mogelijk om advertentiecampagnes te personaliseren op basis van je voorkeuren, terwijl herhaling ervan wordt beperkt.<\/p>\t\t\t\t\t\t\t\t<\/div>\n\t\t\t\t<\/div>\n\t\t\t\t<div class=\"elementor-element elementor-element-b11dfa4 elementor-widget elementor-widget-heading\" data-id=\"b11dfa4\" data-element_type=\"widget\" data-e-type=\"widget\" data-widget_type=\"heading.default\">\n\t\t\t\t<div class=\"elementor-widget-container\">\n\t\t\t\t\t<h2 class=\"elementor-heading-title elementor-size-default\">3. Surfen zonder cookies\n<\/h2>\t\t\t\t<\/div>\n\t\t\t\t<\/div>\n\t\t\t\t<div class=\"elementor-element elementor-element-515ef2d elementor-widget elementor-widget-text-editor\" data-id=\"515ef2d\" data-element_type=\"widget\" data-e-type=\"widget\" data-widget_type=\"text-editor.default\">\n\t\t\t\t<div class=\"elementor-widget-container\">\n\t\t\t\t\t\t\t\t\t<p>Het is mogelijk om onze site te gebruiken zonder cookies te accepteren. Sommige functies kunnen echter beperkt zijn of minder goed werken. <\/p>\t\t\t\t\t\t\t\t<\/div>\n\t\t\t\t<\/div>\n\t\t\t\t\t<\/div>\n\t\t\t\t<\/div>\n\t\t\t\t<\/div>\n\t\t","protected":false},"excerpt":{"rendered":"<p>Cookies &amp; trackers Tijdens je bezoek aan onze website kunnen er cookies op je apparaat worden geplaatst voor een maximale duur van 12 maanden. Deze cookies kunnen niet worden gebruikt om persoonlijke gegevens op je harde schijf op te halen, virussen te installeren, programma\u2019s uit te voeren, je e-mailadres te lezen of toegang te krijgen [&hellip;]<\/p>\n","protected":false},"author":1,"featured_media":0,"parent":0,"menu_order":0,"comment_status":"closed","ping_status":"closed","template":"","meta":{"footnotes":""},"class_list":["post-4031","page","type-page","status-publish","hentry"],"yoast_head":"<!-- This site is optimized with the Yoast SEO plugin v27.3 - https:\/\/yoast.com\/product\/yoast-seo-wordpress\/ -->\n<title>Cookies en trackers | Camping La Plage \ud83d\udca6<\/title>\n<meta name=\"description\" content=\"Informatie over het gebruik van cookies op de website van Camping La Plage.\" \/>\n<meta name=\"robots\" content=\"index, follow, max-snippet:-1, max-image-preview:large, max-video-preview:-1\" \/>\n<link rel=\"canonical\" href=\"https:\/\/www.camping-laplage.com\/nl\/cookies-trackers\/\" \/>\n<meta property=\"og:locale\" content=\"nl_NL\" \/>\n<meta property=\"og:type\" content=\"article\" \/>\n<meta property=\"og:title\" content=\"Cookies en trackers | Camping La Plage \ud83d\udca6\" \/>\n<meta property=\"og:description\" content=\"Informatie over het gebruik van cookies op de website van Camping La Plage.\" \/>\n<meta property=\"og:url\" content=\"https:\/\/www.camping-laplage.com\/nl\/cookies-trackers\/\" \/>\n<meta property=\"og:site_name\" content=\"Camping La Plage \u00e0 Meyronne\" \/>\n<meta property=\"article:publisher\" content=\"https:\/\/www.facebook.com\/campinglaplagemeyronne\/\" \/>\n<meta property=\"article:modified_time\" content=\"2026-03-30T17:38:01+00:00\" \/>\n<meta property=\"og:image\" content=\"https:\/\/www.camping-laplage.com\/wp-content\/uploads\/2025\/12\/Camping-La-Plage-a-Meyronne-dans-le-Lot-et-la-Vallee-de-Dordogne-Camping-en-bord-de-Riviere-en-Occitanie-Piscine-2.jpg\" \/>\n\t<meta property=\"og:image:width\" content=\"1200\" \/>\n\t<meta property=\"og:image:height\" content=\"900\" \/>\n\t<meta property=\"og:image:type\" content=\"image\/jpeg\" \/>\n<meta name=\"twitter:card\" content=\"summary_large_image\" \/>\n<meta name=\"twitter:label1\" content=\"Geschatte leestijd\" \/>\n\t<meta name=\"twitter:data1\" content=\"2 minuten\" \/>\n<script type=\"application\/ld+json\" class=\"yoast-schema-graph\">{\"@context\":\"https:\\\/\\\/schema.org\",\"@graph\":[{\"@type\":\"WebPage\",\"@id\":\"https:\\\/\\\/www.camping-laplage.com\\\/nl\\\/cookies-trackers\\\/\",\"url\":\"https:\\\/\\\/www.camping-laplage.com\\\/nl\\\/cookies-trackers\\\/\",\"name\":\"Cookies en trackers | Camping La Plage \ud83d\udca6\",\"isPartOf\":{\"@id\":\"https:\\\/\\\/www.camping-laplage.com\\\/nl\\\/#website\"},\"primaryImageOfPage\":{\"@id\":\"https:\\\/\\\/www.camping-laplage.com\\\/nl\\\/cookies-trackers\\\/#primaryimage\"},\"image\":{\"@id\":\"https:\\\/\\\/www.camping-laplage.com\\\/nl\\\/cookies-trackers\\\/#primaryimage\"},\"thumbnailUrl\":\"https:\\\/\\\/www.camping-laplage.com\\\/wp-content\\\/uploads\\\/2025\\\/04\\\/Camping-de-la-plage-dans-le-lot-et-la-vallee-de-dordogne-ornementation-doree.svg\",\"datePublished\":\"2025-04-24T14:15:50+00:00\",\"dateModified\":\"2026-03-30T17:38:01+00:00\",\"description\":\"Informatie over het gebruik van cookies op de website van Camping La Plage.\",\"breadcrumb\":{\"@id\":\"https:\\\/\\\/www.camping-laplage.com\\\/nl\\\/cookies-trackers\\\/#breadcrumb\"},\"inLanguage\":\"nl-NL\",\"potentialAction\":[{\"@type\":\"ReadAction\",\"target\":[\"https:\\\/\\\/www.camping-laplage.com\\\/nl\\\/cookies-trackers\\\/\"]}]},{\"@type\":\"ImageObject\",\"inLanguage\":\"nl-NL\",\"@id\":\"https:\\\/\\\/www.camping-laplage.com\\\/nl\\\/cookies-trackers\\\/#primaryimage\",\"url\":\"https:\\\/\\\/www.camping-laplage.com\\\/wp-content\\\/uploads\\\/2025\\\/04\\\/Camping-de-la-plage-dans-le-lot-et-la-vallee-de-dordogne-ornementation-doree.svg\",\"contentUrl\":\"https:\\\/\\\/www.camping-laplage.com\\\/wp-content\\\/uploads\\\/2025\\\/04\\\/Camping-de-la-plage-dans-le-lot-et-la-vallee-de-dordogne-ornementation-doree.svg\"},{\"@type\":\"BreadcrumbList\",\"@id\":\"https:\\\/\\\/www.camping-laplage.com\\\/nl\\\/cookies-trackers\\\/#breadcrumb\",\"itemListElement\":[{\"@type\":\"ListItem\",\"position\":1,\"name\":\"Accueil\",\"item\":\"https:\\\/\\\/www.camping-laplage.com\\\/nl\\\/\"},{\"@type\":\"ListItem\",\"position\":2,\"name\":\"Cookies &amp; trackers\"}]},{\"@type\":\"WebSite\",\"@id\":\"https:\\\/\\\/www.camping-laplage.com\\\/nl\\\/#website\",\"url\":\"https:\\\/\\\/www.camping-laplage.com\\\/nl\\\/\",\"name\":\"Camping La Plage \u00e0 Meyronne\",\"description\":\"Familles et couples recherchant un camping en Dordogne avec acc\u00e8s direct \u00e0 la rivi\u00e8re pr\u00e8s de Rocamadour pour des vacances nature dans le Lot.\",\"publisher\":{\"@id\":\"https:\\\/\\\/www.camping-laplage.com\\\/nl\\\/#organization\"},\"alternateName\":\"Camping La Plage situ\u00e9 au bord de la Dordogne dans le Lot \u00e0 Meyronne, pr\u00e8s de Rocamadour et du Gouffre de Padirac. Le camping propose des emplacements, des mobil-homes et un acc\u00e8s direct \u00e0 la rivi\u00e8re pour les vacances nature et les activit\u00e9s de plein air dans la Vall\u00e9e de la Dordogne.\",\"potentialAction\":[{\"@type\":\"SearchAction\",\"target\":{\"@type\":\"EntryPoint\",\"urlTemplate\":\"https:\\\/\\\/www.camping-laplage.com\\\/nl\\\/?s={search_term_string}\"},\"query-input\":{\"@type\":\"PropertyValueSpecification\",\"valueRequired\":true,\"valueName\":\"search_term_string\"}}],\"inLanguage\":\"nl-NL\"},{\"@type\":\"Organization\",\"@id\":\"https:\\\/\\\/www.camping-laplage.com\\\/nl\\\/#organization\",\"name\":\"Familles et couples recherchant un camping en Dordogne avec acc\u00e8s direct \u00e0 la rivi\u00e8re pr\u00e8s de Rocamadour pour des vacances nature dans le Lot.\",\"alternateName\":\"Camping La Plage situ\u00e9 au bord de la Dordogne dans le Lot \u00e0 Meyronne, pr\u00e8s de Rocamadour et du Gouffre de Padirac. Le camping propose des emplacements, des mobil-homes et un acc\u00e8s direct \u00e0 la rivi\u00e8re pour les vacances nature et les activit\u00e9s de plein air dans la Vall\u00e9e de la Dordogne.\",\"url\":\"https:\\\/\\\/www.camping-laplage.com\\\/nl\\\/\",\"logo\":{\"@type\":\"ImageObject\",\"inLanguage\":\"nl-NL\",\"@id\":\"https:\\\/\\\/www.camping-laplage.com\\\/nl\\\/#\\\/schema\\\/logo\\\/image\\\/\",\"url\":\"https:\\\/\\\/www.camping-laplage.com\\\/wp-content\\\/uploads\\\/2026\\\/02\\\/Camping-la-Plage-au-bord-de-la-Dordogne-Logo.svg\",\"contentUrl\":\"https:\\\/\\\/www.camping-laplage.com\\\/wp-content\\\/uploads\\\/2026\\\/02\\\/Camping-la-Plage-au-bord-de-la-Dordogne-Logo.svg\",\"width\":1125,\"height\":1124,\"caption\":\"Familles et couples recherchant un camping en Dordogne avec acc\u00e8s direct \u00e0 la rivi\u00e8re pr\u00e8s de Rocamadour pour des vacances nature dans le Lot.\"},\"image\":{\"@id\":\"https:\\\/\\\/www.camping-laplage.com\\\/nl\\\/#\\\/schema\\\/logo\\\/image\\\/\"},\"sameAs\":[\"https:\\\/\\\/www.facebook.com\\\/campinglaplagemeyronne\\\/\"]}]}<\/script>\n<!-- \/ Yoast SEO plugin. -->","yoast_head_json":{"title":"Cookies en trackers | Camping La Plage \ud83d\udca6","description":"Informatie over het gebruik van cookies op de website van Camping La Plage.","robots":{"index":"index","follow":"follow","max-snippet":"max-snippet:-1","max-image-preview":"max-image-preview:large","max-video-preview":"max-video-preview:-1"},"canonical":"https:\/\/www.camping-laplage.com\/nl\/cookies-trackers\/","og_locale":"nl_NL","og_type":"article","og_title":"Cookies en trackers | Camping La Plage \ud83d\udca6","og_description":"Informatie over het gebruik van cookies op de website van Camping La Plage.","og_url":"https:\/\/www.camping-laplage.com\/nl\/cookies-trackers\/","og_site_name":"Camping La Plage \u00e0 Meyronne","article_publisher":"https:\/\/www.facebook.com\/campinglaplagemeyronne\/","article_modified_time":"2026-03-30T17:38:01+00:00","og_image":[{"width":1200,"height":900,"url":"https:\/\/www.camping-laplage.com\/wp-content\/uploads\/2025\/12\/Camping-La-Plage-a-Meyronne-dans-le-Lot-et-la-Vallee-de-Dordogne-Camping-en-bord-de-Riviere-en-Occitanie-Piscine-2.jpg","type":"image\/jpeg"}],"twitter_card":"summary_large_image","twitter_misc":{"Geschatte leestijd":"2 minuten"},"schema":{"@context":"https:\/\/schema.org","@graph":[{"@type":"WebPage","@id":"https:\/\/www.camping-laplage.com\/nl\/cookies-trackers\/","url":"https:\/\/www.camping-laplage.com\/nl\/cookies-trackers\/","name":"Cookies en trackers | Camping La Plage \ud83d\udca6","isPartOf":{"@id":"https:\/\/www.camping-laplage.com\/nl\/#website"},"primaryImageOfPage":{"@id":"https:\/\/www.camping-laplage.com\/nl\/cookies-trackers\/#primaryimage"},"image":{"@id":"https:\/\/www.camping-laplage.com\/nl\/cookies-trackers\/#primaryimage"},"thumbnailUrl":"https:\/\/www.camping-laplage.com\/wp-content\/uploads\/2025\/04\/Camping-de-la-plage-dans-le-lot-et-la-vallee-de-dordogne-ornementation-doree.svg","datePublished":"2025-04-24T14:15:50+00:00","dateModified":"2026-03-30T17:38:01+00:00","description":"Informatie over het gebruik van cookies op de website van Camping La Plage.","breadcrumb":{"@id":"https:\/\/www.camping-laplage.com\/nl\/cookies-trackers\/#breadcrumb"},"inLanguage":"nl-NL","potentialAction":[{"@type":"ReadAction","target":["https:\/\/www.camping-laplage.com\/nl\/cookies-trackers\/"]}]},{"@type":"ImageObject","inLanguage":"nl-NL","@id":"https:\/\/www.camping-laplage.com\/nl\/cookies-trackers\/#primaryimage","url":"https:\/\/www.camping-laplage.com\/wp-content\/uploads\/2025\/04\/Camping-de-la-plage-dans-le-lot-et-la-vallee-de-dordogne-ornementation-doree.svg","contentUrl":"https:\/\/www.camping-laplage.com\/wp-content\/uploads\/2025\/04\/Camping-de-la-plage-dans-le-lot-et-la-vallee-de-dordogne-ornementation-doree.svg"},{"@type":"BreadcrumbList","@id":"https:\/\/www.camping-laplage.com\/nl\/cookies-trackers\/#breadcrumb","itemListElement":[{"@type":"ListItem","position":1,"name":"Accueil","item":"https:\/\/www.camping-laplage.com\/nl\/"},{"@type":"ListItem","position":2,"name":"Cookies &amp; trackers"}]},{"@type":"WebSite","@id":"https:\/\/www.camping-laplage.com\/nl\/#website","url":"https:\/\/www.camping-laplage.com\/nl\/","name":"Camping La Plage \u00e0 Meyronne","description":"Familles et couples recherchant un camping en Dordogne avec acc\u00e8s direct \u00e0 la rivi\u00e8re pr\u00e8s de Rocamadour pour des vacances nature dans le Lot.","publisher":{"@id":"https:\/\/www.camping-laplage.com\/nl\/#organization"},"alternateName":"Camping La Plage situ\u00e9 au bord de la Dordogne dans le Lot \u00e0 Meyronne, pr\u00e8s de Rocamadour et du Gouffre de Padirac. Le camping propose des emplacements, des mobil-homes et un acc\u00e8s direct \u00e0 la rivi\u00e8re pour les vacances nature et les activit\u00e9s de plein air dans la Vall\u00e9e de la Dordogne.","potentialAction":[{"@type":"SearchAction","target":{"@type":"EntryPoint","urlTemplate":"https:\/\/www.camping-laplage.com\/nl\/?s={search_term_string}"},"query-input":{"@type":"PropertyValueSpecification","valueRequired":true,"valueName":"search_term_string"}}],"inLanguage":"nl-NL"},{"@type":"Organization","@id":"https:\/\/www.camping-laplage.com\/nl\/#organization","name":"Familles et couples recherchant un camping en Dordogne avec acc\u00e8s direct \u00e0 la rivi\u00e8re pr\u00e8s de Rocamadour pour des vacances nature dans le Lot.","alternateName":"Camping La Plage situ\u00e9 au bord de la Dordogne dans le Lot \u00e0 Meyronne, pr\u00e8s de Rocamadour et du Gouffre de Padirac. Le camping propose des emplacements, des mobil-homes et un acc\u00e8s direct \u00e0 la rivi\u00e8re pour les vacances nature et les activit\u00e9s de plein air dans la Vall\u00e9e de la Dordogne.","url":"https:\/\/www.camping-laplage.com\/nl\/","logo":{"@type":"ImageObject","inLanguage":"nl-NL","@id":"https:\/\/www.camping-laplage.com\/nl\/#\/schema\/logo\/image\/","url":"https:\/\/www.camping-laplage.com\/wp-content\/uploads\/2026\/02\/Camping-la-Plage-au-bord-de-la-Dordogne-Logo.svg","contentUrl":"https:\/\/www.camping-laplage.com\/wp-content\/uploads\/2026\/02\/Camping-la-Plage-au-bord-de-la-Dordogne-Logo.svg","width":1125,"height":1124,"caption":"Familles et couples recherchant un camping en Dordogne avec acc\u00e8s direct \u00e0 la rivi\u00e8re pr\u00e8s de Rocamadour pour des vacances nature dans le Lot."},"image":{"@id":"https:\/\/www.camping-laplage.com\/nl\/#\/schema\/logo\/image\/"},"sameAs":["https:\/\/www.facebook.com\/campinglaplagemeyronne\/"]}]}},"_links":{"self":[{"href":"https:\/\/www.camping-laplage.com\/nl\/wp-json\/wp\/v2\/pages\/4031","targetHints":{"allow":["GET"]}}],"collection":[{"href":"https:\/\/www.camping-laplage.com\/nl\/wp-json\/wp\/v2\/pages"}],"about":[{"href":"https:\/\/www.camping-laplage.com\/nl\/wp-json\/wp\/v2\/types\/page"}],"author":[{"embeddable":true,"href":"https:\/\/www.camping-laplage.com\/nl\/wp-json\/wp\/v2\/users\/1"}],"replies":[{"embeddable":true,"href":"https:\/\/www.camping-laplage.com\/nl\/wp-json\/wp\/v2\/comments?post=4031"}],"version-history":[{"count":0,"href":"https:\/\/www.camping-laplage.com\/nl\/wp-json\/wp\/v2\/pages\/4031\/revisions"}],"wp:attachment":[{"href":"https:\/\/www.camping-laplage.com\/nl\/wp-json\/wp\/v2\/media?parent=4031"}],"curies":[{"name":"wp","href":"https:\/\/api.w.org\/{rel}","templated":true}]}}