{"id":4055,"date":"2025-04-25T13:11:17","date_gmt":"2025-04-25T13:11:17","guid":{"rendered":"https:\/\/www.camping-laplage.com\/bezoek-de-dordogne-vallei-vanaf-camping-la-plage-nabij-rocamadour-en-padirac-in-occitanie\/"},"modified":"2026-03-30T18:16:14","modified_gmt":"2026-03-30T18:16:14","slug":"bezoek-de-dordogne-vallei-vanaf-camping-la-plage-nabij-rocamadour-en-padirac-in-occitanie","status":"publish","type":"page","link":"https:\/\/www.camping-laplage.com\/nl\/bezoek-de-dordogne-vallei-vanaf-camping-la-plage-nabij-rocamadour-en-padirac-in-occitanie\/","title":{"rendered":"Bezoek de Dordogne-vallei vanaf Camping La Plage nabij Rocamadour en Padirac in Occitani\u00eb"},"content":{"rendered":"\t\t<div data-elementor-type=\"wp-page\" data-elementor-id=\"4055\" class=\"elementor elementor-4055 elementor-615\" data-elementor-post-type=\"page\">\n\t\t\t\t<div class=\"elementor-element elementor-element-273799a e-flex e-con-boxed e-con e-parent\" data-id=\"273799a\" data-element_type=\"container\" data-e-type=\"container\" data-settings=\"{&quot;background_background&quot;:&quot;classic&quot;}\">\n\t\t\t\t\t<div class=\"e-con-inner\">\n\t\t\t\t<div class=\"elementor-element elementor-element-e30f746 elementor-widget elementor-widget-heading\" data-id=\"e30f746\" data-element_type=\"widget\" data-e-type=\"widget\" data-widget_type=\"heading.default\">\n\t\t\t\t<div class=\"elementor-widget-container\">\n\t\t\t\t\t<h1 class=\"elementor-heading-title elementor-size-default\">De virtuele tour<\/h1>\t\t\t\t<\/div>\n\t\t\t\t<\/div>\n\t\t\t\t<div class=\"elementor-element elementor-element-d0a5f29 elementor-widget elementor-widget-heading\" data-id=\"d0a5f29\" data-element_type=\"widget\" data-e-type=\"widget\" data-widget_type=\"heading.default\">\n\t\t\t\t<div class=\"elementor-widget-container\">\n\t\t\t\t\t<h2 class=\"elementor-heading-title elementor-size-default\">Ontdek Camping La Plage in Meyronne<\/h2>\t\t\t\t<\/div>\n\t\t\t\t<\/div>\n\t\t\t\t\t<\/div>\n\t\t\t\t<\/div>\n\t\t<div class=\"elementor-element elementor-element-15699c5 e-flex e-con-boxed e-con e-parent\" data-id=\"15699c5\" data-element_type=\"container\" data-e-type=\"container\" data-settings=\"{&quot;background_background&quot;:&quot;classic&quot;}\">\n\t\t\t\t\t<div class=\"e-con-inner\">\n\t\t\t\t<div class=\"elementor-element elementor-element-d5f2f67 elementor-invisible elementor-widget elementor-widget-heading\" data-id=\"d5f2f67\" data-element_type=\"widget\" data-e-type=\"widget\" data-settings=\"{&quot;_animation&quot;:&quot;fadeIn&quot;}\" data-widget_type=\"heading.default\">\n\t\t\t\t<div class=\"elementor-widget-container\">\n\t\t\t\t\t<p class=\"elementor-heading-title elementor-size-default\">De virtuele tour<\/p>\t\t\t\t<\/div>\n\t\t\t\t<\/div>\n\t\t\t\t<div class=\"elementor-element elementor-element-7da28d9 elementor-invisible elementor-widget elementor-widget-heading\" data-id=\"7da28d9\" data-element_type=\"widget\" data-e-type=\"widget\" data-settings=\"{&quot;_animation&quot;:&quot;fadeIn&quot;}\" data-widget_type=\"heading.default\">\n\t\t\t\t<div class=\"elementor-widget-container\">\n\t\t\t\t\t<h2 class=\"elementor-heading-title elementor-size-default\">Activiteiten, zwemmen en ontspanning<\/h2>\t\t\t\t<\/div>\n\t\t\t\t<\/div>\n\t\t\t\t<div class=\"elementor-element elementor-element-66807cc elementor-invisible elementor-widget elementor-widget-image\" data-id=\"66807cc\" data-element_type=\"widget\" data-e-type=\"widget\" data-settings=\"{&quot;_animation&quot;:&quot;fadeIn&quot;}\" data-widget_type=\"image.default\">\n\t\t\t\t<div class=\"elementor-widget-container\">\n\t\t\t\t\t\t\t\t\t\t\t\t\t\t\t<img fetchpriority=\"high\" decoding=\"async\" width=\"500\" height=\"500\" src=\"https:\/\/www.camping-laplage.com\/wp-content\/uploads\/2025\/04\/Camping-de-la-plage-dans-le-lot-et-la-vallee-de-dordogne-ornementation-doree.svg\" class=\"attachment-large size-large wp-image-3006\" alt=\"\" \/>\t\t\t\t\t\t\t\t\t\t\t\t\t\t\t<\/div>\n\t\t\t\t<\/div>\n\t\t\t\t<div class=\"elementor-element elementor-element-9996c1a elementor-widget__width-initial elementor-widget elementor-widget-text-editor\" data-id=\"9996c1a\" data-element_type=\"widget\" data-e-type=\"widget\" data-widget_type=\"text-editor.default\">\n\t\t\t\t<div class=\"elementor-widget-container\">\n\t\t\t\t\t\t\t\t\t<div>Duik in het hart van onze <strong data-start=\"234\" data-end=\"254\">familiecamping<\/strong> aan de oever van de Dordogne en verken <strong data-start=\"287\" data-end=\"321\">Camping La Plage in Meyronne<\/strong> dankzij onze <strong data-start=\"336\" data-end=\"366\">meeslepende virtuele tour<\/strong>. Veel sprekender dan gewone foto&#8217;s, biedt het je een volledig beeld van onze <strong data-start=\"453\" data-end=\"478\">ruime staanplaatsen<\/strong>, onze <strong data-start=\"487\" data-end=\"515\">comfortabele huuraccommodaties<\/strong> en onze <strong data-start=\"528\" data-end=\"558\">directe toegang tot de Dordogne<\/strong>. <\/div><div><p data-start=\"851\" data-end=\"918\"><strong data-start=\"851\" data-end=\"918\">Veel plezier met de tour en tot snel op Camping La Plage in Meyronne!<\/strong><\/p><\/div>\t\t\t\t\t\t\t\t<\/div>\n\t\t\t\t<\/div>\n\t\t\t\t<div class=\"elementor-element elementor-element-521beb9 elementor-widget elementor-widget-html\" data-id=\"521beb9\" data-element_type=\"widget\" data-e-type=\"widget\" data-widget_type=\"html.default\">\n\t\t\t\t<div class=\"elementor-widget-container\">\n\t\t\t\t\t<iframe src=\"https:\/\/tourmkr.com\/F1vZ6eN3qb\/12474292p&amp;315.99h&amp;86.54t\" width=\"100%\" height=\"600\" frameborder=\"0\" allowfullscreen=\"\" style=\"border:0;\">\n<\/iframe>\n\t\t\t\t<\/div>\n\t\t\t\t<\/div>\n\t\t\t\t\t<\/div>\n\t\t\t\t<\/div>\n\t\t\t\t<\/div>\n\t\t","protected":false},"excerpt":{"rendered":"<p>De virtuele tour Ontdek Camping La Plage in Meyronne De virtuele tour Activiteiten, zwemmen en ontspanning Duik in het hart van onze familiecamping aan de oever van de Dordogne en verken Camping La Plage in Meyronne dankzij onze meeslepende virtuele tour. Veel sprekender dan gewone foto&#8217;s, biedt het je een volledig beeld van onze ruime [&hellip;]<\/p>\n","protected":false},"author":1,"featured_media":3029,"parent":0,"menu_order":0,"comment_status":"closed","ping_status":"closed","template":"","meta":{"footnotes":""},"class_list":["post-4055","page","type-page","status-publish","has-post-thumbnail","hentry"],"yoast_head":"<!-- This site is optimized with the Yoast SEO plugin v27.3 - https:\/\/yoast.com\/product\/yoast-seo-wordpress\/ -->\n<title>Virtuele tour camping nabij Rocamadour | Camping La Plage \ud83d\udca6<\/title>\n<meta name=\"description\" content=\"Verken Camping La Plage in Meyronne nabij Rocamadour en Padirac dankzij onze virtuele tour.\" \/>\n<meta name=\"robots\" content=\"index, follow, max-snippet:-1, max-image-preview:large, max-video-preview:-1\" \/>\n<link rel=\"canonical\" href=\"https:\/\/www.camping-laplage.com\/nl\/bezoek-de-dordogne-vallei-vanaf-camping-la-plage-nabij-rocamadour-en-padirac-in-occitanie\/\" \/>\n<meta property=\"og:locale\" content=\"nl_NL\" \/>\n<meta property=\"og:type\" content=\"article\" \/>\n<meta property=\"og:title\" content=\"Virtuele tour camping nabij Rocamadour | Camping La Plage \ud83d\udca6\" \/>\n<meta property=\"og:description\" content=\"Verken Camping La Plage in Meyronne nabij Rocamadour en Padirac dankzij onze virtuele tour.\" \/>\n<meta property=\"og:url\" content=\"https:\/\/www.camping-laplage.com\/nl\/bezoek-de-dordogne-vallei-vanaf-camping-la-plage-nabij-rocamadour-en-padirac-in-occitanie\/\" \/>\n<meta property=\"og:site_name\" content=\"Camping La Plage \u00e0 Meyronne\" \/>\n<meta property=\"article:publisher\" content=\"https:\/\/www.facebook.com\/campinglaplagemeyronne\/\" \/>\n<meta property=\"article:modified_time\" content=\"2026-03-30T18:16:14+00:00\" \/>\n<meta property=\"og:image\" content=\"https:\/\/www.camping-laplage.com\/wp-content\/uploads\/2025\/04\/Accueil-camping-cars-dans-Le-Lot-Camping-La-Plage-a-Meyronne-dans-le-Lot-et-la-Vallee-de-Dordogne-Camping-en-bord-de-Riviere-en-Occitanie-4.webp\" \/>\n\t<meta property=\"og:image:width\" content=\"800\" \/>\n\t<meta property=\"og:image:height\" content=\"600\" \/>\n\t<meta property=\"og:image:type\" content=\"image\/webp\" \/>\n<meta name=\"twitter:card\" content=\"summary_large_image\" \/>\n<script type=\"application\/ld+json\" class=\"yoast-schema-graph\">{\"@context\":\"https:\\\/\\\/schema.org\",\"@graph\":[{\"@type\":\"WebPage\",\"@id\":\"https:\\\/\\\/www.camping-laplage.com\\\/nl\\\/bezoek-de-dordogne-vallei-vanaf-camping-la-plage-nabij-rocamadour-en-padirac-in-occitanie\\\/\",\"url\":\"https:\\\/\\\/www.camping-laplage.com\\\/nl\\\/bezoek-de-dordogne-vallei-vanaf-camping-la-plage-nabij-rocamadour-en-padirac-in-occitanie\\\/\",\"name\":\"Virtuele tour camping nabij Rocamadour | Camping La Plage \ud83d\udca6\",\"isPartOf\":{\"@id\":\"https:\\\/\\\/www.camping-laplage.com\\\/nl\\\/#website\"},\"primaryImageOfPage\":{\"@id\":\"https:\\\/\\\/www.camping-laplage.com\\\/nl\\\/bezoek-de-dordogne-vallei-vanaf-camping-la-plage-nabij-rocamadour-en-padirac-in-occitanie\\\/#primaryimage\"},\"image\":{\"@id\":\"https:\\\/\\\/www.camping-laplage.com\\\/nl\\\/bezoek-de-dordogne-vallei-vanaf-camping-la-plage-nabij-rocamadour-en-padirac-in-occitanie\\\/#primaryimage\"},\"thumbnailUrl\":\"https:\\\/\\\/www.camping-laplage.com\\\/wp-content\\\/uploads\\\/2025\\\/04\\\/Accueil-camping-cars-dans-Le-Lot-Camping-La-Plage-a-Meyronne-dans-le-Lot-et-la-Vallee-de-Dordogne-Camping-en-bord-de-Riviere-en-Occitanie-4.webp\",\"datePublished\":\"2025-04-25T13:11:17+00:00\",\"dateModified\":\"2026-03-30T18:16:14+00:00\",\"description\":\"Verken Camping La Plage in Meyronne nabij Rocamadour en Padirac dankzij onze virtuele tour.\",\"breadcrumb\":{\"@id\":\"https:\\\/\\\/www.camping-laplage.com\\\/nl\\\/bezoek-de-dordogne-vallei-vanaf-camping-la-plage-nabij-rocamadour-en-padirac-in-occitanie\\\/#breadcrumb\"},\"inLanguage\":\"nl-NL\",\"potentialAction\":[{\"@type\":\"ReadAction\",\"target\":[\"https:\\\/\\\/www.camping-laplage.com\\\/nl\\\/bezoek-de-dordogne-vallei-vanaf-camping-la-plage-nabij-rocamadour-en-padirac-in-occitanie\\\/\"]}]},{\"@type\":\"ImageObject\",\"inLanguage\":\"nl-NL\",\"@id\":\"https:\\\/\\\/www.camping-laplage.com\\\/nl\\\/bezoek-de-dordogne-vallei-vanaf-camping-la-plage-nabij-rocamadour-en-padirac-in-occitanie\\\/#primaryimage\",\"url\":\"https:\\\/\\\/www.camping-laplage.com\\\/wp-content\\\/uploads\\\/2025\\\/04\\\/Accueil-camping-cars-dans-Le-Lot-Camping-La-Plage-a-Meyronne-dans-le-Lot-et-la-Vallee-de-Dordogne-Camping-en-bord-de-Riviere-en-Occitanie-4.webp\",\"contentUrl\":\"https:\\\/\\\/www.camping-laplage.com\\\/wp-content\\\/uploads\\\/2025\\\/04\\\/Accueil-camping-cars-dans-Le-Lot-Camping-La-Plage-a-Meyronne-dans-le-Lot-et-la-Vallee-de-Dordogne-Camping-en-bord-de-Riviere-en-Occitanie-4.webp\",\"width\":800,\"height\":600},{\"@type\":\"BreadcrumbList\",\"@id\":\"https:\\\/\\\/www.camping-laplage.com\\\/nl\\\/bezoek-de-dordogne-vallei-vanaf-camping-la-plage-nabij-rocamadour-en-padirac-in-occitanie\\\/#breadcrumb\",\"itemListElement\":[{\"@type\":\"ListItem\",\"position\":1,\"name\":\"Accueil\",\"item\":\"https:\\\/\\\/www.camping-laplage.com\\\/nl\\\/\"},{\"@type\":\"ListItem\",\"position\":2,\"name\":\"Bezoek de Dordogne-vallei vanaf Camping La Plage nabij Rocamadour en Padirac in Occitani\u00eb\"}]},{\"@type\":\"WebSite\",\"@id\":\"https:\\\/\\\/www.camping-laplage.com\\\/nl\\\/#website\",\"url\":\"https:\\\/\\\/www.camping-laplage.com\\\/nl\\\/\",\"name\":\"Camping La Plage \u00e0 Meyronne\",\"description\":\"Familles et couples recherchant un camping en Dordogne avec acc\u00e8s direct \u00e0 la rivi\u00e8re pr\u00e8s de Rocamadour pour des vacances nature dans le Lot.\",\"publisher\":{\"@id\":\"https:\\\/\\\/www.camping-laplage.com\\\/nl\\\/#organization\"},\"alternateName\":\"Camping La Plage situ\u00e9 au bord de la Dordogne dans le Lot \u00e0 Meyronne, pr\u00e8s de Rocamadour et du Gouffre de Padirac. Le camping propose des emplacements, des mobil-homes et un acc\u00e8s direct \u00e0 la rivi\u00e8re pour les vacances nature et les activit\u00e9s de plein air dans la Vall\u00e9e de la Dordogne.\",\"potentialAction\":[{\"@type\":\"SearchAction\",\"target\":{\"@type\":\"EntryPoint\",\"urlTemplate\":\"https:\\\/\\\/www.camping-laplage.com\\\/nl\\\/?s={search_term_string}\"},\"query-input\":{\"@type\":\"PropertyValueSpecification\",\"valueRequired\":true,\"valueName\":\"search_term_string\"}}],\"inLanguage\":\"nl-NL\"},{\"@type\":\"Organization\",\"@id\":\"https:\\\/\\\/www.camping-laplage.com\\\/nl\\\/#organization\",\"name\":\"Familles et couples recherchant un camping en Dordogne avec acc\u00e8s direct \u00e0 la rivi\u00e8re pr\u00e8s de Rocamadour pour des vacances nature dans le Lot.\",\"alternateName\":\"Camping La Plage situ\u00e9 au bord de la Dordogne dans le Lot \u00e0 Meyronne, pr\u00e8s de Rocamadour et du Gouffre de Padirac. Le camping propose des emplacements, des mobil-homes et un acc\u00e8s direct \u00e0 la rivi\u00e8re pour les vacances nature et les activit\u00e9s de plein air dans la Vall\u00e9e de la Dordogne.\",\"url\":\"https:\\\/\\\/www.camping-laplage.com\\\/nl\\\/\",\"logo\":{\"@type\":\"ImageObject\",\"inLanguage\":\"nl-NL\",\"@id\":\"https:\\\/\\\/www.camping-laplage.com\\\/nl\\\/#\\\/schema\\\/logo\\\/image\\\/\",\"url\":\"https:\\\/\\\/www.camping-laplage.com\\\/wp-content\\\/uploads\\\/2026\\\/02\\\/Camping-la-Plage-au-bord-de-la-Dordogne-Logo.svg\",\"contentUrl\":\"https:\\\/\\\/www.camping-laplage.com\\\/wp-content\\\/uploads\\\/2026\\\/02\\\/Camping-la-Plage-au-bord-de-la-Dordogne-Logo.svg\",\"width\":1125,\"height\":1124,\"caption\":\"Familles et couples recherchant un camping en Dordogne avec acc\u00e8s direct \u00e0 la rivi\u00e8re pr\u00e8s de Rocamadour pour des vacances nature dans le Lot.\"},\"image\":{\"@id\":\"https:\\\/\\\/www.camping-laplage.com\\\/nl\\\/#\\\/schema\\\/logo\\\/image\\\/\"},\"sameAs\":[\"https:\\\/\\\/www.facebook.com\\\/campinglaplagemeyronne\\\/\"]}]}<\/script>\n<!-- \/ Yoast SEO plugin. -->","yoast_head_json":{"title":"Virtuele tour camping nabij Rocamadour | Camping La Plage \ud83d\udca6","description":"Verken Camping La Plage in Meyronne nabij Rocamadour en Padirac dankzij onze virtuele tour.","robots":{"index":"index","follow":"follow","max-snippet":"max-snippet:-1","max-image-preview":"max-image-preview:large","max-video-preview":"max-video-preview:-1"},"canonical":"https:\/\/www.camping-laplage.com\/nl\/bezoek-de-dordogne-vallei-vanaf-camping-la-plage-nabij-rocamadour-en-padirac-in-occitanie\/","og_locale":"nl_NL","og_type":"article","og_title":"Virtuele tour camping nabij Rocamadour | Camping La Plage \ud83d\udca6","og_description":"Verken Camping La Plage in Meyronne nabij Rocamadour en Padirac dankzij onze virtuele tour.","og_url":"https:\/\/www.camping-laplage.com\/nl\/bezoek-de-dordogne-vallei-vanaf-camping-la-plage-nabij-rocamadour-en-padirac-in-occitanie\/","og_site_name":"Camping La Plage \u00e0 Meyronne","article_publisher":"https:\/\/www.facebook.com\/campinglaplagemeyronne\/","article_modified_time":"2026-03-30T18:16:14+00:00","og_image":[{"width":800,"height":600,"url":"https:\/\/www.camping-laplage.com\/wp-content\/uploads\/2025\/04\/Accueil-camping-cars-dans-Le-Lot-Camping-La-Plage-a-Meyronne-dans-le-Lot-et-la-Vallee-de-Dordogne-Camping-en-bord-de-Riviere-en-Occitanie-4.webp","type":"image\/webp"}],"twitter_card":"summary_large_image","schema":{"@context":"https:\/\/schema.org","@graph":[{"@type":"WebPage","@id":"https:\/\/www.camping-laplage.com\/nl\/bezoek-de-dordogne-vallei-vanaf-camping-la-plage-nabij-rocamadour-en-padirac-in-occitanie\/","url":"https:\/\/www.camping-laplage.com\/nl\/bezoek-de-dordogne-vallei-vanaf-camping-la-plage-nabij-rocamadour-en-padirac-in-occitanie\/","name":"Virtuele tour camping nabij Rocamadour | Camping La Plage \ud83d\udca6","isPartOf":{"@id":"https:\/\/www.camping-laplage.com\/nl\/#website"},"primaryImageOfPage":{"@id":"https:\/\/www.camping-laplage.com\/nl\/bezoek-de-dordogne-vallei-vanaf-camping-la-plage-nabij-rocamadour-en-padirac-in-occitanie\/#primaryimage"},"image":{"@id":"https:\/\/www.camping-laplage.com\/nl\/bezoek-de-dordogne-vallei-vanaf-camping-la-plage-nabij-rocamadour-en-padirac-in-occitanie\/#primaryimage"},"thumbnailUrl":"https:\/\/www.camping-laplage.com\/wp-content\/uploads\/2025\/04\/Accueil-camping-cars-dans-Le-Lot-Camping-La-Plage-a-Meyronne-dans-le-Lot-et-la-Vallee-de-Dordogne-Camping-en-bord-de-Riviere-en-Occitanie-4.webp","datePublished":"2025-04-25T13:11:17+00:00","dateModified":"2026-03-30T18:16:14+00:00","description":"Verken Camping La Plage in Meyronne nabij Rocamadour en Padirac dankzij onze virtuele tour.","breadcrumb":{"@id":"https:\/\/www.camping-laplage.com\/nl\/bezoek-de-dordogne-vallei-vanaf-camping-la-plage-nabij-rocamadour-en-padirac-in-occitanie\/#breadcrumb"},"inLanguage":"nl-NL","potentialAction":[{"@type":"ReadAction","target":["https:\/\/www.camping-laplage.com\/nl\/bezoek-de-dordogne-vallei-vanaf-camping-la-plage-nabij-rocamadour-en-padirac-in-occitanie\/"]}]},{"@type":"ImageObject","inLanguage":"nl-NL","@id":"https:\/\/www.camping-laplage.com\/nl\/bezoek-de-dordogne-vallei-vanaf-camping-la-plage-nabij-rocamadour-en-padirac-in-occitanie\/#primaryimage","url":"https:\/\/www.camping-laplage.com\/wp-content\/uploads\/2025\/04\/Accueil-camping-cars-dans-Le-Lot-Camping-La-Plage-a-Meyronne-dans-le-Lot-et-la-Vallee-de-Dordogne-Camping-en-bord-de-Riviere-en-Occitanie-4.webp","contentUrl":"https:\/\/www.camping-laplage.com\/wp-content\/uploads\/2025\/04\/Accueil-camping-cars-dans-Le-Lot-Camping-La-Plage-a-Meyronne-dans-le-Lot-et-la-Vallee-de-Dordogne-Camping-en-bord-de-Riviere-en-Occitanie-4.webp","width":800,"height":600},{"@type":"BreadcrumbList","@id":"https:\/\/www.camping-laplage.com\/nl\/bezoek-de-dordogne-vallei-vanaf-camping-la-plage-nabij-rocamadour-en-padirac-in-occitanie\/#breadcrumb","itemListElement":[{"@type":"ListItem","position":1,"name":"Accueil","item":"https:\/\/www.camping-laplage.com\/nl\/"},{"@type":"ListItem","position":2,"name":"Bezoek de Dordogne-vallei vanaf Camping La Plage nabij Rocamadour en Padirac in Occitani\u00eb"}]},{"@type":"WebSite","@id":"https:\/\/www.camping-laplage.com\/nl\/#website","url":"https:\/\/www.camping-laplage.com\/nl\/","name":"Camping La Plage \u00e0 Meyronne","description":"Familles et couples recherchant un camping en Dordogne avec acc\u00e8s direct \u00e0 la rivi\u00e8re pr\u00e8s de Rocamadour pour des vacances nature dans le Lot.","publisher":{"@id":"https:\/\/www.camping-laplage.com\/nl\/#organization"},"alternateName":"Camping La Plage situ\u00e9 au bord de la Dordogne dans le Lot \u00e0 Meyronne, pr\u00e8s de Rocamadour et du Gouffre de Padirac. Le camping propose des emplacements, des mobil-homes et un acc\u00e8s direct \u00e0 la rivi\u00e8re pour les vacances nature et les activit\u00e9s de plein air dans la Vall\u00e9e de la Dordogne.","potentialAction":[{"@type":"SearchAction","target":{"@type":"EntryPoint","urlTemplate":"https:\/\/www.camping-laplage.com\/nl\/?s={search_term_string}"},"query-input":{"@type":"PropertyValueSpecification","valueRequired":true,"valueName":"search_term_string"}}],"inLanguage":"nl-NL"},{"@type":"Organization","@id":"https:\/\/www.camping-laplage.com\/nl\/#organization","name":"Familles et couples recherchant un camping en Dordogne avec acc\u00e8s direct \u00e0 la rivi\u00e8re pr\u00e8s de Rocamadour pour des vacances nature dans le Lot.","alternateName":"Camping La Plage situ\u00e9 au bord de la Dordogne dans le Lot \u00e0 Meyronne, pr\u00e8s de Rocamadour et du Gouffre de Padirac. Le camping propose des emplacements, des mobil-homes et un acc\u00e8s direct \u00e0 la rivi\u00e8re pour les vacances nature et les activit\u00e9s de plein air dans la Vall\u00e9e de la Dordogne.","url":"https:\/\/www.camping-laplage.com\/nl\/","logo":{"@type":"ImageObject","inLanguage":"nl-NL","@id":"https:\/\/www.camping-laplage.com\/nl\/#\/schema\/logo\/image\/","url":"https:\/\/www.camping-laplage.com\/wp-content\/uploads\/2026\/02\/Camping-la-Plage-au-bord-de-la-Dordogne-Logo.svg","contentUrl":"https:\/\/www.camping-laplage.com\/wp-content\/uploads\/2026\/02\/Camping-la-Plage-au-bord-de-la-Dordogne-Logo.svg","width":1125,"height":1124,"caption":"Familles et couples recherchant un camping en Dordogne avec acc\u00e8s direct \u00e0 la rivi\u00e8re pr\u00e8s de Rocamadour pour des vacances nature dans le Lot."},"image":{"@id":"https:\/\/www.camping-laplage.com\/nl\/#\/schema\/logo\/image\/"},"sameAs":["https:\/\/www.facebook.com\/campinglaplagemeyronne\/"]}]}},"_links":{"self":[{"href":"https:\/\/www.camping-laplage.com\/nl\/wp-json\/wp\/v2\/pages\/4055","targetHints":{"allow":["GET"]}}],"collection":[{"href":"https:\/\/www.camping-laplage.com\/nl\/wp-json\/wp\/v2\/pages"}],"about":[{"href":"https:\/\/www.camping-laplage.com\/nl\/wp-json\/wp\/v2\/types\/page"}],"author":[{"embeddable":true,"href":"https:\/\/www.camping-laplage.com\/nl\/wp-json\/wp\/v2\/users\/1"}],"replies":[{"embeddable":true,"href":"https:\/\/www.camping-laplage.com\/nl\/wp-json\/wp\/v2\/comments?post=4055"}],"version-history":[{"count":0,"href":"https:\/\/www.camping-laplage.com\/nl\/wp-json\/wp\/v2\/pages\/4055\/revisions"}],"wp:featuredmedia":[{"embeddable":true,"href":"https:\/\/www.camping-laplage.com\/nl\/wp-json\/wp\/v2\/media\/3029"}],"wp:attachment":[{"href":"https:\/\/www.camping-laplage.com\/nl\/wp-json\/wp\/v2\/media?parent=4055"}],"curies":[{"name":"wp","href":"https:\/\/api.w.org\/{rel}","templated":true}]}}